{"id":1175,"date":"2024-02-21T02:58:55","date_gmt":"2024-02-21T02:58:55","guid":{"rendered":"https:\/\/aquahealthproducts.com\/?page_id=1175"},"modified":"2025-03-06T08:57:40","modified_gmt":"2025-03-06T08:57:40","slug":"depannage","status":"publish","type":"page","link":"https:\/\/aquahealthproducts.com\/fr\/depannage\/","title":{"rendered":"FAQ &#038; d\u00e9pannage"},"content":{"rendered":"\t\t<div data-elementor-type=\"wp-page\" data-elementor-id=\"1175\" class=\"elementor elementor-1175\" data-elementor-post-type=\"page\">\n\t\t\t\t<div data-particle_enable=\"false\" data-particle-mobile-disabled=\"false\" class=\"elementor-element elementor-element-cec0b19 e-flex e-con-boxed e-con e-parent\" data-id=\"cec0b19\" data-element_type=\"container\" data-settings=\"{&quot;background_background&quot;:&quot;classic&quot;}\">\n\t\t\t\t\t<div class=\"e-con-inner\">\n\t\t\t\t<div class=\"elementor-element elementor-element-c7974fe elementor-widget elementor-widget-heading\" data-id=\"c7974fe\" data-element_type=\"widget\" data-widget_type=\"heading.default\">\n\t\t\t\t<div class=\"elementor-widget-container\">\n\t\t\t\t\t<h1 class=\"elementor-heading-title elementor-size-default\">FAQ &#038; d\u00e9pannage<\/h1>\t\t\t\t<\/div>\n\t\t\t\t<\/div>\n\t\t\t\t\t<\/div>\n\t\t\t\t<\/div>\n\t\t<div data-particle_enable=\"false\" data-particle-mobile-disabled=\"false\" class=\"elementor-element elementor-element-644159a e-grid e-con-boxed e-con e-parent\" data-id=\"644159a\" data-element_type=\"container\">\n\t\t\t\t\t<div class=\"e-con-inner\">\n\t\t<a class=\"eael-wrapper-link-8873456 --eael-wrapper-link-tag\" href=\"https:\/\/aquahealthproducts.com\/depannage\/faq#1\"><\/a><div data-eael-wrapper-link=\"eael-wrapper-link-8873456\" data-particle_enable=\"false\" data-particle-mobile-disabled=\"false\" class=\"elementor-element elementor-element-8873456 e-con-full e-flex e-con e-child\" data-id=\"8873456\" data-element_type=\"container\">\n\t\t\t\t<div class=\"elementor-element elementor-element-3c464e1 elementor-widget elementor-widget-image\" data-id=\"3c464e1\" data-element_type=\"widget\" data-widget_type=\"image.default\">\n\t\t\t\t<div class=\"elementor-widget-container\">\n\t\t\t\t\t\t\t\t\t\t\t\t\t\t\t<img decoding=\"async\" width=\"100\" height=\"100\" src=\"https:\/\/aquahealthproducts.com\/wp-content\/uploads\/2024\/02\/icon-BERKEY-FILTERS.svg\" class=\"attachment-large size-large wp-image-1446\" alt=\"icon-BERKEY-FILTERS\" \/>\t\t\t\t\t\t\t\t\t\t\t\t\t\t\t<\/div>\n\t\t\t\t<\/div>\n\t\t\t\t<div class=\"elementor-element elementor-element-9d564c2 elementor-widget elementor-widget-heading\" data-id=\"9d564c2\" data-element_type=\"widget\" data-widget_type=\"heading.default\">\n\t\t\t\t<div class=\"elementor-widget-container\">\n\t\t\t\t\t<h3 class=\"elementor-heading-title elementor-size-default\">EAU PURIFI\u00c9E<\/h3>\t\t\t\t<\/div>\n\t\t\t\t<\/div>\n\t\t\t\t<\/div>\n\t\t<a class=\"eael-wrapper-link-b7831c5 --eael-wrapper-link-tag\" href=\"https:\/\/aquahealthproducts.com\/depannage\/faq#2\"><\/a><div data-eael-wrapper-link=\"eael-wrapper-link-b7831c5\" data-particle_enable=\"false\" data-particle-mobile-disabled=\"false\" class=\"elementor-element elementor-element-b7831c5 e-con-full e-flex e-con e-child\" data-id=\"b7831c5\" data-element_type=\"container\">\n\t\t\t\t<div class=\"elementor-element elementor-element-c48d4e0 elementor-widget elementor-widget-image\" data-id=\"c48d4e0\" data-element_type=\"widget\" data-widget_type=\"image.default\">\n\t\t\t\t<div class=\"elementor-widget-container\">\n\t\t\t\t\t\t\t\t\t\t\t\t\t\t\t<img decoding=\"async\" width=\"100\" height=\"100\" src=\"https:\/\/aquahealthproducts.com\/wp-content\/uploads\/2024\/02\/icon-ALKALINE.svg\" class=\"attachment-large size-large wp-image-1444\" alt=\"icon-ALKALINE\" \/>\t\t\t\t\t\t\t\t\t\t\t\t\t\t\t<\/div>\n\t\t\t\t<\/div>\n\t\t\t\t<div class=\"elementor-element elementor-element-bb470e5 elementor-widget elementor-widget-heading\" data-id=\"bb470e5\" data-element_type=\"widget\" data-widget_type=\"heading.default\">\n\t\t\t\t<div class=\"elementor-widget-container\">\n\t\t\t\t\t<h3 class=\"elementor-heading-title elementor-size-default\">EAU ALCALINE<\/h3>\t\t\t\t<\/div>\n\t\t\t\t<\/div>\n\t\t\t\t<\/div>\n\t\t<a class=\"eael-wrapper-link-bce0c51 --eael-wrapper-link-tag\" href=\"https:\/\/aquahealthproducts.com\/depannage\/faq#3\"><\/a><div data-eael-wrapper-link=\"eael-wrapper-link-bce0c51\" data-particle_enable=\"false\" data-particle-mobile-disabled=\"false\" class=\"elementor-element elementor-element-bce0c51 e-con-full e-flex e-con e-child\" data-id=\"bce0c51\" data-element_type=\"container\">\n\t\t\t\t<div class=\"elementor-element elementor-element-a081e97 elementor-widget elementor-widget-image\" data-id=\"a081e97\" data-element_type=\"widget\" data-widget_type=\"image.default\">\n\t\t\t\t<div class=\"elementor-widget-container\">\n\t\t\t\t\t\t\t\t\t\t\t\t\t\t\t<img decoding=\"async\" width=\"100\" height=\"100\" src=\"https:\/\/aquahealthproducts.com\/wp-content\/uploads\/2024\/02\/icon-VORTEXED-WATER.svg\" class=\"attachment-large size-large wp-image-1462\" alt=\"icon-VORTEXED-WATER\" \/>\t\t\t\t\t\t\t\t\t\t\t\t\t\t\t<\/div>\n\t\t\t\t<\/div>\n\t\t\t\t<div class=\"elementor-element elementor-element-8f41c21 elementor-widget elementor-widget-heading\" data-id=\"8f41c21\" data-element_type=\"widget\" data-widget_type=\"heading.default\">\n\t\t\t\t<div class=\"elementor-widget-container\">\n\t\t\t\t\t<h3 class=\"elementor-heading-title elementor-size-default\">EAU STRUCTUR\u00c9E<\/h3>\t\t\t\t<\/div>\n\t\t\t\t<\/div>\n\t\t\t\t<\/div>\n\t\t<a class=\"eael-wrapper-link-619ad4a --eael-wrapper-link-tag\" href=\"https:\/\/aquahealthproducts.com\/depannage\/faq#4\"><\/a><div data-eael-wrapper-link=\"eael-wrapper-link-619ad4a\" data-particle_enable=\"false\" data-particle-mobile-disabled=\"false\" class=\"elementor-element elementor-element-619ad4a e-con-full e-flex e-con e-child\" data-id=\"619ad4a\" data-element_type=\"container\">\n\t\t\t\t<div class=\"elementor-element elementor-element-e9b00d6 elementor-widget elementor-widget-image\" data-id=\"e9b00d6\" data-element_type=\"widget\" data-widget_type=\"image.default\">\n\t\t\t\t<div class=\"elementor-widget-container\">\n\t\t\t\t\t\t\t\t\t\t\t\t\t\t\t<img loading=\"lazy\" decoding=\"async\" width=\"100\" height=\"100\" src=\"https:\/\/aquahealthproducts.com\/wp-content\/uploads\/2024\/02\/icon-ORDERS.svg\" class=\"attachment-large size-large wp-image-1452\" alt=\"icon-ORDERS\" \/>\t\t\t\t\t\t\t\t\t\t\t\t\t\t\t<\/div>\n\t\t\t\t<\/div>\n\t\t\t\t<div class=\"elementor-element elementor-element-f73de11 elementor-widget elementor-widget-heading\" data-id=\"f73de11\" data-element_type=\"widget\" data-widget_type=\"heading.default\">\n\t\t\t\t<div class=\"elementor-widget-container\">\n\t\t\t\t\t<h3 class=\"elementor-heading-title elementor-size-default\">COMMANDES<\/h3>\t\t\t\t<\/div>\n\t\t\t\t<\/div>\n\t\t\t\t<\/div>\n\t\t<a class=\"eael-wrapper-link-2ce98f2 --eael-wrapper-link-tag\" href=\"https:\/\/aquahealthproducts.com\/depannage\/faq#5\"><\/a><div data-eael-wrapper-link=\"eael-wrapper-link-2ce98f2\" data-particle_enable=\"false\" data-particle-mobile-disabled=\"false\" class=\"elementor-element elementor-element-2ce98f2 e-con-full e-flex e-con e-child\" data-id=\"2ce98f2\" data-element_type=\"container\">\n\t\t\t\t<div class=\"elementor-element elementor-element-3f79108 elementor-widget elementor-widget-image\" data-id=\"3f79108\" data-element_type=\"widget\" data-widget_type=\"image.default\">\n\t\t\t\t<div class=\"elementor-widget-container\">\n\t\t\t\t\t\t\t\t\t\t\t\t\t\t\t<img loading=\"lazy\" decoding=\"async\" width=\"100\" height=\"100\" src=\"https:\/\/aquahealthproducts.com\/wp-content\/uploads\/2024\/02\/icon-SHIPPING-RETURNS.svg\" class=\"attachment-large size-large wp-image-1456\" alt=\"\" \/>\t\t\t\t\t\t\t\t\t\t\t\t\t\t\t<\/div>\n\t\t\t\t<\/div>\n\t\t\t\t<div class=\"elementor-element elementor-element-fc52d00 elementor-widget elementor-widget-heading\" data-id=\"fc52d00\" data-element_type=\"widget\" data-widget_type=\"heading.default\">\n\t\t\t\t<div class=\"elementor-widget-container\">\n\t\t\t\t\t<h3 class=\"elementor-heading-title elementor-size-default\">LIVRAISON &amp; RETOURS<\/h3>\t\t\t\t<\/div>\n\t\t\t\t<\/div>\n\t\t\t\t<\/div>\n\t\t<a class=\"eael-wrapper-link-5899f51 --eael-wrapper-link-tag\" href=\"https:\/\/aquahealthproducts.com\/depannage\/faq#6\"><\/a><div data-eael-wrapper-link=\"eael-wrapper-link-5899f51\" data-particle_enable=\"false\" data-particle-mobile-disabled=\"false\" class=\"elementor-element elementor-element-5899f51 e-con-full e-flex e-con e-child\" data-id=\"5899f51\" data-element_type=\"container\">\n\t\t\t\t<div class=\"elementor-element elementor-element-b0f0ecc elementor-widget elementor-widget-image\" data-id=\"b0f0ecc\" data-element_type=\"widget\" data-widget_type=\"image.default\">\n\t\t\t\t<div class=\"elementor-widget-container\">\n\t\t\t\t\t\t\t\t\t\t\t\t\t\t\t<img loading=\"lazy\" decoding=\"async\" width=\"100\" height=\"100\" src=\"https:\/\/aquahealthproducts.com\/wp-content\/uploads\/2024\/02\/icon-PAYMENT.svg\" class=\"attachment-large size-large wp-image-1454\" alt=\"icon-PAYMENT\" \/>\t\t\t\t\t\t\t\t\t\t\t\t\t\t\t<\/div>\n\t\t\t\t<\/div>\n\t\t\t\t<div class=\"elementor-element elementor-element-cb4bd79 elementor-widget elementor-widget-heading\" data-id=\"cb4bd79\" data-element_type=\"widget\" data-widget_type=\"heading.default\">\n\t\t\t\t<div class=\"elementor-widget-container\">\n\t\t\t\t\t<h3 class=\"elementor-heading-title elementor-size-default\">PAIEMENTS<\/h3>\t\t\t\t<\/div>\n\t\t\t\t<\/div>\n\t\t\t\t<\/div>\n\t\t<a class=\"eael-wrapper-link-1d934e9 --eael-wrapper-link-tag\" href=\"https:\/\/aquahealthproducts.com\/depannage\/faq#7\"><\/a><div data-eael-wrapper-link=\"eael-wrapper-link-1d934e9\" data-particle_enable=\"false\" data-particle-mobile-disabled=\"false\" class=\"elementor-element elementor-element-1d934e9 e-con-full e-flex e-con e-child\" data-id=\"1d934e9\" data-element_type=\"container\">\n\t\t\t\t<div class=\"elementor-element elementor-element-f844ae7 elementor-widget elementor-widget-image\" data-id=\"f844ae7\" data-element_type=\"widget\" data-widget_type=\"image.default\">\n\t\t\t\t<div class=\"elementor-widget-container\">\n\t\t\t\t\t\t\t\t\t\t\t\t\t\t\t<img loading=\"lazy\" decoding=\"async\" width=\"100\" height=\"100\" src=\"https:\/\/aquahealthproducts.com\/wp-content\/uploads\/2024\/02\/icon-TECHNICAL-SUPPORT.svg\" class=\"attachment-large size-large wp-image-1460\" alt=\"icon-TECHNICAL-SUPPORT\" \/>\t\t\t\t\t\t\t\t\t\t\t\t\t\t\t<\/div>\n\t\t\t\t<\/div>\n\t\t\t\t<div class=\"elementor-element elementor-element-1cc3454 elementor-widget elementor-widget-heading\" data-id=\"1cc3454\" data-element_type=\"widget\" data-widget_type=\"heading.default\">\n\t\t\t\t<div class=\"elementor-widget-container\">\n\t\t\t\t\t<h3 class=\"elementor-heading-title elementor-size-default\">SUPPORT TECHNIQUE<\/h3>\t\t\t\t<\/div>\n\t\t\t\t<\/div>\n\t\t\t\t<\/div>\n\t\t<a class=\"eael-wrapper-link-9f1803b --eael-wrapper-link-tag\" href=\"https:\/\/aquahealthproducts.com\/depannage\/faq#8\"><\/a><div data-eael-wrapper-link=\"eael-wrapper-link-9f1803b\" data-particle_enable=\"false\" data-particle-mobile-disabled=\"false\" class=\"elementor-element elementor-element-9f1803b e-con-full e-flex e-con e-child\" data-id=\"9f1803b\" data-element_type=\"container\">\n\t\t\t\t<div class=\"elementor-element elementor-element-6a1d2fd elementor-widget elementor-widget-image\" data-id=\"6a1d2fd\" data-element_type=\"widget\" data-widget_type=\"image.default\">\n\t\t\t\t<div class=\"elementor-widget-container\">\n\t\t\t\t\t\t\t\t\t\t\t\t\t\t\t<img loading=\"lazy\" decoding=\"async\" width=\"100\" height=\"100\" src=\"https:\/\/aquahealthproducts.com\/wp-content\/uploads\/2024\/02\/icon-ABOUT-US.svg\" class=\"attachment-large size-large wp-image-1440\" alt=\"icon-ABOUT-US\" \/>\t\t\t\t\t\t\t\t\t\t\t\t\t\t\t<\/div>\n\t\t\t\t<\/div>\n\t\t\t\t<div class=\"elementor-element elementor-element-45a5fd9 elementor-widget elementor-widget-heading\" data-id=\"45a5fd9\" data-element_type=\"widget\" data-widget_type=\"heading.default\">\n\t\t\t\t<div class=\"elementor-widget-container\">\n\t\t\t\t\t<h3 class=\"elementor-heading-title elementor-size-default\">\u00c0 PROPOS<\/h3>\t\t\t\t<\/div>\n\t\t\t\t<\/div>\n\t\t\t\t<\/div>\n\t\t<a class=\"eael-wrapper-link-61cef15 --eael-wrapper-link-tag\" href=\"https:\/\/aquahealthproducts.com\/depannage\/faq#9\"><\/a><div data-eael-wrapper-link=\"eael-wrapper-link-61cef15\" data-particle_enable=\"false\" data-particle-mobile-disabled=\"false\" class=\"elementor-element elementor-element-61cef15 e-con-full e-flex e-con e-child\" data-id=\"61cef15\" data-element_type=\"container\">\n\t\t\t\t<div class=\"elementor-element elementor-element-7464285 elementor-widget elementor-widget-image\" data-id=\"7464285\" data-element_type=\"widget\" data-widget_type=\"image.default\">\n\t\t\t\t<div class=\"elementor-widget-container\">\n\t\t\t\t\t\t\t\t\t\t\t\t\t\t\t<img loading=\"lazy\" decoding=\"async\" width=\"100\" height=\"100\" src=\"https:\/\/aquahealthproducts.com\/wp-content\/uploads\/2024\/02\/icon-CONTACT-US.svg\" class=\"attachment-large size-large wp-image-1450\" alt=\"\" \/>\t\t\t\t\t\t\t\t\t\t\t\t\t\t\t<\/div>\n\t\t\t\t<\/div>\n\t\t\t\t<div class=\"elementor-element elementor-element-8124ee6 elementor-widget elementor-widget-heading\" data-id=\"8124ee6\" data-element_type=\"widget\" data-widget_type=\"heading.default\">\n\t\t\t\t<div class=\"elementor-widget-container\">\n\t\t\t\t\t<h3 class=\"elementor-heading-title elementor-size-default\"><a href=\"https:\/\/aquahealthproducts.com\/contact\/\">NOUS JOINDRE<\/a><\/h3>\t\t\t\t<\/div>\n\t\t\t\t<\/div>\n\t\t\t\t<\/div>\n\t\t\t\t\t<\/div>\n\t\t\t\t<\/div>\n\t\t<div data-particle_enable=\"false\" data-particle-mobile-disabled=\"false\" class=\"elementor-element elementor-element-fb15943 e-flex e-con-boxed e-con e-parent\" data-id=\"fb15943\" data-element_type=\"container\" data-settings=\"{&quot;background_background&quot;:&quot;classic&quot;}\">\n\t\t\t\t\t<div class=\"e-con-inner\">\n\t\t<div data-particle_enable=\"false\" data-particle-mobile-disabled=\"false\" class=\"elementor-element elementor-element-d6a3752 e-con-full e-flex e-con e-child\" data-id=\"d6a3752\" data-element_type=\"container\">\n\t\t\t\t<div class=\"elementor-element elementor-element-952c9b4 elementor-widget elementor-widget-image\" data-id=\"952c9b4\" data-element_type=\"widget\" data-widget_type=\"image.default\">\n\t\t\t\t<div class=\"elementor-widget-container\">\n\t\t\t\t\t\t\t\t\t\t\t\t\t\t\t<img loading=\"lazy\" decoding=\"async\" width=\"300\" height=\"300\" src=\"https:\/\/aquahealthproducts.com\/wp-content\/uploads\/2023\/05\/testimonial-image@2x.png\" class=\"attachment-large size-large wp-image-101\" alt=\"testimonial-image@2x\" srcset=\"https:\/\/aquahealthproducts.com\/wp-content\/uploads\/2023\/05\/testimonial-image@2x.png 300w, https:\/\/aquahealthproducts.com\/wp-content\/uploads\/2023\/05\/testimonial-image@2x-100x100.png 100w, https:\/\/aquahealthproducts.com\/wp-content\/uploads\/2023\/05\/testimonial-image@2x-150x150.png 150w\" sizes=\"(max-width: 300px) 100vw, 300px\" \/>\t\t\t\t\t\t\t\t\t\t\t\t\t\t\t<\/div>\n\t\t\t\t<\/div>\n\t\t\t\t<\/div>\n\t\t<div data-particle_enable=\"false\" data-particle-mobile-disabled=\"false\" class=\"elementor-element elementor-element-4c5f7ab e-con-full e-flex e-con e-child\" data-id=\"4c5f7ab\" data-element_type=\"container\">\n\t\t\t\t<div class=\"elementor-element elementor-element-89a4173 elementor-widget elementor-widget-heading\" data-id=\"89a4173\" data-element_type=\"widget\" data-widget_type=\"heading.default\">\n\t\t\t\t<div class=\"elementor-widget-container\">\n\t\t\t\t\t<h3 class=\"elementor-heading-title elementor-size-default\">Offrez-vous de l'eau pure et la tranquilit\u00e9 d'esprit<\/h3>\t\t\t\t<\/div>\n\t\t\t\t<\/div>\n\t\t\t\t<div class=\"elementor-element elementor-element-916155a elementor-widget elementor-widget-button\" data-id=\"916155a\" data-element_type=\"widget\" data-widget_type=\"button.default\">\n\t\t\t\t<div class=\"elementor-widget-container\">\n\t\t\t\t\t\t\t\t\t<div class=\"elementor-button-wrapper\">\n\t\t\t\t\t<a class=\"elementor-button elementor-button-link elementor-size-sm\" href=\"https:\/\/aquahealthproducts.com\/boutique\/\">\n\t\t\t\t\t\t<span class=\"elementor-button-content-wrapper\">\n\t\t\t\t\t\t\t\t\t<span class=\"elementor-button-text\">Magasiner maintenant<\/span>\n\t\t\t\t\t<\/span>\n\t\t\t\t\t<\/a>\n\t\t\t\t<\/div>\n\t\t\t\t\t\t\t\t<\/div>\n\t\t\t\t<\/div>\n\t\t\t\t<\/div>\n\t\t\t\t\t<\/div>\n\t\t\t\t<\/div>\n\t\t\t\t<\/div>\n\t\t","protected":false},"excerpt":{"rendered":"<p>EAU PURIFI\u00c9E EAU ALCALINE EAU STRUCTUR\u00c9E COMMANDES LIVRAISON &amp; RETOURS PAIEMENTS SUPPORT TECHNIQUE \u00c0 PROPOS NOUS JOINDRE Offrez-vous de l&rsquo;eau pure et la tranquilit\u00e9 d&rsquo;esprit Magasiner maintenant<\/p>\n","protected":false},"author":1,"featured_media":0,"parent":0,"menu_order":0,"comment_status":"closed","ping_status":"closed","template":"","meta":{"_acf_changed":false,"_monsterinsights_skip_tracking":false,"_monsterinsights_sitenote_active":false,"_monsterinsights_sitenote_note":"","_monsterinsights_sitenote_category":0,"footnotes":""},"class_list":["post-1175","page","type-page","status-publish","hentry"],"acf":[],"_links":{"self":[{"href":"https:\/\/aquahealthproducts.com\/fr\/wp-json\/wp\/v2\/pages\/1175","targetHints":{"allow":["GET"]}}],"collection":[{"href":"https:\/\/aquahealthproducts.com\/fr\/wp-json\/wp\/v2\/pages"}],"about":[{"href":"https:\/\/aquahealthproducts.com\/fr\/wp-json\/wp\/v2\/types\/page"}],"author":[{"embeddable":true,"href":"https:\/\/aquahealthproducts.com\/fr\/wp-json\/wp\/v2\/users\/1"}],"replies":[{"embeddable":true,"href":"https:\/\/aquahealthproducts.com\/fr\/wp-json\/wp\/v2\/comments?post=1175"}],"version-history":[{"count":0,"href":"https:\/\/aquahealthproducts.com\/fr\/wp-json\/wp\/v2\/pages\/1175\/revisions"}],"wp:attachment":[{"href":"https:\/\/aquahealthproducts.com\/fr\/wp-json\/wp\/v2\/media?parent=1175"}],"curies":[{"name":"wp","href":"https:\/\/api.w.org\/{rel}","templated":true}]}}