{"id":15456,"date":"2025-11-10T12:05:04","date_gmt":"2025-11-10T12:05:04","guid":{"rendered":"https:\/\/aquahealthproducts.com\/programme-daffiliation\/affiliate-login-portal\/"},"modified":"2025-11-11T07:07:20","modified_gmt":"2025-11-11T07:07:20","slug":"se-connecter","status":"publish","type":"page","link":"https:\/\/aquahealthproducts.com\/fr\/programme-daffiliation\/se-connecter\/","title":{"rendered":"Se connecter"},"content":{"rendered":"\t\t<div data-elementor-type=\"wp-page\" data-elementor-id=\"15456\" class=\"elementor elementor-15456 elementor-15351\" data-elementor-post-type=\"page\">\n\t\t\t\t<div data-particle_enable=\"false\" data-particle-mobile-disabled=\"false\" class=\"elementor-element elementor-element-baaf2f8 e-flex e-con-boxed e-con e-parent\" data-id=\"baaf2f8\" data-element_type=\"container\" data-settings=\"{&quot;background_background&quot;:&quot;classic&quot;}\">\n\t\t\t\t\t<div class=\"e-con-inner\">\n\t\t\t\t<div class=\"elementor-element elementor-element-3d3f4b5 elementor-widget elementor-widget-heading\" data-id=\"3d3f4b5\" data-element_type=\"widget\" data-widget_type=\"heading.default\">\n\t\t\t\t<div class=\"elementor-widget-container\">\n\t\t\t\t\t<h1 class=\"elementor-heading-title elementor-size-default\">Programme d\u2019affiliation\n<\/h1>\t\t\t\t<\/div>\n\t\t\t\t<\/div>\n\t\t\t\t\t<\/div>\n\t\t\t\t<\/div>\n\t\t<div data-particle_enable=\"false\" data-particle-mobile-disabled=\"false\" class=\"elementor-element elementor-element-5ab15f7 e-flex e-con-boxed e-con e-parent\" data-id=\"5ab15f7\" data-element_type=\"container\" data-settings=\"{&quot;background_background&quot;:&quot;classic&quot;}\">\n\t\t\t\t\t<div class=\"e-con-inner\">\n\t\t<div data-particle_enable=\"false\" data-particle-mobile-disabled=\"false\" class=\"elementor-element elementor-element-0f1a931 e-con-full e-flex e-con e-child\" data-id=\"0f1a931\" data-element_type=\"container\">\n\t\t\t\t<div class=\"elementor-element elementor-element-a09b33e elementor-widget elementor-widget-heading\" data-id=\"a09b33e\" data-element_type=\"widget\" data-widget_type=\"heading.default\">\n\t\t\t\t<div class=\"elementor-widget-container\">\n\t\t\t\t\t<h2 class=\"elementor-heading-title elementor-size-default\">\u00cates-vous d\u00e9j\u00e0 affili\u00e9-e AQUA SANT\u00c9 ?\n<\/h2>\t\t\t\t<\/div>\n\t\t\t\t<\/div>\n\t\t\t\t<div class=\"elementor-element elementor-element-46073dd elementor-widget elementor-widget-heading\" data-id=\"46073dd\" data-element_type=\"widget\" data-widget_type=\"heading.default\">\n\t\t\t\t<div class=\"elementor-widget-container\">\n\t\t\t\t\t<h1 class=\"elementor-heading-title elementor-size-default\">Se connecter<\/h1>\t\t\t\t<\/div>\n\t\t\t\t<\/div>\n\t\t\t\t<div class=\"elementor-element elementor-element-9e62dcf custom-form elementor-widget__width-inherit elementor-widget elementor-widget-shortcode\" data-id=\"9e62dcf\" data-element_type=\"widget\" data-widget_type=\"shortcode.default\">\n\t\t\t\t<div class=\"elementor-widget-container\">\n\t\t\t\t\t\t\t<div class=\"elementor-shortcode\">\n<form id=\"affwp-login-form-5908\" class=\"affwp-form affwp-login-form\" action=\"\" method=\"post\">\n\t\n\t<fieldset>\n\t\t<legend>Connectez-vous \u00e0 votre compte<\/legend>\n\n\t\t\n\t\t<p>\n\t\t\t<label for=\"affwp-login-user-login\">Identifiant<\/label>\n\t\t\t<input id=\"affwp-login-user-login\" class=\"required\" type=\"text\" name=\"affwp_user_login\" title=\"Identifiant\" \/>\n\t\t<\/p>\n\n\t\t<p>\n\t\t\t<label for=\"affwp-login-user-pass\">Mot de passe<\/label>\n\t\t\t<input id=\"affwp-login-user-pass\" class=\"password required\" type=\"password\" name=\"affwp_user_pass\" \/>\n\t\t<\/p>\n\n\t\t<p>\n\t\t\t<label class=\"affwp-user-remember\" for=\"affwp-user-remember\">\n\t\t\t\t<input id=\"affwp-user-remember\" type=\"checkbox\" name=\"affwp_user_remember\" value=\"1\" \/> Se souvenir de moi\t\t\t<\/label>\n\t\t<\/p>\n\n\n\t\t<p>\n\t\t\t<input type=\"hidden\" name=\"affwp_redirect\" value=\"\/fr\/affiliate-dashboard\/\"\/>\n\t\t\t<input type=\"hidden\" name=\"affwp_login_nonce\" value=\"b966534eb5\" \/>\n\t\t\t<input type=\"hidden\" name=\"affwp_action\" value=\"user_login\" \/>\n\n\t\t\t<input type=\"submit\" class=\"button\" value=\"Connexion\" \/>\t\t<\/p>\n\n\t\t<p class=\"affwp-lost-password\">\n\t\t\t<a href=\"https:\/\/aquahealthproducts.com\/fr\/mon-compte\/mdp-oublie\/\">Mot de passe oubli\u00e9\u00a0?<\/a>\n\t\t<\/p>\n\n\t\t\t<\/fieldset>\n\n\t<\/form>\n<\/div>\n\t\t\t\t\t\t<\/div>\n\t\t\t\t<\/div>\n\t\t\t\t<\/div>\n\t\t<div data-particle_enable=\"false\" data-particle-mobile-disabled=\"false\" class=\"elementor-element elementor-element-5ac6fde e-con-full e-flex e-con e-child\" data-id=\"5ac6fde\" data-element_type=\"container\">\n\t\t\t\t<div class=\"elementor-element elementor-element-fc20964 elementor-widget elementor-widget-heading\" data-id=\"fc20964\" data-element_type=\"widget\" data-widget_type=\"heading.default\">\n\t\t\t\t<div class=\"elementor-widget-container\">\n\t\t\t\t\t<h2 class=\"elementor-heading-title elementor-size-default\">Souhaitez-vous devenir affili\u00e9-e AQUA SANT\u00c9 ?\n<\/h2>\t\t\t\t<\/div>\n\t\t\t\t<\/div>\n\t\t\t\t<div class=\"elementor-element elementor-element-d30b30e elementor-widget elementor-widget-text-editor\" data-id=\"d30b30e\" data-element_type=\"widget\" data-widget_type=\"text-editor.default\">\n\t\t\t\t<div class=\"elementor-widget-container\">\n\t\t\t\t\t\t\t\t\tSi vous souhaitez faire d\u00e9couvrir des produits de qualit\u00e9 \u00e0 une audience qui vous fait confiance et qui cherche des solutions \u00e9prouv\u00e9es pour am\u00e9liorer leur eau de consommation, le programme d\u2019affiliation AQUA SANT\u00c9 est une excellente fa\u00e7on de transformer vos recommandations en revenus!\n\t\t\t\t\t\t\t\t<\/div>\n\t\t\t\t<\/div>\n\t\t\t\t<div class=\"elementor-element elementor-element-54a242f elementor-widget elementor-widget-text-editor\" data-id=\"54a242f\" data-element_type=\"widget\" data-widget_type=\"text-editor.default\">\n\t\t\t\t<div class=\"elementor-widget-container\">\n\t\t\t\t\t\t\t\t\tProfessionnels de la sant\u00e9, influenceurs bien-\u00eatre et passionn\u00e9s de vie saine, vous \u00eates au bon endroit!\n\t\t\t\t\t\t\t\t<\/div>\n\t\t\t\t<\/div>\n\t\t<div data-particle_enable=\"false\" data-particle-mobile-disabled=\"false\" class=\"elementor-element elementor-element-1369f52 e-con-full e-flex e-con e-child\" data-id=\"1369f52\" data-element_type=\"container\">\n\t\t\t\t<div class=\"elementor-element elementor-element-7952127 elementor-align-justify elementor-widget__width-initial elementor-widget elementor-widget-button\" data-id=\"7952127\" data-element_type=\"widget\" data-widget_type=\"button.default\">\n\t\t\t\t<div class=\"elementor-widget-container\">\n\t\t\t\t\t\t\t\t\t<div class=\"elementor-button-wrapper\">\n\t\t\t\t\t<a class=\"elementor-button elementor-button-link elementor-size-sm\" href=\"\/fr\/programme-daffiliation\/\">\n\t\t\t\t\t\t<span class=\"elementor-button-content-wrapper\">\n\t\t\t\t\t\t\t\t\t<span class=\"elementor-button-text\">En savoir plus<\/span>\n\t\t\t\t\t<\/span>\n\t\t\t\t\t<\/a>\n\t\t\t\t<\/div>\n\t\t\t\t\t\t\t\t<\/div>\n\t\t\t\t<\/div>\n\t\t\t\t<div class=\"elementor-element elementor-element-dcae876 elementor-align-justify elementor-widget__width-initial elementor-widget elementor-widget-button\" data-id=\"dcae876\" data-element_type=\"widget\" data-widget_type=\"button.default\">\n\t\t\t\t<div class=\"elementor-widget-container\">\n\t\t\t\t\t\t\t\t\t<div class=\"elementor-button-wrapper\">\n\t\t\t\t\t<a class=\"elementor-button elementor-button-link elementor-size-sm\" href=\"\/fr\/programme-daffiliation\/inscription\/\">\n\t\t\t\t\t\t<span class=\"elementor-button-content-wrapper\">\n\t\t\t\t\t\t\t\t\t<span class=\"elementor-button-text\">S\u2019inscrire<\/span>\n\t\t\t\t\t<\/span>\n\t\t\t\t\t<\/a>\n\t\t\t\t<\/div>\n\t\t\t\t\t\t\t\t<\/div>\n\t\t\t\t<\/div>\n\t\t\t\t<\/div>\n\t\t\t\t<\/div>\n\t\t\t\t\t<\/div>\n\t\t\t\t<\/div>\n\t\t\t\t<\/div>\n\t\t","protected":false},"excerpt":{"rendered":"<p>Programme d\u2019affiliation \u00cates-vous d\u00e9j\u00e0 affili\u00e9-e AQUA SANT\u00c9 ? Se connecter Vous \u00eates d\u00e9j\u00e0 connect\u00e9! Aller au tableau de bord Souhaitez-vous devenir affili\u00e9-e AQUA SANT\u00c9 ? Si vous souhaitez faire d\u00e9couvrir des produits de qualit\u00e9 \u00e0 une audience qui vous fait confiance et qui cherche des solutions \u00e9prouv\u00e9es pour am\u00e9liorer leur eau de consommation, le programme [&hellip;]<\/p>\n","protected":false},"author":5390,"featured_media":0,"parent":9203,"menu_order":0,"comment_status":"closed","ping_status":"closed","template":"","meta":{"_acf_changed":false,"_monsterinsights_skip_tracking":false,"_monsterinsights_sitenote_active":false,"_monsterinsights_sitenote_note":"","_monsterinsights_sitenote_category":0,"footnotes":""},"class_list":["post-15456","page","type-page","status-publish","hentry"],"acf":[],"_links":{"self":[{"href":"https:\/\/aquahealthproducts.com\/fr\/wp-json\/wp\/v2\/pages\/15456","targetHints":{"allow":["GET"]}}],"collection":[{"href":"https:\/\/aquahealthproducts.com\/fr\/wp-json\/wp\/v2\/pages"}],"about":[{"href":"https:\/\/aquahealthproducts.com\/fr\/wp-json\/wp\/v2\/types\/page"}],"author":[{"embeddable":true,"href":"https:\/\/aquahealthproducts.com\/fr\/wp-json\/wp\/v2\/users\/5390"}],"replies":[{"embeddable":true,"href":"https:\/\/aquahealthproducts.com\/fr\/wp-json\/wp\/v2\/comments?post=15456"}],"version-history":[{"count":19,"href":"https:\/\/aquahealthproducts.com\/fr\/wp-json\/wp\/v2\/pages\/15456\/revisions"}],"predecessor-version":[{"id":15476,"href":"https:\/\/aquahealthproducts.com\/fr\/wp-json\/wp\/v2\/pages\/15456\/revisions\/15476"}],"up":[{"embeddable":true,"href":"https:\/\/aquahealthproducts.com\/fr\/wp-json\/wp\/v2\/pages\/9203"}],"wp:attachment":[{"href":"https:\/\/aquahealthproducts.com\/fr\/wp-json\/wp\/v2\/media?parent=15456"}],"curies":[{"name":"wp","href":"https:\/\/api.w.org\/{rel}","templated":true}]}}