{"id":15478,"date":"2025-11-10T12:02:39","date_gmt":"2025-11-10T12:02:39","guid":{"rendered":"https:\/\/aquahealthproducts.com\/programme-daffiliation\/affiliate-registration-portal\/"},"modified":"2025-11-11T10:15:01","modified_gmt":"2025-11-11T10:15:01","slug":"inscription","status":"publish","type":"page","link":"https:\/\/aquahealthproducts.com\/fr\/programme-daffiliation\/inscription\/","title":{"rendered":"Inscription"},"content":{"rendered":"\t\t<div data-elementor-type=\"wp-page\" data-elementor-id=\"15478\" class=\"elementor elementor-15478 elementor-15348\" data-elementor-post-type=\"page\">\n\t\t\t\t<div data-particle_enable=\"false\" data-particle-mobile-disabled=\"false\" class=\"elementor-element elementor-element-6dd95ae e-flex e-con-boxed e-con e-parent\" data-id=\"6dd95ae\" data-element_type=\"container\" data-settings=\"{&quot;background_background&quot;:&quot;classic&quot;}\">\n\t\t\t\t\t<div class=\"e-con-inner\">\n\t\t<div data-particle_enable=\"false\" data-particle-mobile-disabled=\"false\" class=\"elementor-element elementor-element-282b52b e-con-full e-flex e-con e-child\" data-id=\"282b52b\" data-element_type=\"container\">\n\t\t<div data-particle_enable=\"false\" data-particle-mobile-disabled=\"false\" class=\"elementor-element elementor-element-fcaf477 e-con-full e-flex e-con e-child\" data-id=\"fcaf477\" data-element_type=\"container\" data-settings=\"{&quot;sticky&quot;:&quot;top&quot;,&quot;sticky_on&quot;:[&quot;desktop&quot;],&quot;sticky_offset&quot;:120,&quot;sticky_parent&quot;:&quot;yes&quot;,&quot;sticky_effects_offset&quot;:0,&quot;sticky_anchor_link_offset&quot;:0}\">\n\t\t\t\t<div class=\"elementor-element elementor-element-4c1de73 elementor-widget elementor-widget-heading\" data-id=\"4c1de73\" data-element_type=\"widget\" data-widget_type=\"heading.default\">\n\t\t\t\t<div class=\"elementor-widget-container\">\n\t\t\t\t\t<h1 class=\"elementor-heading-title elementor-size-default\">Rejoignez le programme d\u2019affiliation AQUA SANT\u00c9!<\/h1>\t\t\t\t<\/div>\n\t\t\t\t<\/div>\n\t\t\t\t<div class=\"elementor-element elementor-element-54beb3c elementor-widget elementor-widget-text-editor\" data-id=\"54beb3c\" data-element_type=\"widget\" data-widget_type=\"text-editor.default\">\n\t\t\t\t<div class=\"elementor-widget-container\">\n\t\t\t\t\t\t\t\t\t<p>Faites d\u00e9couvrir les bienfaits d\u2019une eau pure et revitalis\u00e9e autour de vous et soyez r\u00e9compens\u00e9-e! En tant qu\u2019affili\u00e9-e AQUA SANT\u00c9, vous toucherez une commission pour chaque client-e que vous nous r\u00e9f\u00e9rez. Gr\u00e2ce \u00e0 votre tableau de bord, vous aurez acc\u00e8s \u00e0 vos liens personnalis\u00e9s, un suivi de vos r\u00e9sultats, ainsi qu\u2019\u00e0 des outils et conseils pour vous accompagner dans vos efforts de promotion. C\u2019est simple, avantageux et gratuit!<\/p>\t\t\t\t\t\t\t\t<\/div>\n\t\t\t\t<\/div>\n\t\t\t\t<div class=\"elementor-element elementor-element-6d3532e elementor-icon-list--layout-inline elementor-list-item-link-full_width elementor-widget elementor-widget-icon-list\" data-id=\"6d3532e\" data-element_type=\"widget\" data-widget_type=\"icon-list.default\">\n\t\t\t\t<div class=\"elementor-widget-container\">\n\t\t\t\t\t\t\t<ul class=\"elementor-icon-list-items elementor-inline-items\">\n\t\t\t\t\t\t\t<li class=\"elementor-icon-list-item elementor-inline-item\">\n\t\t\t\t\t\t\t\t\t\t<span class=\"elementor-icon-list-text\">Besoin d'aide ?<\/span>\n\t\t\t\t\t\t\t\t\t<\/li>\n\t\t\t\t\t\t\t\t<li class=\"elementor-icon-list-item elementor-inline-item\">\n\t\t\t\t\t\t\t\t\t\t\t<a href=\"https:\/\/aquahealthproducts.com\/contact\/\">\n\n\t\t\t\t\t\t\t\t\t\t\t<span class=\"elementor-icon-list-text\">Contactez-nous. <\/span>\n\t\t\t\t\t\t\t\t\t\t\t<\/a>\n\t\t\t\t\t\t\t\t\t<\/li>\n\t\t\t\t\t\t<\/ul>\n\t\t\t\t\t\t<\/div>\n\t\t\t\t<\/div>\n\t\t\t\t<div class=\"elementor-element elementor-element-94abe55 elementor-widget elementor-widget-image\" data-id=\"94abe55\" data-element_type=\"widget\" data-widget_type=\"image.default\">\n\t\t\t\t<div class=\"elementor-widget-container\">\n\t\t\t\t\t\t\t\t\t\t\t\t\t\t\t<img fetchpriority=\"high\" decoding=\"async\" width=\"200\" height=\"300\" src=\"https:\/\/aquahealthproducts.com\/wp-content\/uploads\/2025\/11\/ChatGPT-Image-May-9-2025-11_57_42-PM-1-1-200x300.png\" class=\"attachment-medium size-medium wp-image-15482\" alt=\"\" srcset=\"https:\/\/aquahealthproducts.com\/wp-content\/uploads\/2025\/11\/ChatGPT-Image-May-9-2025-11_57_42-PM-1-1-200x300.png 200w, https:\/\/aquahealthproducts.com\/wp-content\/uploads\/2025\/11\/ChatGPT-Image-May-9-2025-11_57_42-PM-1-1-683x1024.png 683w, https:\/\/aquahealthproducts.com\/wp-content\/uploads\/2025\/11\/ChatGPT-Image-May-9-2025-11_57_42-PM-1-1-768x1152.png 768w, https:\/\/aquahealthproducts.com\/wp-content\/uploads\/2025\/11\/ChatGPT-Image-May-9-2025-11_57_42-PM-1-1-300x450.png 300w, https:\/\/aquahealthproducts.com\/wp-content\/uploads\/2025\/11\/ChatGPT-Image-May-9-2025-11_57_42-PM-1-1.png 1024w\" sizes=\"(max-width: 200px) 100vw, 200px\" \/>\t\t\t\t\t\t\t\t\t\t\t\t\t\t\t<\/div>\n\t\t\t\t<\/div>\n\t\t\t\t<\/div>\n\t\t\t\t<\/div>\n\t\t<div data-particle_enable=\"false\" data-particle-mobile-disabled=\"false\" class=\"elementor-element elementor-element-1b64d3c e-con-full e-flex e-con e-child\" data-id=\"1b64d3c\" data-element_type=\"container\">\n\t\t<div data-particle_enable=\"false\" data-particle-mobile-disabled=\"false\" class=\"elementor-element elementor-element-cac3f48 e-con-full e-flex e-con e-child\" data-id=\"cac3f48\" data-element_type=\"container\">\n\t\t<div data-particle_enable=\"false\" data-particle-mobile-disabled=\"false\" class=\"elementor-element elementor-element-243427e e-con-full e-flex e-con e-child\" data-id=\"243427e\" data-element_type=\"container\">\n\t\t\t\t<div class=\"elementor-element elementor-element-3d2689a custom-form elementor-widget elementor-widget-shortcode\" data-id=\"3d2689a\" data-element_type=\"widget\" data-widget_type=\"shortcode.default\">\n\t\t\t\t<div class=\"elementor-widget-container\">\n\t\t\t\t\t\t\t<div class=\"elementor-shortcode\">\n<form id=\"affwp-register-form-8133\" class=\"affwp-form affwp-register-form\" action=\"\" method=\"post\">\n\t\n\t<fieldset>\n\t\t<legend>Enregistrer un nouveau compte d\u2019affiliation<\/legend>\n\n\t\t\n\t\t<p>\n\t\t\t<label for=\"affwp-user-name\">Nom complet<\/label>\n\t\t\t<input id=\"affwp-user-name\" type=\"text\" name=\"affwp_user_name\" value=\"\" title=\"Nom complet\"  required='required' \/>\n\t\t<\/p>\n\n\t\t<p>\n\t\t\t<label for=\"affwp-user-login\">Identifiant<\/label>\n\t\t\t<input id=\"affwp-user-login\" required=\"required\" type=\"text\" name=\"affwp_user_login\" maxlength=\"60\" value=\"\" title=\"Identifiant\" \/>\n\t\t<\/p>\n\n\t\t<p>\n\t\t\t<label for=\"affwp-user-email\">Email du compte<\/label>\n\t\t\t<input id=\"affwp-user-email\" required=\"required\" type=\"email\" name=\"affwp_user_email\" value=\"\" title=\"Adresse email\" \/>\n\t\t<\/p>\n\n\t\t<p>\n\t\t\t<label for=\"affwp-payment-email\">Email de paiement<\/label>\n\t\t\t<input id=\"affwp-payment-email\" type=\"email\" name=\"affwp_payment_email\" value=\"\" title=\"Adresse de messagerie de paiement\" required='required' \/>\n\t\t<\/p>\n\n\t\t<p>\n\t\t\t<label for=\"affwp-user-url\">URL du site<\/label>\n\t\t\t<input id=\"affwp-user-url\" type=\"text\" name=\"affwp_user_url\" value=\"\" title=\"URL du site\"  \/>\n\t\t<\/p>\n\n\t\t<p>\n\t\t\t<label for=\"affwp-promotion-method\">Comment planifiez-vous nous promouvoir?<\/label>\n\t\t\t<textarea id=\"affwp-promotion-method\" name=\"affwp_promotion_method\" rows=\"5\" cols=\"30\" required='required'><\/textarea>\n\t\t<\/p>\n\n\t\t\n\t\t\t<p>\n\t\t\t\t<label for=\"affwp-user-pass\">Mot de passe<\/label>\n\t\t\t\t<input id=\"affwp-user-pass\" required=\"required\" class=\"password\" type=\"password\" name=\"affwp_user_pass\" \/>\n\t\t\t<\/p>\n\n\t\t\t<p>\n\t\t\t\t<label for=\"affwp-user-pass2\">Confirmation du mot de passe<\/label>\n\t\t\t\t<input id=\"affwp-user-pass2\" required=\"required\" class=\"password\" type=\"password\" name=\"affwp_user_pass2\" \/>\n\t\t\t<\/p>\n\n\t\t\n\t\t\n\t\t\t\t\t\t\t<p>\n\t\t\t\t<label class=\"affwp-tos\" for=\"affwp-tos\">\n\t\t\t\t\t<input id=\"affwp-tos\" required=\"required\" type=\"checkbox\" name=\"affwp_tos\" \/>\n\t\t\t\t\t<a href=\"https:\/\/aquahealthproducts.com\/affiliate-program\/affiliate-program-terms-and-conditions\/\" target=\"_blank\">Agree to our Terms of Use and Privacy Policy<\/a>\n\t\t\t\t<\/label>\n\t\t\t<\/p>\n\t\t\n\t\t\n\t\t<p>\n\t\t\t<input type=\"hidden\" name=\"affwp_honeypot\" value=\"\" \/>\n\t\t\t<input type=\"hidden\" name=\"affwp_redirect\" value=\"https:\/\/stage6.fayyazfreelancer.com\/affiliate-dashboard\/\"\/>\n\t\t\t<input type=\"hidden\" name=\"affwp_register_nonce\" value=\"af942e76c2\" \/>\n\t\t\t<input type=\"hidden\" name=\"affwp_action\" value=\"affiliate_register\" \/>\n\n\t\t\t\t\t\n\t\t<input type=\"hidden\" name=\"g-recaptcha-remoteip\" value=\"216.73.216.182\" \/>\n\n\t\t\t\t\t<input type=\"hidden\" name=\"affwp_post_id\" value=\"15478\" \/>\n\t\t\t<input type=\"hidden\" name=\"g-recaptcha-response\" id=\"g-recaptcha-response-8133\" value=\"\" \/>\n\n\t\t\t<input class=\"button g-recaptcha\"\n\t\t\t\t\tdata-sitekey=\"6Ldiz5cpAAAAAOcDyPYCbI3DGBlN5bJU0oCP42VQ\"\n\t\t\t\t\tdata-callback=\"onRegisterSubmit_8133\"\n\t\t\t\t\ttype=\"submit\"\n\t\t\t\t\tdata-action=\"affiliate_register_15478\"\n\t\t\t\t\tvalue=\"Inscription\" \/>\n\n\t\t\t<script>\n\t\t\tfunction onRegisterSubmit_8133(token) {\n\t\t\t\t\/\/ Primary form ID - try exact match first\n\t\t\t\tlet form = document.getElementById(\"affwp-register-form-8133\");\n\n\t\t\t\t\/\/ Fallback: if exact form not found, search for any matching registration form\n\t\t\t\tif (!form) {\n\t\t\t\t\tconst forms = document.querySelectorAll('form[id^=\"affwp-register-form-\"]');\n\t\t\t\t\tif (forms.length > 0) {\n\t\t\t\t\t\tform = forms[0]; \/\/ Use the first matching form\n\t\t\t\t\t}\n\t\t\t\t}\n\n\t\t\t\tconst tokenField = document.getElementById(\"g-recaptcha-response-8133\");\n\n\t\t\t\tif (!form || !tokenField) {\n\t\t\t\t\treturn;\n\t\t\t\t}\n\n\t\t\t\t\/\/ Set the token\n\t\t\t\ttokenField.value = token;\n\n\t\t\t\t\/\/ Check form validity and submit\n\t\t\t\tif (form.checkValidity()) {\n\t\t\t\t\tform.submit();\n\t\t\t\t\treturn;\n\t\t\t\t}\n\n\t\t\t\t\/\/ Reset reCAPTCHA if form validation failed\n\t\t\t\tif (typeof grecaptcha !== \"undefined\" && grecaptcha.reset) {\n\t\t\t\t\tconst submitButton = form.querySelector(\".g-recaptcha[data-callback=\\\"onRegisterSubmit_8133\\\"]\");\n\t\t\t\t\tif (submitButton && submitButton.hasAttribute(\"data-recaptcha-widget-id\")) {\n\t\t\t\t\t\tconst widgetId = parseInt(submitButton.getAttribute(\"data-recaptcha-widget-id\"));\n\t\t\t\t\t\tgrecaptcha.reset(widgetId);\n\t\t\t\t\t}\n\t\t\t\t}\n\n\t\t\t\t\/\/ Show validation errors\n\t\t\t\tform.reportValidity();\n\t\t\t}\n\t\t\t<\/script>\n\t\t\t\t\t\t<\/p>\n\n\t\t\t<\/fieldset>\n\n\t<\/form>\n<\/div>\n\t\t\t\t\t\t<\/div>\n\t\t\t\t<\/div>\n\t\t\t\t<\/div>\n\t\t\t\t<\/div>\n\t\t\t\t<\/div>\n\t\t\t\t\t<\/div>\n\t\t\t\t<\/div>\n\t\t\t\t<\/div>\n\t\t","protected":false},"excerpt":{"rendered":"<p>Rejoignez le programme d\u2019affiliation AQUA SANT\u00c9! Faites d\u00e9couvrir les bienfaits d\u2019une eau pure et revitalis\u00e9e autour de vous et soyez r\u00e9compens\u00e9-e! En tant qu\u2019affili\u00e9-e AQUA SANT\u00c9, vous toucherez une commission pour chaque client-e que vous nous r\u00e9f\u00e9rez. Gr\u00e2ce \u00e0 votre tableau de bord, vous aurez acc\u00e8s \u00e0 vos liens personnalis\u00e9s, un suivi de vos r\u00e9sultats, [&hellip;]<\/p>\n","protected":false},"author":5390,"featured_media":0,"parent":9203,"menu_order":0,"comment_status":"closed","ping_status":"closed","template":"","meta":{"_acf_changed":false,"_monsterinsights_skip_tracking":false,"_monsterinsights_sitenote_active":false,"_monsterinsights_sitenote_note":"","_monsterinsights_sitenote_category":0,"footnotes":""},"class_list":["post-15478","page","type-page","status-publish","hentry"],"acf":[],"_links":{"self":[{"href":"https:\/\/aquahealthproducts.com\/fr\/wp-json\/wp\/v2\/pages\/15478","targetHints":{"allow":["GET"]}}],"collection":[{"href":"https:\/\/aquahealthproducts.com\/fr\/wp-json\/wp\/v2\/pages"}],"about":[{"href":"https:\/\/aquahealthproducts.com\/fr\/wp-json\/wp\/v2\/types\/page"}],"author":[{"embeddable":true,"href":"https:\/\/aquahealthproducts.com\/fr\/wp-json\/wp\/v2\/users\/5390"}],"replies":[{"embeddable":true,"href":"https:\/\/aquahealthproducts.com\/fr\/wp-json\/wp\/v2\/comments?post=15478"}],"version-history":[{"count":21,"href":"https:\/\/aquahealthproducts.com\/fr\/wp-json\/wp\/v2\/pages\/15478\/revisions"}],"predecessor-version":[{"id":15620,"href":"https:\/\/aquahealthproducts.com\/fr\/wp-json\/wp\/v2\/pages\/15478\/revisions\/15620"}],"up":[{"embeddable":true,"href":"https:\/\/aquahealthproducts.com\/fr\/wp-json\/wp\/v2\/pages\/9203"}],"wp:attachment":[{"href":"https:\/\/aquahealthproducts.com\/fr\/wp-json\/wp\/v2\/media?parent=15478"}],"curies":[{"name":"wp","href":"https:\/\/api.w.org\/{rel}","templated":true}]}}