{"id":10188,"date":"2025-05-24T14:55:06","date_gmt":"2025-05-24T14:55:06","guid":{"rendered":"https:\/\/aquahealthproducts.com\/?post_type=product&#038;p=10188"},"modified":"2026-02-23T14:22:51","modified_gmt":"2026-02-23T14:22:51","slug":"joint-black-berkey","status":"publish","type":"product","link":"https:\/\/aquahealthproducts.com\/fr\/produit\/joint-black-berkey\/","title":{"rendered":"Joint d&rsquo;\u00e9tanch\u00e9it\u00e9 Black Berkey"},"content":{"rendered":"<div id=\"product-description-short-59\" class=\"prod-description\">\n<p>Ce joint d&rsquo;\u00e9tanch\u00e9it\u00e9 s&rsquo;installe sur la tige des \u00e9l\u00e9ments Black Berkey, \u00e0 l&rsquo;int\u00e9rieur du r\u00e9servoir sup\u00e9rieur du syst\u00e8me, de fa\u00e7on \u00e0 emp\u00eacher l&rsquo;eau de passer du r\u00e9servoir sup\u00e9rieur au r\u00e9servoir inf\u00e9rieur sans \u00eatre filtr\u00e9e.<\/p>\n<p>Il s&rsquo;agit d&rsquo;une pi\u00e8ce de rechange qui est destin\u00e9e \u00e0 \u00eatre utilis\u00e9e avec les \u00e9l\u00e9ments de purification Black Berkey.<\/p>\n<\/div>\n<p>&nbsp;<\/p>\n","protected":false},"excerpt":{"rendered":"<div id=\"product-description-short-44\" class=\"prod-description\">\n<div id=\"product-description-short-59\" class=\"prod-description\">\n<p>Ce joint d&rsquo;\u00e9tanch\u00e9it\u00e9 s&rsquo;installe sur la tige des \u00e9l\u00e9ments Black Berkey, \u00e0 l&rsquo;int\u00e9rieur du r\u00e9servoir sup\u00e9rieur du syst\u00e8me, de fa\u00e7on \u00e0 emp\u00eacher l&rsquo;eau de passer du r\u00e9servoir sup\u00e9rieur au r\u00e9servoir inf\u00e9rieur sans \u00eatre filtr\u00e9e.\u00a0 Il s&rsquo;agit d&rsquo;une pi\u00e8ce de rechange.<\/p>\n<\/div>\n<div class=\"product-actions\">\n<form id=\"add-to-cart-or-refresh\" action=\"https:\/\/aquaberkeyfilters.ca\/qc\/panier\" method=\"post\">\n<div class=\"product-variants\"><\/div>\n<section class=\"product-discounts\"><\/section>\n<div class=\"product-add-to-cart grid\">\n<div><\/div>\n<\/div>\n<\/form>\n<\/div>\n<\/div>\n<div class=\"product-actions\">\n<form id=\"add-to-cart-or-refresh\" action=\"https:\/\/aquaberkeyfilters.ca\/qc\/panier\" method=\"post\">\n<div class=\"product-variants\"><\/div>\n<section class=\"product-discounts\"><\/section>\n<div class=\"product-add-to-cart grid\">\n<div><\/div>\n<\/div>\n<\/form>\n<\/div>\n","protected":false},"featured_media":10190,"template":"","meta":{"_acf_changed":false,"_monsterinsights_skip_tracking":false,"_monsterinsights_sitenote_active":false,"_monsterinsights_sitenote_note":"","_monsterinsights_sitenote_category":0},"product_brand":[],"product_cat":[113],"product_tag":[112],"class_list":{"0":"post-10188","1":"product","2":"type-product","3":"status-publish","4":"has-post-thumbnail","6":"product_cat-pieces-de-rechange","7":"product_tag-berkey","9":"first","10":"instock","11":"taxable","12":"shipping-taxable","13":"purchasable","14":"product-type-simple"},"acf":[],"_links":{"self":[{"href":"https:\/\/aquahealthproducts.com\/fr\/wp-json\/wp\/v2\/product\/10188","targetHints":{"allow":["GET"]}}],"collection":[{"href":"https:\/\/aquahealthproducts.com\/fr\/wp-json\/wp\/v2\/product"}],"about":[{"href":"https:\/\/aquahealthproducts.com\/fr\/wp-json\/wp\/v2\/types\/product"}],"wp:featuredmedia":[{"embeddable":true,"href":"https:\/\/aquahealthproducts.com\/fr\/wp-json\/wp\/v2\/media\/10190"}],"wp:attachment":[{"href":"https:\/\/aquahealthproducts.com\/fr\/wp-json\/wp\/v2\/media?parent=10188"}],"wp:term":[{"taxonomy":"product_brand","embeddable":true,"href":"https:\/\/aquahealthproducts.com\/fr\/wp-json\/wp\/v2\/product_brand?post=10188"},{"taxonomy":"product_cat","embeddable":true,"href":"https:\/\/aquahealthproducts.com\/fr\/wp-json\/wp\/v2\/product_cat?post=10188"},{"taxonomy":"product_tag","embeddable":true,"href":"https:\/\/aquahealthproducts.com\/fr\/wp-json\/wp\/v2\/product_tag?post=10188"}],"curies":[{"name":"wp","href":"https:\/\/api.w.org\/{rel}","templated":true}]}}