{"id":10285,"date":"2025-05-27T14:02:19","date_gmt":"2025-05-27T14:02:19","guid":{"rendered":"https:\/\/aquahealthproducts.com\/?post_type=product&#038;p=10285"},"modified":"2026-04-10T11:40:06","modified_gmt":"2026-04-10T11:40:06","slug":"cartouche-alkaflow-osmose-inversee","status":"publish","type":"product","link":"https:\/\/aquahealthproducts.com\/fr\/produit\/cartouche-alkaflow-osmose-inversee\/","title":{"rendered":"Cartouche min\u00e9ralisante AlkaFlow\u2122 pour osmose invers\u00e9e"},"content":{"rendered":"<h3 data-start=\"135\" data-end=\"216\">Transformez votre eau osmos\u00e9e en une eau vivante, alcaline et antioxydante \ud83d\udca7<\/h3>\n<p data-start=\"218\" data-end=\"564\">La <strong data-start=\"221\" data-end=\"257\">cartouche min\u00e9ralisante\u00a0<\/strong><strong>AlkaFlow<sup>TM<\/sup><\/strong>\u00a0est la solution id\u00e9ale pour ceux qui utilisent un syst\u00e8me d\u2019<strong data-start=\"318\" data-end=\"337\">osmose invers\u00e9e<\/strong> et veulent profiter d\u2019une eau plus saine et revitalis\u00e9e.<br data-start=\"394\" data-end=\"397\" \/>Elle transforme votre <strong data-start=\"419\" data-end=\"449\">eau d\u00e9min\u00e9ralis\u00e9e et acide<\/strong> en une <strong data-start=\"457\" data-end=\"486\">eau alcaline antioxydante<\/strong> riche en min\u00e9raux essentiels et en ions n\u00e9gatifs b\u00e9n\u00e9fiques pour l\u2019organisme.<\/p>\n<hr data-start=\"566\" data-end=\"569\" \/>\n<h3 data-start=\"571\" data-end=\"649\">Pourquoi ajouter la cartouche\u00a0<strong>AlkaFlow<sup>TM<\/sup><\/strong>\u00a0\u00e0 votre syst\u00e8me d\u2019osmose invers\u00e9e ?<\/h3>\n<p data-start=\"651\" data-end=\"977\">Les syst\u00e8mes d\u2019<strong data-start=\"666\" data-end=\"685\">osmose invers\u00e9e<\/strong> offrent une purification exceptionnelle, mais <strong data-start=\"732\" data-end=\"840\">l\u2019eau d\u00e9min\u00e9ralis\u00e9e est un solvant puissant qui d\u00e9robe avec chaque gorg\u00e9e les min\u00e9raux essentiels dont notre corps a besoin<\/strong>.\u00a0 L\u2019eau ainsi produite est souvent <strong data-start=\"877\" data-end=\"895\">acide (pH \u2248 5)<\/strong> et, consomm\u00e9e \u00e0 long terme, peut contribuer \u00e0 <strong data-start=\"942\" data-end=\"976\">l\u2019acidification de l\u2019organisme<\/strong>.<\/p>\n<p data-start=\"979\" data-end=\"1044\">La <strong data-start=\"982\" data-end=\"1018\">cartouche min\u00e9ralisante\u00a0<\/strong><strong>AlkaFlow<sup>TM<\/sup><\/strong>\u00a0corrige ce d\u00e9s\u00e9quilibre :<\/p>\n<ul data-start=\"1045\" data-end=\"1381\">\n<li data-start=\"1045\" data-end=\"1181\">\n<p data-start=\"1047\" data-end=\"1181\">\ud83c\udf3f <strong data-start=\"1050\" data-end=\"1066\">Remin\u00e9ralise<\/strong> naturellement l\u2019eau gr\u00e2ce \u00e0 un m\u00e9lange \u00e9quilibr\u00e9 de calcium, magn\u00e9sium, potassium et autres min\u00e9raux b\u00e9n\u00e9fiques.<\/p>\n<\/li>\n<li data-start=\"1182\" data-end=\"1271\">\n<p data-start=\"1184\" data-end=\"1271\">\u26a1 <strong data-start=\"1186\" data-end=\"1204\">Augmente le pH<\/strong> de 5 \u00e0 environ 9 \u2013 une eau 100 fois plus alcaline que le neutre.<\/p>\n<\/li>\n<li data-start=\"1272\" data-end=\"1381\">\n<p data-start=\"1274\" data-end=\"1381\">\ud83d\udca7 <strong data-start=\"1277\" data-end=\"1306\">Produit des ions n\u00e9gatifs<\/strong> qui agissent comme antioxydants et <strong data-start=\"1342\" data-end=\"1378\">neutralisent les radicaux libres<\/strong>.<\/p>\n<\/li>\n<\/ul>\n<p data-start=\"1383\" data-end=\"1496\">Le r\u00e9sultat : une eau plus douce, plus hydratante et plus vivante \u2013 parfaite pour votre sant\u00e9 et votre bien-\u00eatre.<\/p>\n<hr data-start=\"1498\" data-end=\"1501\" \/>\n<h3 data-start=\"1503\" data-end=\"1557\">Installation facile et compatibilit\u00e9 universelle<\/h3>\n<p data-start=\"1559\" data-end=\"1805\">La <strong data-start=\"1562\" data-end=\"1584\">cartouche\u00a0<\/strong><strong>AlkaFlow<sup>TM<\/sup><\/strong>\u00a0s\u2019installe en quelques minutes sur <strong data-start=\"1620\" data-end=\"1654\">tout syst\u00e8me d\u2019osmose invers\u00e9e<\/strong>.<br data-start=\"1655\" data-end=\"1658\" \/>Aucun outil sp\u00e9cialis\u00e9 n\u2019est requis : un simple couteau ou une paire de ciseaux suffit pour installer la cartouche sur le tuyau 1\/4&Prime; qui raccorde les filtres d&rsquo;osmose \u00e0 la bonbonne.<\/p>\n<hr data-start=\"1807\" data-end=\"1810\" \/>\n<h3 data-start=\"1812\" data-end=\"1842\">Performance et long\u00e9vit\u00e9<\/h3>\n<p data-start=\"1844\" data-end=\"2184\">Gr\u00e2ce \u00e0 sa formulation unique, la <strong data-start=\"1878\" data-end=\"1900\">cartouche\u00a0<\/strong><strong>AlkaFlow<sup>TM<\/sup><\/strong>\u00a0lib\u00e8re les min\u00e9raux de mani\u00e8re <strong data-start=\"1932\" data-end=\"1958\">contr\u00f4l\u00e9e et constante<\/strong> pendant environ <strong data-start=\"1975\" data-end=\"2000\">5000 litres (\u2248 1 an)<\/strong> d\u2019utilisation.<br data-start=\"2015\" data-end=\"2018\" \/>\u00c0 l\u2019inverse, la plupart des cartouches concurrentes doivent \u00eatre remplac\u00e9es tous les six mois et ne ram\u00e8nent l\u2019eau qu\u2019\u00e0 un pH neutre (7), sans b\u00e9n\u00e9fices antioxydants.<\/p>\n<hr data-start=\"2186\" data-end=\"2189\" \/>\n<h3 data-start=\"2191\" data-end=\"2215\">Donn\u00e9es techniques<\/h3>\n<ul data-start=\"2216\" data-end=\"2362\">\n<li data-start=\"2216\" data-end=\"2245\">\n<p data-start=\"2218\" data-end=\"2245\"><strong data-start=\"2218\" data-end=\"2236\">Niveau de pH :<\/strong> 9 \u00e0 10<\/p>\n<\/li>\n<li data-start=\"2246\" data-end=\"2292\">\n<p data-start=\"2248\" data-end=\"2292\"><strong data-start=\"2248\" data-end=\"2275\">Potentiel r\u00e9dox (ORP) :<\/strong> \u2013200 \u00e0 \u2013600 mV<\/p>\n<\/li>\n<li data-start=\"2293\" data-end=\"2332\">\n<p data-start=\"2295\" data-end=\"2332\"><strong data-start=\"2295\" data-end=\"2313\">Dur\u00e9e de vie :<\/strong> \u2248 5000 L \/ 1 an<\/p>\n<\/li>\n<li data-start=\"2333\" data-end=\"2362\">\n<p data-start=\"2335\" data-end=\"2362\"><strong data-start=\"2335\" data-end=\"2351\">Dimensions :<\/strong> 2\u2033 \u00d7 12\u2033<\/p>\n<\/li>\n<\/ul>\n<hr data-start=\"2364\" data-end=\"2367\" \/>\n<h3 data-start=\"2369\" data-end=\"2383\">\u00c0 savoir<\/h3>\n<p data-start=\"2384\" data-end=\"2692\">L\u2019<strong data-start=\"2386\" data-end=\"2429\">Organisation mondiale de la sant\u00e9 (OMS)<\/strong> a soulign\u00e9 dans son rapport <em data-start=\"2458\" data-end=\"2506\">Health Risks from Drinking Demineralized Water<\/em> (2004) les risques potentiels associ\u00e9s \u00e0 la consommation prolong\u00e9e d\u2019eau d\u00e9min\u00e9ralis\u00e9e.<\/p>\n<p data-start=\"2384\" data-end=\"2692\">Avec la <strong>cartouche min\u00e9ralisante<\/strong> <strong>AlkaFlow<sup>TM<\/sup><\/strong>, vous profitez des bienfaits de l\u2019osmose invers\u00e9e \u2013 sans ses inconv\u00e9nients.<\/p>\n","protected":false},"excerpt":{"rendered":"<p>La <strong>cartouche min\u00e9ralisante\u00a0<\/strong><strong>AlkaFlow<sup>TM<\/sup><\/strong>\u00a0est con\u00e7ue pour augmenter la valeur alcaline et antioxydante d&rsquo;une <strong>eau trait\u00e9e par osmose invers\u00e9e<\/strong>.\u00a0 Elle se raccorde directement \u00e0 la tuyauterie d&rsquo;un syst\u00e8me de traitement existant. Raccords pour tuyaux 1\/4&Prime;.<\/p>\n","protected":false},"featured_media":10286,"template":"","meta":{"_acf_changed":false,"_monsterinsights_skip_tracking":false,"_monsterinsights_sitenote_active":false,"_monsterinsights_sitenote_note":"","_monsterinsights_sitenote_category":0},"product_brand":[179],"product_cat":[80],"product_tag":[111],"class_list":{"0":"post-10285","1":"product","2":"type-product","3":"status-publish","4":"has-post-thumbnail","6":"product_brand-alkaflow","7":"product_cat-alkafiltre","8":"product_tag-alkaflow","10":"first","11":"instock","12":"taxable","13":"shipping-taxable","14":"purchasable","15":"product-type-simple"},"acf":[],"_links":{"self":[{"href":"https:\/\/aquahealthproducts.com\/fr\/wp-json\/wp\/v2\/product\/10285","targetHints":{"allow":["GET"]}}],"collection":[{"href":"https:\/\/aquahealthproducts.com\/fr\/wp-json\/wp\/v2\/product"}],"about":[{"href":"https:\/\/aquahealthproducts.com\/fr\/wp-json\/wp\/v2\/types\/product"}],"wp:featuredmedia":[{"embeddable":true,"href":"https:\/\/aquahealthproducts.com\/fr\/wp-json\/wp\/v2\/media\/10286"}],"wp:attachment":[{"href":"https:\/\/aquahealthproducts.com\/fr\/wp-json\/wp\/v2\/media?parent=10285"}],"wp:term":[{"taxonomy":"product_brand","embeddable":true,"href":"https:\/\/aquahealthproducts.com\/fr\/wp-json\/wp\/v2\/product_brand?post=10285"},{"taxonomy":"product_cat","embeddable":true,"href":"https:\/\/aquahealthproducts.com\/fr\/wp-json\/wp\/v2\/product_cat?post=10285"},{"taxonomy":"product_tag","embeddable":true,"href":"https:\/\/aquahealthproducts.com\/fr\/wp-json\/wp\/v2\/product_tag?post=10285"}],"curies":[{"name":"wp","href":"https:\/\/api.w.org\/{rel}","templated":true}]}}