{"id":1254,"date":"2024-02-21T07:45:16","date_gmt":"2024-02-21T07:45:16","guid":{"rendered":"https:\/\/aquahealthproducts.com\/?post_type=product&#038;p=1254"},"modified":"2026-04-09T01:52:22","modified_gmt":"2026-04-09T01:52:22","slug":"aquabliss-repl","status":"publish","type":"product","link":"https:\/\/aquahealthproducts.com\/fr\/produit\/aquabliss-repl\/","title":{"rendered":"Cartouche pour filtre de douche AquaBliss"},"content":{"rendered":"<p class=\"p1\">Laissez-nous vous pr\u00e9senter la cartouche de filtre de douche revitalisante AquaBliss HD SFC400 ! Transformez votre douche quotidienne en une exp\u00e9rience luxueuse de type spa avec cette cartouche de filtre de douche innovante. Con\u00e7ue pour am\u00e9liorer la qualit\u00e9 de l&rsquo;eau de votre douche, la cartouche de filtre de douche revitalisante AquaBliss HD SFC400 offre une exp\u00e9rience de bain rafra\u00eechissante et revigorante tout en offrant une gamme d&rsquo;avantages pour vos cheveux, votre peau et votre bien-\u00eatre g\u00e9n\u00e9ral.<\/p>\n<p class=\"p1\">La cartouche de filtre de douche revitalisante AquaBliss HD SFC400 est dot\u00e9e d&rsquo;une technologie de filtration avanc\u00e9e qui \u00e9limine efficacement les impuret\u00e9s et les substances nocives que l&rsquo;on trouve couramment dans l&rsquo;eau du robinet. Avec son syst\u00e8me de filtration en plusieurs \u00e9tapes, cette cartouche r\u00e9duit efficacement le chlore, les m\u00e9taux lourds, les s\u00e9diments et autres impuret\u00e9s, aidant \u00e0 prot\u00e9ger vos cheveux et votre peau des effets nocifs de ces produits chimiques. Dites adieu aux cheveux secs et ternes et \u00e0 la peau irrit\u00e9e et s\u00e8che caus\u00e9e par l&rsquo;eau dure.<\/p>\n","protected":false},"excerpt":{"rendered":"<div id=\"product-description-short-168\" class=\"prod-description\">\n<p>La cartouche de\u00a0remplacement AquaBliss a une dur\u00e9e de vie d&rsquo;environ un an et s&rsquo;installe en un tour de main.<\/p>\n<\/div>\n<div class=\"product-actions\">\n<form id=\"add-to-cart-or-refresh\" action=\"https:\/\/aquaberkeyfilters.ca\/qc\/panier\" method=\"post\">\n<div class=\"product-variants\"><\/div>\n<div id=\"multiAccessoriesTab\">\n<div class=\"accessories_table_price\"><\/div>\n<\/div>\n<\/form>\n<\/div>\n","protected":false},"featured_media":1255,"template":"","meta":{"_acf_changed":false,"_monsterinsights_skip_tracking":false,"_monsterinsights_sitenote_active":false,"_monsterinsights_sitenote_note":"","_monsterinsights_sitenote_category":0},"product_brand":[199],"product_cat":[39],"product_tag":[115],"class_list":{"0":"post-1254","1":"product","2":"type-product","3":"status-publish","4":"has-post-thumbnail","6":"product_brand-aquabliss","7":"product_cat-filtres-de-rechange","8":"product_tag-aquabliss","10":"first","11":"instock","12":"taxable","13":"shipping-taxable","14":"purchasable","15":"product-type-simple"},"acf":[],"_links":{"self":[{"href":"https:\/\/aquahealthproducts.com\/fr\/wp-json\/wp\/v2\/product\/1254","targetHints":{"allow":["GET"]}}],"collection":[{"href":"https:\/\/aquahealthproducts.com\/fr\/wp-json\/wp\/v2\/product"}],"about":[{"href":"https:\/\/aquahealthproducts.com\/fr\/wp-json\/wp\/v2\/types\/product"}],"wp:featuredmedia":[{"embeddable":true,"href":"https:\/\/aquahealthproducts.com\/fr\/wp-json\/wp\/v2\/media\/1255"}],"wp:attachment":[{"href":"https:\/\/aquahealthproducts.com\/fr\/wp-json\/wp\/v2\/media?parent=1254"}],"wp:term":[{"taxonomy":"product_brand","embeddable":true,"href":"https:\/\/aquahealthproducts.com\/fr\/wp-json\/wp\/v2\/product_brand?post=1254"},{"taxonomy":"product_cat","embeddable":true,"href":"https:\/\/aquahealthproducts.com\/fr\/wp-json\/wp\/v2\/product_cat?post=1254"},{"taxonomy":"product_tag","embeddable":true,"href":"https:\/\/aquahealthproducts.com\/fr\/wp-json\/wp\/v2\/product_tag?post=1254"}],"curies":[{"name":"wp","href":"https:\/\/api.w.org\/{rel}","templated":true}]}}