{"id":14820,"date":"2025-09-11T13:13:00","date_gmt":"2025-09-11T13:13:00","guid":{"rendered":"https:\/\/aquahealthproducts.com\/?post_type=product&#038;p=14820"},"modified":"2026-03-27T19:37:57","modified_gmt":"2026-03-27T19:37:57","slug":"aqua-h2-bouteille-eau-hydrogene","status":"publish","type":"product","link":"https:\/\/aquahealthproducts.com\/fr\/produit\/aqua-h2-bouteille-eau-hydrogene\/","title":{"rendered":"Bouteille d&rsquo;Eau Hydrog\u00e9n\u00e9e AQUA H\u2082"},"content":{"rendered":"<h3>Bienfaits de l&rsquo;eau hydrog\u00e9n\u00e9e<\/h3>\n<ul>\n<li><strong>Propri\u00e9t\u00e9s anti-inflammatoires<\/strong> : aide \u00e0 r\u00e9duire les inflammations chroniques<\/li>\n<li><strong>Antioxydant puissant<\/strong> : neutralise les radicaux libres et r\u00e9duit le stress oxydatif.<\/li>\n<li><strong>Soutien \u00e9nerg\u00e9tique<\/strong> : am\u00e9liore la vitalit\u00e9 et la performance physique.<\/li>\n<li><strong>R\u00e9cup\u00e9ration optimis\u00e9e<\/strong> : aide \u00e0 diminuer la fatigue musculaire apr\u00e8s le sport.<\/li>\n<li><strong>Soutien cognitif<\/strong> : favorise concentration, m\u00e9moire et clart\u00e9 mentale.<\/li>\n<li><strong>Anti-\u00e2ge naturel<\/strong> : contribue \u00e0 ralentir le vieillissement cellulaire.<\/li>\n<li><strong>Am\u00e9lioration du sommeil<\/strong> : favorise un repos profond et r\u00e9parateur.<\/li>\n<li><strong>Soutien immunitaire<\/strong> : aide le corps \u00e0 mieux se d\u00e9fendre contre les agressions ext\u00e9rieures.<\/li>\n<\/ul>\n<p>&nbsp;<\/p>\n<p>La bouteille d&rsquo;eau hydrog\u00e9n\u00e9e AQUA H\u2082 est con\u00e7ue pour enrichir votre eau en hydrog\u00e8ne mol\u00e9culaire, un puissant antioxydant naturel qui agit directement au niveau cellulaire. En neutralisant les radicaux libres responsables du stress oxydatif, il contribue \u00e0 prot\u00e9ger les cellules et \u00e0 ralentir les effets du vieillissement. Boire de l\u2019eau hydrog\u00e9n\u00e9e favorise \u00e9galement une meilleure r\u00e9cup\u00e9ration apr\u00e8s l\u2019effort, soutient la clart\u00e9 mentale, am\u00e9liore la qualit\u00e9 du sommeil et renforce la vitalit\u00e9 globale.<\/p>\n<h3>Technologie SPE et PEM<\/h3>\n<p>La bouteille AQUA H\u2082 utilise une technologie de pointe SPE (Solid Polymer Electrolyte) combin\u00e9e \u00e0 une membrane \u00e9changeuse de protons (PEM). Ce proc\u00e9d\u00e9 innovant garantit une production d\u2019hydrog\u00e8ne pur de haute concentration.\u00a0 R\u00e9sultat : une eau hydrog\u00e9n\u00e9e aux bienfaits optimis\u00e9s pour la sant\u00e9.<\/p>\n<h3>Un design \u00e9l\u00e9gant et portatif<\/h3>\n<p>La bouteille AQUA H\u2082 peut vous accompagner partout : au bureau, \u00e0 la maison ou lors de vos activit\u00e9s sportives. Elle vous permet de profiter \u00e0 tout moment des bienfaits scientifiquement reconnus de l\u2019eau hydrog\u00e9n\u00e9e, tout en garantissant une puret\u00e9 optimale et une utilisation simple et rapide.<\/p>\n<p>Disponible en deux coloris \u00e9l\u00e9gants.<\/p>\n","protected":false},"excerpt":{"rendered":"<p><strong data-start=\"111\" data-end=\"151\">Ressentez la diff\u00e9rence avec AQUA H\u2082<\/strong> \u2014 la bouteille d\u2019hydrog\u00e8ne en verre qui transforme l\u2019eau en source naturelle de vitalit\u00e9.<br data-start=\"241\" data-end=\"244\" \/>Gr\u00e2ce \u00e0 son hydrog\u00e8ne mol\u00e9culaire aux propri\u00e9t\u00e9s <strong data-start=\"293\" data-end=\"310\">antioxydantes<\/strong> et <strong data-start=\"314\" data-end=\"337\">anti-inflammatoires<\/strong>, elle aide \u00e0 r\u00e9g\u00e9n\u00e9rer vos cellules, apaiser le corps et raviver votre \u00e9nergie.\u00a0 Une <strong>eau l\u00e9g\u00e8re et vivante<\/strong> qui favorise la clart\u00e9 mentale, la r\u00e9cup\u00e9ration et l\u2019\u00e9quilibre au quotidien.<\/p>\n","protected":false},"featured_media":15933,"template":"","meta":{"_acf_changed":false,"_monsterinsights_skip_tracking":false,"_monsterinsights_sitenote_active":false,"_monsterinsights_sitenote_note":"","_monsterinsights_sitenote_category":0},"product_brand":[195],"product_cat":[33,182],"product_tag":[196,184],"class_list":{"0":"post-14820","1":"product","2":"type-product","3":"status-publish","4":"has-post-thumbnail","6":"product_brand-aqua-h2","7":"product_cat-eau-hydrogenee","8":"product_cat-produits-portables","9":"product_tag-aqua-h2","10":"product_tag-produits-portables","12":"first","13":"instock","14":"taxable","15":"shipping-taxable","16":"purchasable","17":"product-type-variable"},"acf":[],"_links":{"self":[{"href":"https:\/\/aquahealthproducts.com\/fr\/wp-json\/wp\/v2\/product\/14820","targetHints":{"allow":["GET"]}}],"collection":[{"href":"https:\/\/aquahealthproducts.com\/fr\/wp-json\/wp\/v2\/product"}],"about":[{"href":"https:\/\/aquahealthproducts.com\/fr\/wp-json\/wp\/v2\/types\/product"}],"wp:featuredmedia":[{"embeddable":true,"href":"https:\/\/aquahealthproducts.com\/fr\/wp-json\/wp\/v2\/media\/15933"}],"wp:attachment":[{"href":"https:\/\/aquahealthproducts.com\/fr\/wp-json\/wp\/v2\/media?parent=14820"}],"wp:term":[{"taxonomy":"product_brand","embeddable":true,"href":"https:\/\/aquahealthproducts.com\/fr\/wp-json\/wp\/v2\/product_brand?post=14820"},{"taxonomy":"product_cat","embeddable":true,"href":"https:\/\/aquahealthproducts.com\/fr\/wp-json\/wp\/v2\/product_cat?post=14820"},{"taxonomy":"product_tag","embeddable":true,"href":"https:\/\/aquahealthproducts.com\/fr\/wp-json\/wp\/v2\/product_tag?post=14820"}],"curies":[{"name":"wp","href":"https:\/\/api.w.org\/{rel}","templated":true}]}}