{"id":14843,"date":"2025-10-18T06:59:24","date_gmt":"2025-10-18T06:59:24","guid":{"rendered":"https:\/\/aquahealthproducts.com\/?post_type=product&#038;p=14843"},"modified":"2026-01-16T17:07:22","modified_gmt":"2026-01-16T17:07:22","slug":"h2-mister-brumisateur-hydrogene","status":"publish","type":"product","link":"https:\/\/aquahealthproducts.com\/fr\/produit\/h2-mister-brumisateur-hydrogene\/","title":{"rendered":"Brumisateur d\u2019hydrog\u00e8ne AQUA H2"},"content":{"rendered":"<p>Le brumisateur d\u2019hydrog\u00e8ne H2 combine technologie avanc\u00e9e et design \u00e9l\u00e9gant pour transformer l\u2019eau en une brume ultra-fine riche en hydrog\u00e8ne mol\u00e9culaire. Gr\u00e2ce \u00e0 son syst\u00e8me de g\u00e9n\u00e9ration d\u2019hydrog\u00e8ne int\u00e9gr\u00e9, il neutralise les radicaux libres responsables du vieillissement cutan\u00e9 et contribue \u00e0 restaurer l\u2019\u00e9quilibre naturel de la peau.<\/p>\n<p>Facile \u00e0 transporter, compact et rechargeable par USB, il vous accompagne partout \u2013 au bureau, en voyage ou apr\u00e8s une s\u00e9ance de sport, et redonne \u00e9clat et vitalit\u00e9 \u00e0 votre peau \u00e0 tout moment de la journ\u00e9e.<\/p>\n<h3>Bienfaits du brumisateur d\u2019hydrog\u00e8ne Aqua H2:<\/h3>\n<p>Le brumisateur d\u2019hydrog\u00e8ne H2 utilise un proc\u00e9d\u00e9 d\u2019\u00e9lectrolyse avanc\u00e9 pour transformer l\u2019eau en nano-particules appel\u00e9es micro-clusters. Ces particules ultrafines p\u00e9n\u00e8trent facilement dans la peau pour une hydratation en profondeur.<\/p>\n<p>Enrichie en hydrog\u00e8ne mol\u00e9culaire, la brume agit comme un antioxydant naturel puissant. Elle neutralise les radicaux libres, principaux responsables du vieillissement cutan\u00e9 et des taches.<\/p>\n<p>Le brumisateur g\u00e9n\u00e8re jusqu\u2019\u00e0 300 ppb d\u2019hydrog\u00e8ne dissous et un potentiel d&rsquo;oxydor\u00e9duction (ORP) de -300 mV. R\u00e9sultat:<\/p>\n<ul>\n<li><strong>Hydratation instantan\u00e9e<\/strong>: nourrit et apaise la peau en profondeur.<\/li>\n<li><strong>Antioxydant naturel<\/strong>: neutralise les radicaux libres et ralentit le vieillissement cutan\u00e9.<\/li>\n<li><strong>Protection contre les rayons ultraviolets<\/strong>: l&rsquo;eau hydrog\u00e9n\u00e9e aide \u00e0 prot\u00e9ger la peau contre les rayons n\u00e9fastes du soleils.<\/li>\n<li><strong>Action anti-acn\u00e9 et anti-imperfections<\/strong>: r\u00e9pare et prot\u00e8ge les cellules cutan\u00e9es et r\u00e9duit les inflammations et les rougeurs<\/li>\n<li><strong>\u00c9clat et vitalit\u00e9<\/strong>: redonne \u00e0 la peau un aspect frais, lumineux et \u00e9nergis\u00e9.<\/li>\n<\/ul>\n<p>Polyvalent et portable, le brumisateur est id\u00e9al pour le visage, mais aussi pour rafra\u00eechir les mains et le cou.<\/p>\n<p>&nbsp;<\/p>\n","protected":false},"excerpt":{"rendered":"<p><strong data-start=\"112\" data-end=\"160\">Le brumisateur d\u2019hydrog\u00e8ne AQUA H\u2082 <\/strong>transforme l\u2019eau en une <strong data-start=\"254\" data-end=\"305\">brume ultra-fine riche en hydrog\u00e8ne mol\u00e9culaire<\/strong>, pour une peau hydrat\u00e9e, apais\u00e9e et \u00e9clatante de vitalit\u00e9.<\/p>\n<p><strong data-start=\"367\" data-end=\"403\">Compact, \u00e9l\u00e9gant et rechargeable<\/strong>, il vous accompagne partout pour redonner fra\u00eecheur et \u00e9nergie \u00e0 votre peau \u00e0 tout moment de la journ\u00e9e<\/p>\n","protected":false},"featured_media":16514,"template":"","meta":{"_acf_changed":false,"_monsterinsights_skip_tracking":false,"_monsterinsights_sitenote_active":false,"_monsterinsights_sitenote_note":"","_monsterinsights_sitenote_category":0},"product_brand":[195],"product_cat":[33,182,27],"product_tag":[196,206,184],"class_list":{"0":"post-14843","1":"product","2":"type-product","3":"status-publish","4":"has-post-thumbnail","6":"product_brand-aqua-h2","7":"product_cat-eau-hydrogenee","8":"product_cat-produits-portables","9":"product_cat-accessoires","10":"product_tag-aqua-h2","11":"product_tag-hydrogene","12":"product_tag-produits-portables","14":"first","15":"instock","16":"taxable","17":"shipping-taxable","18":"purchasable","19":"product-type-simple"},"acf":[],"_links":{"self":[{"href":"https:\/\/aquahealthproducts.com\/fr\/wp-json\/wp\/v2\/product\/14843","targetHints":{"allow":["GET"]}}],"collection":[{"href":"https:\/\/aquahealthproducts.com\/fr\/wp-json\/wp\/v2\/product"}],"about":[{"href":"https:\/\/aquahealthproducts.com\/fr\/wp-json\/wp\/v2\/types\/product"}],"wp:featuredmedia":[{"embeddable":true,"href":"https:\/\/aquahealthproducts.com\/fr\/wp-json\/wp\/v2\/media\/16514"}],"wp:attachment":[{"href":"https:\/\/aquahealthproducts.com\/fr\/wp-json\/wp\/v2\/media?parent=14843"}],"wp:term":[{"taxonomy":"product_brand","embeddable":true,"href":"https:\/\/aquahealthproducts.com\/fr\/wp-json\/wp\/v2\/product_brand?post=14843"},{"taxonomy":"product_cat","embeddable":true,"href":"https:\/\/aquahealthproducts.com\/fr\/wp-json\/wp\/v2\/product_cat?post=14843"},{"taxonomy":"product_tag","embeddable":true,"href":"https:\/\/aquahealthproducts.com\/fr\/wp-json\/wp\/v2\/product_tag?post=14843"}],"curies":[{"name":"wp","href":"https:\/\/api.w.org\/{rel}","templated":true}]}}