{"id":15171,"date":"2025-11-22T05:09:29","date_gmt":"2025-11-22T05:09:29","guid":{"rendered":"https:\/\/aquahealthproducts.com\/?post_type=product&#038;p=15171"},"modified":"2025-11-27T21:49:01","modified_gmt":"2025-11-27T21:49:01","slug":"inhalateur-aqua-h2","status":"publish","type":"product","link":"https:\/\/aquahealthproducts.com\/fr\/produit\/inhalateur-aqua-h2\/","title":{"rendered":"Inhalateur d\u2019hydrog\u00e8ne AQUA H\u2082"},"content":{"rendered":"<h3 data-start=\"179\" data-end=\"267\">Inhalateur d\u2019hydrog\u00e8ne AQUA H\u2082<br \/>\nPerformance avanc\u00e9e pour un bien-\u00eatre en profondeur<\/h3>\n<p data-start=\"269\" data-end=\"759\">L\u2019Inhalateur d\u2019hydrog\u00e8ne AQUA H\u2082 repr\u00e9sente une nouvelle g\u00e9n\u00e9ration de soins bien-\u00eatre, alliant technologie de pointe et simplicit\u00e9 d\u2019usage. Gr\u00e2ce \u00e0 l\u2019inhalation directe d\u2019hydrog\u00e8ne mol\u00e9culaire, il permet une assimilation plus efficace que la consommation d\u2019eau hydrog\u00e9n\u00e9e seule, optimisant ainsi ses effets reconnus sur la r\u00e9duction du stress oxydatif et l\u2019inflammation \u2014 deux facteurs cl\u00e9s associ\u00e9s au vieillissement cellulaire, \u00e0 la fatigue chronique et aux d\u00e9s\u00e9quilibres de l\u2019organisme.<\/p>\n<p data-start=\"761\" data-end=\"1190\">Cette approche douce et non invasive soutient naturellement la vitalit\u00e9, favorise une meilleure r\u00e9cup\u00e9ration physique et mentale, et contribue \u00e0 une sensation durable de clart\u00e9, de l\u00e9g\u00e8ret\u00e9 et d\u2019\u00e9quilibre int\u00e9rieur. Id\u00e9al pour les personnes actives, soucieuses de leur sant\u00e9 ou en qu\u00eate de solutions compl\u00e9mentaires pour optimiser leur hygi\u00e8ne de vie, l\u2019inhalateur s\u2019int\u00e8gre facilement dans une routine quotidienne ou ponctuelle.<\/p>\n<p data-start=\"1192\" data-end=\"1456\">Pens\u00e9 pour un usage intuitif, l\u2019appareil se distingue par son design \u00e9l\u00e9gant, son fonctionnement silencieux et sa portabilit\u00e9. Il peut \u00eatre utilis\u00e9 \u00e0 domicile, au bureau ou lors de d\u00e9placements, offrant un moment de recentrage et de r\u00e9g\u00e9n\u00e9ration o\u00f9 que vous soyez.<\/p>\n<p data-start=\"1458\" data-end=\"1686\">Le syst\u00e8me comprend \u00e9galement une tige permettant de produire une eau hydrog\u00e9n\u00e9e revitalisante, ainsi qu\u2019un \u00e9tui de transport de qualit\u00e9, pratique et s\u00e9curitaire, pour accompagner votre rituel bien-\u00eatre avec confort et \u00e9l\u00e9gance.<\/p>\n<p data-start=\"1688\" data-end=\"1847\">AQUA H\u2082, c\u2019est l\u2019alliance entre innovation scientifique et art de vivre, pour soutenir votre corps en douceur et \u00e9lever votre exp\u00e9rience de sant\u00e9 au quotidien.<\/p>\n","protected":false},"excerpt":{"rendered":"<p><strong data-start=\"157\" data-end=\"388\">L\u2019Inhalateur d\u2019hydrog\u00e8ne AQUA H\u2082 <\/strong>permet une absorption directe et efficace de l\u2019hydrog\u00e8ne mol\u00e9culaire, maximisant ses effets antioxydants et anti-inflammatoires pour soutenir \u00e9nergie, r\u00e9cup\u00e9ration et \u00e9quilibre global. \u00c9tui de transport et tige pour eau hydrog\u00e9n\u00e9e inclus. Utilisation simple, \u00e0 la maison ou en d\u00e9placement.<\/p>\n","protected":false},"featured_media":15922,"template":"","meta":{"_acf_changed":false,"_monsterinsights_skip_tracking":false,"_monsterinsights_sitenote_active":false,"_monsterinsights_sitenote_note":"","_monsterinsights_sitenote_category":0},"product_brand":[195],"product_cat":[33],"product_tag":[],"class_list":{"0":"post-15171","1":"product","2":"type-product","3":"status-publish","4":"has-post-thumbnail","6":"product_brand-aqua-h2","7":"product_cat-eau-hydrogenee","9":"first","10":"instock","11":"taxable","12":"shipping-taxable","13":"purchasable","14":"product-type-simple"},"acf":[],"_links":{"self":[{"href":"https:\/\/aquahealthproducts.com\/fr\/wp-json\/wp\/v2\/product\/15171","targetHints":{"allow":["GET"]}}],"collection":[{"href":"https:\/\/aquahealthproducts.com\/fr\/wp-json\/wp\/v2\/product"}],"about":[{"href":"https:\/\/aquahealthproducts.com\/fr\/wp-json\/wp\/v2\/types\/product"}],"wp:featuredmedia":[{"embeddable":true,"href":"https:\/\/aquahealthproducts.com\/fr\/wp-json\/wp\/v2\/media\/15922"}],"wp:attachment":[{"href":"https:\/\/aquahealthproducts.com\/fr\/wp-json\/wp\/v2\/media?parent=15171"}],"wp:term":[{"taxonomy":"product_brand","embeddable":true,"href":"https:\/\/aquahealthproducts.com\/fr\/wp-json\/wp\/v2\/product_brand?post=15171"},{"taxonomy":"product_cat","embeddable":true,"href":"https:\/\/aquahealthproducts.com\/fr\/wp-json\/wp\/v2\/product_cat?post=15171"},{"taxonomy":"product_tag","embeddable":true,"href":"https:\/\/aquahealthproducts.com\/fr\/wp-json\/wp\/v2\/product_tag?post=15171"}],"curies":[{"name":"wp","href":"https:\/\/api.w.org\/{rel}","templated":true}]}}