{"id":16290,"date":"2025-12-18T17:41:11","date_gmt":"2025-12-18T17:41:11","guid":{"rendered":"https:\/\/aquahealthproducts.com\/?post_type=product&#038;p=16290"},"modified":"2025-12-19T00:41:27","modified_gmt":"2025-12-19T00:41:27","slug":"bouteille-en-verre-de-remplacement-aqua-h2","status":"publish","type":"product","link":"https:\/\/aquahealthproducts.com\/fr\/produit\/bouteille-en-verre-de-remplacement-aqua-h2\/","title":{"rendered":"Bouteille en verre de remplacement AQUA H2"},"content":{"rendered":"","protected":false},"excerpt":{"rendered":"<p>La bouteille de verre de remplacement AQUA H2 est con\u00e7ue pour remplacer la partie en verre de votre bouteille d\u2019eau hydrog\u00e9n\u00e9e AQUA H2, en cas de bris ou si vous devez la remplacer. Fabriqu\u00e9e en verre de qualit\u00e9, elle vous permet de prolonger la dur\u00e9e de vie de votre appareil sans avoir \u00e0 racheter une bouteille compl\u00e8te.<\/p>\n<p>Cette bouteille est exp\u00e9di\u00e9e seule, sans bouchon, sans base d\u2019\u00e9lectrolyse et sans aucun autre composant de la bouteille AQUA H2.<\/p>\n","protected":false},"featured_media":16293,"template":"","meta":{"_acf_changed":false,"_monsterinsights_skip_tracking":false,"_monsterinsights_sitenote_active":false,"_monsterinsights_sitenote_note":"","_monsterinsights_sitenote_category":0},"product_brand":[195],"product_cat":[113],"product_tag":[],"class_list":{"0":"post-16290","1":"product","2":"type-product","3":"status-publish","4":"has-post-thumbnail","6":"product_brand-aqua-h2","7":"product_cat-pieces-de-rechange","9":"first","10":"instock","11":"taxable","12":"shipping-taxable","13":"purchasable","14":"product-type-simple"},"acf":[],"_links":{"self":[{"href":"https:\/\/aquahealthproducts.com\/fr\/wp-json\/wp\/v2\/product\/16290","targetHints":{"allow":["GET"]}}],"collection":[{"href":"https:\/\/aquahealthproducts.com\/fr\/wp-json\/wp\/v2\/product"}],"about":[{"href":"https:\/\/aquahealthproducts.com\/fr\/wp-json\/wp\/v2\/types\/product"}],"wp:featuredmedia":[{"embeddable":true,"href":"https:\/\/aquahealthproducts.com\/fr\/wp-json\/wp\/v2\/media\/16293"}],"wp:attachment":[{"href":"https:\/\/aquahealthproducts.com\/fr\/wp-json\/wp\/v2\/media?parent=16290"}],"wp:term":[{"taxonomy":"product_brand","embeddable":true,"href":"https:\/\/aquahealthproducts.com\/fr\/wp-json\/wp\/v2\/product_brand?post=16290"},{"taxonomy":"product_cat","embeddable":true,"href":"https:\/\/aquahealthproducts.com\/fr\/wp-json\/wp\/v2\/product_cat?post=16290"},{"taxonomy":"product_tag","embeddable":true,"href":"https:\/\/aquahealthproducts.com\/fr\/wp-json\/wp\/v2\/product_tag?post=16290"}],"curies":[{"name":"wp","href":"https:\/\/api.w.org\/{rel}","templated":true}]}}