{"id":16364,"date":"2026-02-18T06:25:03","date_gmt":"2026-02-18T06:25:03","guid":{"rendered":"https:\/\/aquahealthproducts.com\/?post_type=product&#038;p=16364"},"modified":"2026-03-18T05:38:51","modified_gmt":"2026-03-18T05:38:51","slug":"revitaliseur-a-vortex-pour-robinet","status":"publish","type":"product","link":"https:\/\/aquahealthproducts.com\/fr\/produit\/revitaliseur-a-vortex-pour-robinet\/","title":{"rendered":"Revitaliseur d&rsquo;eau \u00e0 vortex pour robinet"},"content":{"rendered":"<p>Offrez \u00e0 votre eau le traitement qu\u2019elle m\u00e9rite avec le revitaliseur d\u2019eau \u00e0 vortex ALIVE. Con\u00e7u pour se fixer directement au robinet de cuisine (sans plomberie permanente), il cr\u00e9e un vortex puissant inspir\u00e9 du mouvement naturel de l\u2019eau dans les rivi\u00e8res et les torrents de montagne, afin de favoriser un \u00e9coulement plus naturel, une meilleure vitalit\u00e9 et une sensation de fra\u00eecheur.<\/p>\n<p>Le revitaliseur \u00e0 vortex ALIVE pour robinets de cuisine est id\u00e9al pour les locataires ou pour toute personne \u00e0 la recherche d\u2019une solution amovible et non permanente. Il se raccorde en quelques secondes et se transporte facilement en voyage.<\/p>\n<p>\u00c0 l\u2019int\u00e9rieur, une forme d\u2019\u00e9coulement \u00e0 double spirale en acier inoxydable SS316 g\u00e9n\u00e8re un mouvement tourbillonnaire intense qui favorise l\u2019a\u00e9ration de l\u2019eau et une exp\u00e9rience de boisson plus fra\u00eeche. Cette action peut aussi aider \u00e0 r\u00e9duire le go\u00fbt de chlore, les odeurs d\u00e9sagr\u00e9ables et l\u2019accumulation de calcaire.<\/p>\n<p>R\u00e9sultat : une eau au go\u00fbt plus doux, plus agr\u00e9able \u00e0 boire et \u00e0 utiliser au quotidien \u2014 pour boire, cuisiner, rincer les aliments, laver ou faire l\u2019entretien m\u00e9nager.<\/p>\n","protected":false},"excerpt":{"rendered":"<p>Le <strong>revitaliseur d&rsquo;eau \u00e0 vortex ALIVE pour robinet de cuisine<\/strong> transforme instantan\u00e9ment <strong>votre eau filtr\u00e9e<\/strong> en une eau plus agr\u00e9able, plus douce et revitalis\u00e9e. Gr\u00e2ce \u00e0 sa technologie de <strong>vortex \u00e0 double spirale<\/strong>, il am\u00e9liore le go\u00fbt, la texture et la qualit\u00e9 de l\u2019eau tout en r\u00e9duisant le chlore, les odeurs et les d\u00e9p\u00f4ts calcaires. Facile \u00e0 installer, durable et \u00e9cologique, il permet de restructurer l&rsquo;eau avant de la verser dans un syst\u00e8me de filtration \u00e0 gravit\u00e9.<\/p>\n","protected":false},"featured_media":16367,"template":"","meta":{"_acf_changed":false,"_monsterinsights_skip_tracking":false,"_monsterinsights_sitenote_active":false,"_monsterinsights_sitenote_note":"","_monsterinsights_sitenote_category":0},"product_brand":[224],"product_cat":[37],"product_tag":[],"class_list":{"0":"post-16364","1":"product","2":"type-product","3":"status-publish","4":"has-post-thumbnail","6":"product_brand-alive","7":"product_cat-vortex","9":"first","10":"instock","11":"taxable","12":"shipping-taxable","13":"purchasable","14":"product-type-simple"},"acf":[],"_links":{"self":[{"href":"https:\/\/aquahealthproducts.com\/fr\/wp-json\/wp\/v2\/product\/16364","targetHints":{"allow":["GET"]}}],"collection":[{"href":"https:\/\/aquahealthproducts.com\/fr\/wp-json\/wp\/v2\/product"}],"about":[{"href":"https:\/\/aquahealthproducts.com\/fr\/wp-json\/wp\/v2\/types\/product"}],"wp:featuredmedia":[{"embeddable":true,"href":"https:\/\/aquahealthproducts.com\/fr\/wp-json\/wp\/v2\/media\/16367"}],"wp:attachment":[{"href":"https:\/\/aquahealthproducts.com\/fr\/wp-json\/wp\/v2\/media?parent=16364"}],"wp:term":[{"taxonomy":"product_brand","embeddable":true,"href":"https:\/\/aquahealthproducts.com\/fr\/wp-json\/wp\/v2\/product_brand?post=16364"},{"taxonomy":"product_cat","embeddable":true,"href":"https:\/\/aquahealthproducts.com\/fr\/wp-json\/wp\/v2\/product_cat?post=16364"},{"taxonomy":"product_tag","embeddable":true,"href":"https:\/\/aquahealthproducts.com\/fr\/wp-json\/wp\/v2\/product_tag?post=16364"}],"curies":[{"name":"wp","href":"https:\/\/api.w.org\/{rel}","templated":true}]}}