{"id":219,"date":"2023-05-18T13:00:29","date_gmt":"2023-05-18T13:00:29","guid":{"rendered":"https:\/\/aquahealthproducts.com\/?post_type=product&#038;p=219"},"modified":"2026-03-26T09:42:17","modified_gmt":"2026-03-26T09:42:17","slug":"fluoride-filters","status":"publish","type":"product","link":"https:\/\/aquahealthproducts.com\/fr\/produit\/fluoride-filters\/","title":{"rendered":"Paire de Filtres pour fluor et arsenic"},"content":{"rendered":"<p><span class=\"s1\">La plupart des filtres au charbon vont commencer par r\u00e9duire le fluor dans l\u2019eau quand ils sont neufs, mais leur capacit\u00e9 \u00e0 retirer le fluor diminue rapidement et de fa\u00e7on assez drastique, g\u00e9n\u00e9ralement dans les 200 premiers litres d\u2019eau trait\u00e9e.<span class=\"Apple-converted-space\">\u00a0<\/span><\/span><\/p>\n<p><span class=\"s1\">Pour cette raison, Berkey a d\u00e9velopp\u00e9 un autre filtre sp\u00e9cifiquement pour retirer le fluor et l&rsquo;arsenic de fa\u00e7on efficace sur une plus longue p\u00e9riode de temps. Le r\u00f4le des \u00e9l\u00e9ments Black Berkey est de retirer la majorit\u00e9 des contaminants que l\u2019on retrouve dans l\u2019eau, alors que les filtres PF-2 servent \u00e0 retirer le fluor que les \u00e9l\u00e9ments Black Berkey n\u2019arrivent plus \u00e0 capter apr\u00e8s un certain temps.<\/span><\/p>\n","protected":false},"excerpt":{"rendered":"<div id=\"product-description-short-40\" class=\"prod-description\">\n<p><span class=\"s1\">Ce filtre est sp\u00e9cifiquement con\u00e7u pour retirer le fluor et l&rsquo;arsenic de fa\u00e7on efficace sur une plus longue p\u00e9riode de temps que les filtres Black Berkey.<\/span><\/p>\n<\/div>\n<div class=\"product-actions\">\n<form id=\"add-to-cart-or-refresh\" action=\"https:\/\/aquaberkeyfilters.ca\/qc\/panier\" method=\"post\">\n<div class=\"product-variants\"><\/div>\n<section class=\"product-discounts\"><\/section>\n<div class=\"product-add-to-cart grid\">\n<div><\/div>\n<\/div>\n<\/form>\n<\/div>\n","protected":false},"featured_media":233,"template":"","meta":{"_acf_changed":false,"_monsterinsights_skip_tracking":false,"_monsterinsights_sitenote_active":false,"_monsterinsights_sitenote_note":"","_monsterinsights_sitenote_category":0},"product_brand":[200],"product_cat":[39],"product_tag":[112],"class_list":{"0":"post-219","1":"product","2":"type-product","3":"status-publish","4":"has-post-thumbnail","6":"product_brand-berkey","7":"product_cat-filtres-de-rechange","8":"product_tag-berkey","10":"first","11":"instock","12":"taxable","13":"shipping-taxable","14":"purchasable","15":"product-type-simple"},"acf":[],"_links":{"self":[{"href":"https:\/\/aquahealthproducts.com\/fr\/wp-json\/wp\/v2\/product\/219","targetHints":{"allow":["GET"]}}],"collection":[{"href":"https:\/\/aquahealthproducts.com\/fr\/wp-json\/wp\/v2\/product"}],"about":[{"href":"https:\/\/aquahealthproducts.com\/fr\/wp-json\/wp\/v2\/types\/product"}],"wp:featuredmedia":[{"embeddable":true,"href":"https:\/\/aquahealthproducts.com\/fr\/wp-json\/wp\/v2\/media\/233"}],"wp:attachment":[{"href":"https:\/\/aquahealthproducts.com\/fr\/wp-json\/wp\/v2\/media?parent=219"}],"wp:term":[{"taxonomy":"product_brand","embeddable":true,"href":"https:\/\/aquahealthproducts.com\/fr\/wp-json\/wp\/v2\/product_brand?post=219"},{"taxonomy":"product_cat","embeddable":true,"href":"https:\/\/aquahealthproducts.com\/fr\/wp-json\/wp\/v2\/product_cat?post=219"},{"taxonomy":"product_tag","embeddable":true,"href":"https:\/\/aquahealthproducts.com\/fr\/wp-json\/wp\/v2\/product_tag?post=219"}],"curies":[{"name":"wp","href":"https:\/\/api.w.org\/{rel}","templated":true}]}}