{"id":220,"date":"2023-05-18T13:00:31","date_gmt":"2023-05-18T13:00:31","guid":{"rendered":"https:\/\/aquahealthproducts.com\/?post_type=product&#038;p=220"},"modified":"2026-03-22T15:03:45","modified_gmt":"2026-03-22T15:03:45","slug":"sport-berkey-filter","status":"publish","type":"product","link":"https:\/\/aquahealthproducts.com\/fr\/produit\/sport-berkey-filter\/","title":{"rendered":"Filtre Sport Berkey"},"content":{"rendered":"<p><span class=\"s1\">Contrairement aux \u00e9l\u00e9ments Black Berkey, les filtres Sport Berkey ne sont pas nettoyables et doivent \u00eatre remplac\u00e9s une fois qu&rsquo;ils sont bouch\u00e9s. C&rsquo;est une bonne id\u00e9e de commander des filtres de remplacement Sport Berkey suppl\u00e9mentaires au moment de la commande initiale afin de r\u00e9duire les co\u00fbts d&rsquo;exp\u00e9dition plus tard, et surtout, d&rsquo;avoir toujours un filtre de rechange \u00e0 port\u00e9e de main en cas d&rsquo;urgence.<\/span><\/p>\n<p>&nbsp;<\/p>\n<h4><span class=\"s1\">Dur\u00e9e de vie du filtre:<\/span><\/h4>\n<ul>\n<li>Eau du robinet municipale: 640 recharges<\/li>\n<li>Eau brute et non trait\u00e9e: 150-350 recharges (selon la source d&rsquo;eau)<\/li>\n<\/ul>\n","protected":false},"excerpt":{"rendered":"<div id=\"product-description-short-41\" class=\"prod-description\">\n<p>Contrairement aux \u00e9l\u00e9ments Black Berkey, les filtres Sport Berkey ne sont pas nettoyables et doivent \u00eatre remplac\u00e9s une fois qu&rsquo;ils sont bouch\u00e9s.<\/p>\n<\/div>\n","protected":false},"featured_media":3572,"template":"","meta":{"_acf_changed":false,"_monsterinsights_skip_tracking":false,"_monsterinsights_sitenote_active":false,"_monsterinsights_sitenote_note":"","_monsterinsights_sitenote_category":0},"product_brand":[],"product_cat":[39],"product_tag":[112],"class_list":{"0":"post-220","1":"product","2":"type-product","3":"status-publish","4":"has-post-thumbnail","6":"product_cat-filtres-de-rechange","7":"product_tag-berkey","9":"first","10":"instock","11":"taxable","12":"shipping-taxable","13":"purchasable","14":"product-type-simple"},"acf":[],"_links":{"self":[{"href":"https:\/\/aquahealthproducts.com\/fr\/wp-json\/wp\/v2\/product\/220","targetHints":{"allow":["GET"]}}],"collection":[{"href":"https:\/\/aquahealthproducts.com\/fr\/wp-json\/wp\/v2\/product"}],"about":[{"href":"https:\/\/aquahealthproducts.com\/fr\/wp-json\/wp\/v2\/types\/product"}],"wp:featuredmedia":[{"embeddable":true,"href":"https:\/\/aquahealthproducts.com\/fr\/wp-json\/wp\/v2\/media\/3572"}],"wp:attachment":[{"href":"https:\/\/aquahealthproducts.com\/fr\/wp-json\/wp\/v2\/media?parent=220"}],"wp:term":[{"taxonomy":"product_brand","embeddable":true,"href":"https:\/\/aquahealthproducts.com\/fr\/wp-json\/wp\/v2\/product_brand?post=220"},{"taxonomy":"product_cat","embeddable":true,"href":"https:\/\/aquahealthproducts.com\/fr\/wp-json\/wp\/v2\/product_cat?post=220"},{"taxonomy":"product_tag","embeddable":true,"href":"https:\/\/aquahealthproducts.com\/fr\/wp-json\/wp\/v2\/product_tag?post=220"}],"curies":[{"name":"wp","href":"https:\/\/api.w.org\/{rel}","templated":true}]}}