{"id":226,"date":"2024-03-02T14:36:18","date_gmt":"2024-03-02T14:36:18","guid":{"rendered":"https:\/\/aquahealthproducts.com\/?post_type=product&#038;p=226"},"modified":"2026-04-12T13:17:16","modified_gmt":"2026-04-12T13:17:16","slug":"travel-berkey","status":"publish","type":"product","link":"https:\/\/aquahealthproducts.com\/fr\/produit\/travel-berkey\/","title":{"rendered":"Travel Berkey 5,7L"},"content":{"rendered":"<p class=\"p1\">Le Travel Berkey, plus petit mod\u00e8le dans la gamme des purificateurs Berkey, est id\u00e9al pour 1 \u00e0 2 personnes qui utiliseront leur syst\u00e8me surtout pour l\u2019eau de boisson.\u00a0\u00a0La taille r\u00e9duite du Travel Berkey s\u2019adapte aussi tr\u00e8s bien \u00e0 des situations o\u00f9 l\u2019espace est limit\u00e9, par exemple en camping, dans un v\u00e9hicule r\u00e9cr\u00e9atif ou lors de situations d\u2019urgence lorsque l\u2019eau potable n\u2019est pas disponible sur un bateau.<\/p>\n<p class=\"p2\"><span class=\"s1\">Le Travel Berkey est \u00e9galement un excellent compagnon de voyage lors de d\u00e9placements \u00e0 plus longue haleine dans des pays \u00e9trangers o\u00f9 l\u2019on aura besoin d\u2019eau s\u00e9curitaire pour boire et pour cuisiner.\u00a0\u00a0M\u00eame pour un voyage en avion, le Travel Berkey ne mesure que 19 cm (7,5\u201d) de diam\u00e8tre et 30,5 cm (12\u201d) de hauteur lorsque ferm\u00e9 pour le transport.\u00a0\u00a0De plus, on peut facilement mettre des v\u00eatements \u00e0 l\u2019int\u00e9rieur du Berkey pour le voyage pour ne pas perdre d\u2019espace dans la valise.<\/span><\/p>\n<p class=\"p2\"><span class=\"s1\">Fabriqu\u00e9 \u00e0 partir d\u2019acier inoxydable AISI 304, le Travel Berkey a une capacit\u00e9 de 5,7 litres et mesure 46 cm (18\u201d) de haut et 19 cm (7,5\u201d) de diam\u00e8tre lorsque en utilisation. Le r\u00e9servoir du haut s\u2019imbrique dans le r\u00e9servoir du bas pour le transport et ne mesure que 30,5 cm (12\u201d) de hauteur.<\/span><\/p>\n<p class=\"p2\"><span class=\"s1\"><strong>NOTE :<\/strong> Les syst\u00e8mes Berkey doivent \u00eatre plac\u00e9s sur le bord du comptoir ou sur un tabouret afin de pouvoir ins\u00e9rer un verre ou autre r\u00e9cipient sous le robinet.\u00a0\u00a0Vous pouvez aussi vous procurer le socle optionnel en acier inoxydable qui permet de sur\u00e9lever votre Berkey de 15,2 cm (6\u201d).<\/span><\/p>\n<p><strong>Accessoires optionnels pour ce syst\u00e8me :<br \/>\n<\/strong><\/p>\n<ul class=\"ul1\">\n<li class=\"li2\"><span class=\"s1\">\u00a0 \u00a0 \u00a0 \u00a0\u00a0Robinet en acier inoxydable<\/span><\/li>\n<li class=\"li2\"><span class=\"s1\">\u00a0 \u00a0 \u00a0 \u00a0 Robinet avec indicateur de niveau 7,5\u201d\u00a0<\/span><\/li>\n<li>\u00a0 \u00a0 \u00a0 \u00a0 <span class=\"s1\">Robinet en acier inoxydable avec indicateur de niveau 7\u201d\u00a0<\/span><\/li>\n<li class=\"li2\"><span class=\"s1\">\u00a0 \u00a0 \u00a0 \u00a0\u00a0Socle petit<\/span><\/li>\n<li class=\"li2\"><span class=\"s1\">\u00a0 \u00a0 \u00a0 \u00a0 Pompe d&rsquo;amor\u00e7age Black Berkey<\/span><\/li>\n<\/ul>\n","protected":false},"excerpt":{"rendered":"<p class=\"p1\"><span class=\"s1\">Convient \u00e0:\u00a0\u00a0<strong>1-2<\/strong><\/span><strong>\u00a0personnes<\/strong><\/p>\n<p class=\"p1\">Capacit\u00e9:\u00a0 \u00a0<strong>5.7\u00a0Litres (1.5 gallons)<\/strong><\/p>\n<p class=\"p1\"><span class=\"s1\">Hauteur:\u00a0\u00a0<strong>45.7<\/strong><\/span><strong>\u00a0cm (18&Prime;)<\/strong><\/p>\n<p class=\"p1\"><span class=\"s1\">Diam\u00e8tre:\u00a0\u00a0<strong>19<\/strong><\/span><strong>\u00a0cm (7.5&Prime;)<\/strong><\/p>\n<p class=\"p1\"><span class=\"s1\">Poids:\u00a0<strong>2.75 kgs (6.1<\/strong><\/span><strong>\u00a0lbs)<\/strong><b><\/b><\/p>\n","protected":false},"featured_media":2357,"template":"","meta":{"_acf_changed":false,"_monsterinsights_skip_tracking":false,"_monsterinsights_sitenote_active":false,"_monsterinsights_sitenote_note":"","_monsterinsights_sitenote_category":0},"product_brand":[],"product_cat":[32],"product_tag":[77,112,131,116],"class_list":{"0":"post-226","1":"product","2":"type-product","3":"status-publish","4":"has-post-thumbnail","6":"product_cat-pure","7":"product_tag-axs","8":"product_tag-berkey","9":"product_tag-purifiee","10":"product_tag-gravite","12":"first","13":"instock","14":"taxable","15":"shipping-taxable","16":"purchasable","17":"product-type-simple"},"acf":[],"_links":{"self":[{"href":"https:\/\/aquahealthproducts.com\/fr\/wp-json\/wp\/v2\/product\/226","targetHints":{"allow":["GET"]}}],"collection":[{"href":"https:\/\/aquahealthproducts.com\/fr\/wp-json\/wp\/v2\/product"}],"about":[{"href":"https:\/\/aquahealthproducts.com\/fr\/wp-json\/wp\/v2\/types\/product"}],"wp:featuredmedia":[{"embeddable":true,"href":"https:\/\/aquahealthproducts.com\/fr\/wp-json\/wp\/v2\/media\/2357"}],"wp:attachment":[{"href":"https:\/\/aquahealthproducts.com\/fr\/wp-json\/wp\/v2\/media?parent=226"}],"wp:term":[{"taxonomy":"product_brand","embeddable":true,"href":"https:\/\/aquahealthproducts.com\/fr\/wp-json\/wp\/v2\/product_brand?post=226"},{"taxonomy":"product_cat","embeddable":true,"href":"https:\/\/aquahealthproducts.com\/fr\/wp-json\/wp\/v2\/product_cat?post=226"},{"taxonomy":"product_tag","embeddable":true,"href":"https:\/\/aquahealthproducts.com\/fr\/wp-json\/wp\/v2\/product_tag?post=226"}],"curies":[{"name":"wp","href":"https:\/\/api.w.org\/{rel}","templated":true}]}}