{"id":3990,"date":"2024-03-09T07:57:14","date_gmt":"2024-03-09T07:57:14","guid":{"rendered":"https:\/\/aquahealthproducts.com\/?post_type=product&#038;p=3990"},"modified":"2026-04-14T14:40:29","modified_gmt":"2026-04-14T14:40:29","slug":"pj-6000","status":"publish","type":"product","link":"https:\/\/aquahealthproducts.com\/fr\/produit\/pj-6000\/","title":{"rendered":"PJ-6000 &#8211; Filtre interne pour ioniseurs Chanson"},"content":{"rendered":"<p>NOTE:\u00a0 Pour v\u00e9rifier si votre ioniseur MAX ou MAX Royale est dot\u00e9 du filtre PJ-6000 ou PJ-8000, ouvrez le panneau de gauche de l&rsquo;appareil.\u00a0 Si la cartouche a l&rsquo;air de l&rsquo;image ci-dessus et s&rsquo;enl\u00e8ve avec un quart de tour, il s&rsquo;agit du PJ-8000.\u00a0 Si le boitier du filtre interne est dot\u00e9 d&rsquo;un couvercle d\u00e9vissable, alors vous devez commander un filtre interne PJ-6000.<\/p>\n<p>&nbsp;<\/p>\n<p>Le PJ-6000 est le filtre interne que l&rsquo;on retrouve dans les ioniseurs Miracle et VS-70, ainsi que des ioniseurs Miracle MAX et MAX Royale produits avant 2018.<\/p>\n<ul>\n<li>Fait de charbon activ\u00e9, le PJ-6000 enl\u00e8ve le chlore, les m\u00e9taux lourds, les trihalomethanes (THM), les COV, le benz\u00e8ne, les odeurs et les contaminants organiques pr\u00e9sents dans l&rsquo;eau municipale.<\/li>\n<li>Le filtre est impr\u00e9gn\u00e9 \u00e0 l&rsquo;argent pour emp\u00eacher la croissance de bact\u00e9ries et de moisissures \u00e0 l&rsquo;int\u00e9rieur du filtre.<\/li>\n<li>La gaine de fibre synth\u00e9tique qui entoure le filtre prot\u00e8ge les \u00e9lectrodes de l&rsquo;ioniseur de l&rsquo;effet abrasif des s\u00e9diments et particules pr\u00e9sents dans l&rsquo;eau.<\/li>\n<\/ul>\n<p>La cartouche PJ-6000 doit \u00eatre remplac\u00e9 une fois par an.<\/p>\n","protected":false},"excerpt":{"rendered":"<p>Cartouche de remplacement pour filtre interne des ioniseurs Miracle et VS-70, ainsi que des ioniseurs Miracle MAX et MAX Royale produits avant 2018.\u00a0 V\u00e9rifiez votre filtre interne pour vous assurer de commander le bon filtre pour votre appareil.<\/p>\n","protected":false},"featured_media":3922,"template":"","meta":{"_acf_changed":false,"_monsterinsights_skip_tracking":false,"_monsterinsights_sitenote_active":false,"_monsterinsights_sitenote_note":"","_monsterinsights_sitenote_category":0},"product_brand":[],"product_cat":[39],"product_tag":[110],"class_list":{"0":"post-3990","1":"product","2":"type-product","3":"status-publish","4":"has-post-thumbnail","6":"product_cat-filtres-de-rechange","7":"product_tag-chanson","9":"first","10":"onbackorder","11":"taxable","12":"shipping-taxable","13":"purchasable","14":"product-type-simple"},"acf":[],"_links":{"self":[{"href":"https:\/\/aquahealthproducts.com\/fr\/wp-json\/wp\/v2\/product\/3990","targetHints":{"allow":["GET"]}}],"collection":[{"href":"https:\/\/aquahealthproducts.com\/fr\/wp-json\/wp\/v2\/product"}],"about":[{"href":"https:\/\/aquahealthproducts.com\/fr\/wp-json\/wp\/v2\/types\/product"}],"wp:featuredmedia":[{"embeddable":true,"href":"https:\/\/aquahealthproducts.com\/fr\/wp-json\/wp\/v2\/media\/3922"}],"wp:attachment":[{"href":"https:\/\/aquahealthproducts.com\/fr\/wp-json\/wp\/v2\/media?parent=3990"}],"wp:term":[{"taxonomy":"product_brand","embeddable":true,"href":"https:\/\/aquahealthproducts.com\/fr\/wp-json\/wp\/v2\/product_brand?post=3990"},{"taxonomy":"product_cat","embeddable":true,"href":"https:\/\/aquahealthproducts.com\/fr\/wp-json\/wp\/v2\/product_cat?post=3990"},{"taxonomy":"product_tag","embeddable":true,"href":"https:\/\/aquahealthproducts.com\/fr\/wp-json\/wp\/v2\/product_tag?post=3990"}],"curies":[{"name":"wp","href":"https:\/\/api.w.org\/{rel}","templated":true}]}}