{"id":3998,"date":"2024-03-09T08:09:40","date_gmt":"2024-03-09T08:09:40","guid":{"rendered":"https:\/\/aquahealthproducts.com\/?post_type=product&#038;p=3998"},"modified":"2026-04-13T23:15:24","modified_gmt":"2026-04-13T23:15:24","slug":"pj-8000","status":"publish","type":"product","link":"https:\/\/aquahealthproducts.com\/fr\/produit\/pj-8000\/","title":{"rendered":"PJ-8000 &#8211; Filtre interne pour ioniseurs Chanson"},"content":{"rendered":"<p>NOTE:\u00a0 Pour v\u00e9rifier si votre ioniseur Miracle MAX Plus ou MAX Royale est dot\u00e9 du filtre interne PJ-6000 ou PJ-8000, ouvrez le panneau de gauche de l&rsquo;appareil.\u00a0 Si le boitier du filtre interne est dot\u00e9 d&rsquo;un couvercle d\u00e9vissable, il s&rsquo;agit du PJ-6000.\u00a0 Si la cartouche n&rsquo;a pas de couvercle d\u00e9vissable, alors vous devez plut\u00f4t commander le filtre interne PJ-8000.<\/p>\n<p>&nbsp;<\/p>\n<p>Le PJ-8000 est le filtre interne que l&rsquo;on retrouve dans les ioniseurs d&rsquo;eau MAX et MAX Royale fabriqu\u00e9s depuis 2018.<\/p>\n<ul>\n<li>Fait de charbon activ\u00e9, le PJ-8000 enl\u00e8ve le chlore, les m\u00e9taux lourds, les trihalomethanes (THM), les COV, le benz\u00e8ne, les odeurs et les contaminants organiques pr\u00e9sents dans l&rsquo;eau municipale.<\/li>\n<li>Le filtre est impr\u00e9gn\u00e9 \u00e0 l&rsquo;argent pour emp\u00eacher la croissance de bact\u00e9ries et de moisissures \u00e0 l&rsquo;int\u00e9rieur du filtre.<\/li>\n<li>La gaine de fibre synth\u00e9tique qui entoure le filtre prot\u00e8ge les \u00e9lectrodes de l&rsquo;ioniseur de l&rsquo;effet abrasif des s\u00e9diments et particules pr\u00e9sents dans l&rsquo;eau.<\/li>\n<\/ul>\n<p>&nbsp;<\/p>\n<p>La cartouche PJ-8000 doit \u00eatre remplac\u00e9e une fois par an.<\/p>\n","protected":false},"excerpt":{"rendered":"<p>Cartouche de remplacement pour filtre interne des mod\u00e8les d&rsquo;ioniseurs Chanson Miracle MAX Plus et MAX Royale \u00e0 compter de 2018.<\/p>\n","protected":false},"featured_media":3926,"template":"","meta":{"_acf_changed":false,"_monsterinsights_skip_tracking":false,"_monsterinsights_sitenote_active":false,"_monsterinsights_sitenote_note":"","_monsterinsights_sitenote_category":0},"product_brand":[],"product_cat":[39],"product_tag":[110],"class_list":{"0":"post-3998","1":"product","2":"type-product","3":"status-publish","4":"has-post-thumbnail","6":"product_cat-filtres-de-rechange","7":"product_tag-chanson","9":"first","10":"onbackorder","11":"taxable","12":"shipping-taxable","13":"purchasable","14":"product-type-simple"},"acf":[],"_links":{"self":[{"href":"https:\/\/aquahealthproducts.com\/fr\/wp-json\/wp\/v2\/product\/3998","targetHints":{"allow":["GET"]}}],"collection":[{"href":"https:\/\/aquahealthproducts.com\/fr\/wp-json\/wp\/v2\/product"}],"about":[{"href":"https:\/\/aquahealthproducts.com\/fr\/wp-json\/wp\/v2\/types\/product"}],"wp:featuredmedia":[{"embeddable":true,"href":"https:\/\/aquahealthproducts.com\/fr\/wp-json\/wp\/v2\/media\/3926"}],"wp:attachment":[{"href":"https:\/\/aquahealthproducts.com\/fr\/wp-json\/wp\/v2\/media?parent=3998"}],"wp:term":[{"taxonomy":"product_brand","embeddable":true,"href":"https:\/\/aquahealthproducts.com\/fr\/wp-json\/wp\/v2\/product_brand?post=3998"},{"taxonomy":"product_cat","embeddable":true,"href":"https:\/\/aquahealthproducts.com\/fr\/wp-json\/wp\/v2\/product_cat?post=3998"},{"taxonomy":"product_tag","embeddable":true,"href":"https:\/\/aquahealthproducts.com\/fr\/wp-json\/wp\/v2\/product_tag?post=3998"}],"curies":[{"name":"wp","href":"https:\/\/api.w.org\/{rel}","templated":true}]}}