{"id":4004,"date":"2024-03-09T08:37:38","date_gmt":"2024-03-09T08:37:38","guid":{"rendered":"https:\/\/aquahealthproducts.com\/?post_type=product&#038;p=4004"},"modified":"2025-07-24T14:47:21","modified_gmt":"2025-07-24T14:47:21","slug":"acide-citrique","status":"publish","type":"product","link":"https:\/\/aquahealthproducts.com\/fr\/produit\/acide-citrique\/","title":{"rendered":"Acide citrique &#8211; 500g"},"content":{"rendered":"<p class=\"ecxMsoNormal\"><span lang=\"FR-CA\">Afin de maintenir le plus haut niveau de performance de votre ioniseur d\u2019eau CHANSON, nous vous recommandons d\u2019effectuer la proc\u00e9dure de nettoyage \u00e0 l\u2019acide citrique au moment de changer le filtre d\u2019eau de votre ioniseur (lorsque l\u2019indicateur de vie du filtre est \u00e0 0) ou au moins une fois par ann\u00e9e, selon la premi\u00e8re \u00e9ventualit\u00e9.\u00a0<\/span><\/p>\n<p class=\"ecxMsoNormal\"><span lang=\"FR-CA\">Cette proc\u00e9dure enl\u00e8vera l\u2019accumulation de min\u00e9raux des \u00e9lectrodes et des membranes de la cellule \u00e9lectrolytique afin d\u2019assurer une performance maximale d\u2019ionisation de votre ioniseur pendant de nombreuses ann\u00e9es.<\/span><\/p>\n<p class=\"ecxMsoNormal\"><u><span lang=\"FR-CA\">SI VOUS VIVEZ DANS UNE R\u00c9GION AVEC DE L\u2019EAU DURE ou\u00a0<\/span><\/u><u><span lang=\"FR-CA\">SI VOUS UTILISEZ R\u00c9GULI\u00c8REMENT DES SELS DE L\u2019HIMALAYA AVEC L\u2019IONISEUR\u00a0<i>MIRACLE MAX<\/i><\/span><\/u><\/p>\n<p class=\"ecxMsoNormal\"><span lang=\"FR-CA\">Si vous vivez dans une r\u00e9gion avec une eau tr\u00e8s dure (haute teneur en min\u00e9raux), si vous utilisez votre ioniseur pour produire beaucoup d\u2019eau acide forte ou alcaline forte ou si vous utilisez le <i>Miracle MAX ou MAX Royale <\/i>avec des sels de l\u2019Himalaya, vous devriez effectuer la proc\u00e9dure de nettoyage 3 ou 4 fois par ann\u00e9e.\u00a0<\/span><\/p>\n<p class=\"ecxMsoNormal\"><span lang=\"FR-CA\"><strong>\u00c0 NOTER\u00a0<\/strong>: Un bon conseil pour garder les plaques propres plus longtemps dans les r\u00e9gions avec une eau dure est de toujours appuyer sur le bouton \u00abpurifi\u00e9\u00bb ou \u00ab\u00a0filtr\u00e9\u00a0\u00bb (\u00ab\u00a0purified\u00a0\u00bb ou \u00ab\u00a0filtered\u00a0\u00bb selon le mod\u00e8le) et laisser couler l\u2019eau pendant 5 secondes avant de fermer l\u2019eau.\u00a0 Ceci permettra d\u2019\u00e9liminer les min\u00e9raux qui se seront accumul\u00e9s dans la cellule \u00e9lectrolytique.<\/span><\/p>\n","protected":false},"excerpt":{"rendered":"<p>L\u2019acide citrique, utilis\u00e9e en solution, permet de d\u00e9tratrer les \u00e9lectrodes de votre ioniseur \u00e9lectrique.\u00a0 Nous recommandons fortement un nettoyage 2 fois par an \u00e0 l&rsquo;acide citrique ou plus souvent si vous avez de l&rsquo;eau dure ou que vous utilisez souvent les sels de l&rsquo;Himalaya avec votre ioniseur d&rsquo;eau pour produire de l&rsquo;eau acide forte.<\/p>\n","protected":false},"featured_media":3936,"template":"","meta":{"_acf_changed":false,"_monsterinsights_skip_tracking":false,"_monsterinsights_sitenote_active":false,"_monsterinsights_sitenote_note":"","_monsterinsights_sitenote_category":0},"product_brand":[],"product_cat":[39],"product_tag":[110],"class_list":{"0":"post-4004","1":"product","2":"type-product","3":"status-publish","4":"has-post-thumbnail","6":"product_cat-filtres-de-rechange","7":"product_tag-chanson","9":"first","10":"outofstock","11":"taxable","12":"shipping-taxable","13":"purchasable","14":"product-type-simple"},"acf":[],"_links":{"self":[{"href":"https:\/\/aquahealthproducts.com\/fr\/wp-json\/wp\/v2\/product\/4004","targetHints":{"allow":["GET"]}}],"collection":[{"href":"https:\/\/aquahealthproducts.com\/fr\/wp-json\/wp\/v2\/product"}],"about":[{"href":"https:\/\/aquahealthproducts.com\/fr\/wp-json\/wp\/v2\/types\/product"}],"wp:featuredmedia":[{"embeddable":true,"href":"https:\/\/aquahealthproducts.com\/fr\/wp-json\/wp\/v2\/media\/3936"}],"wp:attachment":[{"href":"https:\/\/aquahealthproducts.com\/fr\/wp-json\/wp\/v2\/media?parent=4004"}],"wp:term":[{"taxonomy":"product_brand","embeddable":true,"href":"https:\/\/aquahealthproducts.com\/fr\/wp-json\/wp\/v2\/product_brand?post=4004"},{"taxonomy":"product_cat","embeddable":true,"href":"https:\/\/aquahealthproducts.com\/fr\/wp-json\/wp\/v2\/product_cat?post=4004"},{"taxonomy":"product_tag","embeddable":true,"href":"https:\/\/aquahealthproducts.com\/fr\/wp-json\/wp\/v2\/product_tag?post=4004"}],"curies":[{"name":"wp","href":"https:\/\/api.w.org\/{rel}","templated":true}]}}