{"id":4008,"date":"2024-03-09T08:49:23","date_gmt":"2024-03-09T08:49:23","guid":{"rendered":"https:\/\/aquahealthproducts.com\/?post_type=product&#038;p=4008"},"modified":"2026-01-01T22:05:26","modified_gmt":"2026-01-01T22:05:26","slug":"c-clean-kit","status":"publish","type":"product","link":"https:\/\/aquahealthproducts.com\/fr\/produit\/c-clean-kit\/","title":{"rendered":"C-Clean Kit pour d\u00e9tartrage"},"content":{"rendered":"<p>Au fil du temps, l&rsquo;accumulation de min\u00e9raux dans l&rsquo;eau dure cr\u00e9e du tartre sur les plaques \u00e9lectrolytiques de votre ioniseur.<\/p>\n<p>Le kit de nettoyage C-Clean Kit est con\u00e7u pour effectuer le d\u00e9tartrage p\u00e9riodique de la cellule d&rsquo;\u00e9lectrolyse de l&rsquo;ioniseur de comptoir Miracle MAX Plus ou le mod\u00e8le sous \u00e9vier MAX Royale.\u00a0 On utilise le C-Clean Kit pour tout ioniseur fabriqu\u00e9 depuis 2018 qui est dot\u00e9 du filtre interne PJ-8000.<\/p>\n<p>L&rsquo;ensemble vient avec les items suivants:<\/p>\n<ol>\n<li>Une cartouche<\/li>\n<li>5 tampons (ne pas les jeter, vous pouvez les r\u00e9utiliser plusieurs fois)<\/li>\n<li>3 sachets de 150g chaque d&rsquo;acide citrique<\/li>\n<\/ol>\n<p>Vous trouverez les instructions pour effectuer le nettoyage \u00e0 l&rsquo;acide citrique dans l&rsquo;onglet Instructions.<\/p>\n","protected":false},"excerpt":{"rendered":"<p>Le kit de nettoyage C-Clean Kit est con\u00e7u pour effectuer le d\u00e9tartrage p\u00e9riodique de la cellule d&rsquo;\u00e9lectrolyse de l&rsquo;ioniseur de comptoir Miracle MAX Plus ou du mod\u00e8le sous \u00e9vier MAX Royale.\u00a0 On utilise le C-Clean Kit pour tout ioniseur fabriqu\u00e9 depuis 2018 qui est dot\u00e9 du filtre interne PJ-8000.<\/p>\n","protected":false},"featured_media":3910,"template":"","meta":{"_acf_changed":false,"_monsterinsights_skip_tracking":false,"_monsterinsights_sitenote_active":false,"_monsterinsights_sitenote_note":"","_monsterinsights_sitenote_category":0},"product_brand":[198],"product_cat":[39],"product_tag":[110],"class_list":{"0":"post-4008","1":"product","2":"type-product","3":"status-publish","4":"has-post-thumbnail","6":"product_brand-chanson","7":"product_cat-filtres-de-rechange","8":"product_tag-chanson","10":"first","11":"onbackorder","12":"taxable","13":"shipping-taxable","14":"purchasable","15":"product-type-simple"},"acf":[],"_links":{"self":[{"href":"https:\/\/aquahealthproducts.com\/fr\/wp-json\/wp\/v2\/product\/4008","targetHints":{"allow":["GET"]}}],"collection":[{"href":"https:\/\/aquahealthproducts.com\/fr\/wp-json\/wp\/v2\/product"}],"about":[{"href":"https:\/\/aquahealthproducts.com\/fr\/wp-json\/wp\/v2\/types\/product"}],"wp:featuredmedia":[{"embeddable":true,"href":"https:\/\/aquahealthproducts.com\/fr\/wp-json\/wp\/v2\/media\/3910"}],"wp:attachment":[{"href":"https:\/\/aquahealthproducts.com\/fr\/wp-json\/wp\/v2\/media?parent=4008"}],"wp:term":[{"taxonomy":"product_brand","embeddable":true,"href":"https:\/\/aquahealthproducts.com\/fr\/wp-json\/wp\/v2\/product_brand?post=4008"},{"taxonomy":"product_cat","embeddable":true,"href":"https:\/\/aquahealthproducts.com\/fr\/wp-json\/wp\/v2\/product_cat?post=4008"},{"taxonomy":"product_tag","embeddable":true,"href":"https:\/\/aquahealthproducts.com\/fr\/wp-json\/wp\/v2\/product_tag?post=4008"}],"curies":[{"name":"wp","href":"https:\/\/api.w.org\/{rel}","templated":true}]}}