{"id":4035,"date":"2024-03-09T18:56:37","date_gmt":"2024-03-09T18:56:37","guid":{"rendered":"https:\/\/aquahealthproducts.com\/?post_type=product&#038;p=4035"},"modified":"2026-04-10T11:40:08","modified_gmt":"2026-04-10T11:40:08","slug":"alkaflow2-uc","status":"publish","type":"product","link":"https:\/\/aquahealthproducts.com\/fr\/produit\/alkaflow2-uc\/","title":{"rendered":"AlkaFlow\u2122 DUO Sous-\u00c9vier"},"content":{"rendered":"<h2><strong>De l&rsquo;eau alcaline filtr\u00e9e directement de votre robinet<\/strong><\/h2>\n<p>Le AlkaFlow 2 UC est la version sous-\u00e9vier du AlkaFlow 2.\u00a0 Les boitiers des filtres s&rsquo;installent discr\u00e8tement sous le comptoir alors que le robinet de chrome \u00e9l\u00e9gant s&rsquo;installe au dessus du comptoir sur le rebord de l&rsquo;\u00e9vier.<\/p>\n<p>Les 2 cartouches du syst\u00e8me AlkaFlow double ont des fonctions diff\u00e9rentes :<\/p>\n<p><strong>1ere cartouche: Bloc de charbon 0,5 microns<\/strong><\/p>\n<ul>\n<li>Retire les contaminants de plus 0,5 microns de diam\u00e8tre<\/li>\n<li>\u00c9limine le chlore et les mauvais go\u00fbts et odeurs<\/li>\n<li>Retire \u00e0 99,9% les microorganismes pathog\u00e8nes tels que le Giardia et le Cryptosporidium<\/li>\n<li>Retire \u00e0 98% le plomb soluble dans l&rsquo;eau<\/li>\n<li>\u00c9limine les pesticides et les COV (compos\u00e9s organiques volatils)<\/li>\n<li>Rencontre les Normes NSF 42 et NSF 53 pour la qualit\u00e9 d&rsquo;eau de consommation<\/li>\n<\/ul>\n<p><strong>2e cartouche: Filtre min\u00e9ralisant<\/strong><\/p>\n<ul>\n<li>Filtre multi-strates qui revitalise l&rsquo;eau pour en am\u00e9liorer l&rsquo;apport nutritif pour le corps<\/li>\n<li>Contient des min\u00e9raux alcalinisants pour l&rsquo;organisme (magn\u00e9sium, calcium de corail)<\/li>\n<li>Infuse l&rsquo;eau d&rsquo;ions n\u00e9gatifs pour la rendre antioxydante<\/li>\n<li>Infuse l&rsquo;eau de fr\u00e9quences \u00e0 l&rsquo;infrarouge lointain qui est b\u00e9n\u00e9fique pour l&rsquo;organisme<\/li>\n<li>Contient de la tourmaline, pierre semi-pr\u00e9cieuse reconnue pour ses bienfaits pour la sant\u00e9<\/li>\n<\/ul>\n<p>Valeur pH* : 8,5 \u00e0 9,5<br \/>\nValeur du potentiel redox* : -200 \u00e0 -500 mV<br \/>\nDur\u00e9e de vie du filtre*: environ 6 mois, bas\u00e9e sur une utilisation moyenne de 8 litres par jour<\/p>\n<p>*Ces valeurs peuvent varier selon la qualit\u00e9 de l&rsquo;eau locale.<\/p>\n<p>Le syst\u00e8me AlkaFlow 2 UC vient avec un robinet ainsi que toutes les pi\u00e8ces dont vous aurez besoin pour le raccorder au conduit d&rsquo;eau froide sous l&rsquo;\u00e9vier.\u00a0 Il faut pr\u00e9voir de percer un trou de 1 3\/8&Prime; de diam\u00e8tre sur le comptoir pour installer le robinet.<\/p>\n<p>NOTE: La performance des min\u00e9raux alcalins est \u00e0 son plus fort lorsque la cartouche est neuve, mais elle diminuera avec le temps.\u00a0 Pour compenser, il est recommand\u00e9 de graduellement diminuer le d\u00e9bit de l&rsquo;eau au fil des semaines, ce qui aura comme effet d&rsquo;augmenter le temps de contact avec les min\u00e9raux.<\/p>\n<p><strong>Dimensions<\/strong><\/p>\n<p>13\u201d H x 11\u201d L x 5\u201d P<br \/>\n33 cm H x 28 cm L x 13 P<\/p>\n<p><strong>Robinet<\/strong><\/p>\n<p>L&rsquo;unique option de couleur pour le robinet qui vient avec le syst\u00e8me AlkaFlow 2 UC est en fini chrome.\u00a0 Cependant, si vous d\u00e9sierz agencer la couleur avec votre robinetterie de cuisine, vous pouvez le remplacer avec n&rsquo;importe quel robinet pour syst\u00e8me de filtration d&rsquo;eau que vous trouverez dans une plomberie ou un centre de r\u00e9novations.<\/p>\n","protected":false},"excerpt":{"rendered":"<p>Le AlkaFlow 2 UC offre le m\u00eame niveau de filtration et de min\u00e9ralization que le AlkaFlow 2 de comptoir, mais les boitiers des filtres s&rsquo;installent discr\u00e8tement sous l&rsquo;\u00e9vier, lib\u00e9rant ainsi votre espace comptoir.\u00a0 Le AlkaFlow 2 UC vient avec un robinet \u00e9l\u00e9gant que l&rsquo;on installe sur le coin de l&rsquo;\u00e9vier.<\/p>\n","protected":false},"featured_media":16274,"template":"","meta":{"_acf_changed":false,"_monsterinsights_skip_tracking":false,"_monsterinsights_sitenote_active":false,"_monsterinsights_sitenote_note":"","_monsterinsights_sitenote_category":0},"product_brand":[179],"product_cat":[80],"product_tag":[111,132,119],"class_list":{"0":"post-4035","1":"product","2":"type-product","3":"status-publish","4":"has-post-thumbnail","6":"product_brand-alkaflow","7":"product_cat-alkafiltre","8":"product_tag-alkaflow","9":"product_tag-eau-alcaline","10":"product_tag-sous-evier","12":"first","13":"instock","14":"taxable","15":"shipping-taxable","16":"purchasable","17":"product-type-simple"},"acf":[],"_links":{"self":[{"href":"https:\/\/aquahealthproducts.com\/fr\/wp-json\/wp\/v2\/product\/4035","targetHints":{"allow":["GET"]}}],"collection":[{"href":"https:\/\/aquahealthproducts.com\/fr\/wp-json\/wp\/v2\/product"}],"about":[{"href":"https:\/\/aquahealthproducts.com\/fr\/wp-json\/wp\/v2\/types\/product"}],"wp:featuredmedia":[{"embeddable":true,"href":"https:\/\/aquahealthproducts.com\/fr\/wp-json\/wp\/v2\/media\/16274"}],"wp:attachment":[{"href":"https:\/\/aquahealthproducts.com\/fr\/wp-json\/wp\/v2\/media?parent=4035"}],"wp:term":[{"taxonomy":"product_brand","embeddable":true,"href":"https:\/\/aquahealthproducts.com\/fr\/wp-json\/wp\/v2\/product_brand?post=4035"},{"taxonomy":"product_cat","embeddable":true,"href":"https:\/\/aquahealthproducts.com\/fr\/wp-json\/wp\/v2\/product_cat?post=4035"},{"taxonomy":"product_tag","embeddable":true,"href":"https:\/\/aquahealthproducts.com\/fr\/wp-json\/wp\/v2\/product_tag?post=4035"}],"curies":[{"name":"wp","href":"https:\/\/api.w.org\/{rel}","templated":true}]}}