{"id":4036,"date":"2024-03-09T19:11:11","date_gmt":"2024-03-09T19:11:11","guid":{"rendered":"https:\/\/aquahealthproducts.com\/?post_type=product&#038;p=4036"},"modified":"2026-03-13T18:28:12","modified_gmt":"2026-03-13T18:28:12","slug":"cartouches-c3","status":"publish","type":"product","link":"https:\/\/aquahealthproducts.com\/fr\/produit\/cartouches-c3\/","title":{"rendered":"Cartouches de rechange pour pr\u00e9-filtre C3"},"content":{"rendered":"<p>Cette combinaison de cartouches de remplacement est pour les syst\u00e8mes de filtration C-3 install\u00e9s dans des villes o\u00f9 aucun fluor n&rsquo;a \u00e9t\u00e9 ajout\u00e9 \u00e0 l&rsquo;eau du r\u00e9seau (c&rsquo;est le cas de la plupart des municipalit\u00e9s au Qu\u00e9bec).<\/p>\n<ul>\n<li>Cartouche 1: Filtre de s\u00e9diments 5 microns<\/li>\n<li>Cartouche 2: Filtre KDF-55\/GAC<\/li>\n<li>Cartouche 3: Block de carbone<\/li>\n<\/ul>\n<div class=\"nd-region-footer clear-block \">\n<div class=\"field field-body\">\n<div class=\"product-body\">\n<p>Les cartouches doivent \u00eatre remplac\u00e9es au moins une fois par ann\u00e9e en m\u00eame temps que le filtre interne de l&rsquo;ioniseur.<\/p>\n<p>Cet ensemble n&rsquo;inclut que les cartouches et non pas les bo\u00eetiers ni connexions du pr\u00e9-filtre.<\/p>\n<\/div>\n<\/div>\n<\/div>\n","protected":false},"excerpt":{"rendered":"<p>Cartouches de rechange pour pr\u00e9-filtre C-3 pour les r\u00e9gions qui ne contiennent pas de fluor dans l&rsquo;eau municipale (la plupart des municipalit\u00e9s au Qu\u00e9bec).<\/p>\n","protected":false},"featured_media":4041,"template":"","meta":{"_acf_changed":false,"_monsterinsights_skip_tracking":false,"_monsterinsights_sitenote_active":false,"_monsterinsights_sitenote_note":"","_monsterinsights_sitenote_category":0},"product_brand":[],"product_cat":[39],"product_tag":[110],"class_list":{"0":"post-4036","1":"product","2":"type-product","3":"status-publish","4":"has-post-thumbnail","6":"product_cat-filtres-de-rechange","7":"product_tag-chanson","9":"first","10":"onbackorder","11":"taxable","12":"shipping-taxable","13":"purchasable","14":"product-type-woosb"},"acf":[],"_links":{"self":[{"href":"https:\/\/aquahealthproducts.com\/fr\/wp-json\/wp\/v2\/product\/4036","targetHints":{"allow":["GET"]}}],"collection":[{"href":"https:\/\/aquahealthproducts.com\/fr\/wp-json\/wp\/v2\/product"}],"about":[{"href":"https:\/\/aquahealthproducts.com\/fr\/wp-json\/wp\/v2\/types\/product"}],"wp:featuredmedia":[{"embeddable":true,"href":"https:\/\/aquahealthproducts.com\/fr\/wp-json\/wp\/v2\/media\/4041"}],"wp:attachment":[{"href":"https:\/\/aquahealthproducts.com\/fr\/wp-json\/wp\/v2\/media?parent=4036"}],"wp:term":[{"taxonomy":"product_brand","embeddable":true,"href":"https:\/\/aquahealthproducts.com\/fr\/wp-json\/wp\/v2\/product_brand?post=4036"},{"taxonomy":"product_cat","embeddable":true,"href":"https:\/\/aquahealthproducts.com\/fr\/wp-json\/wp\/v2\/product_cat?post=4036"},{"taxonomy":"product_tag","embeddable":true,"href":"https:\/\/aquahealthproducts.com\/fr\/wp-json\/wp\/v2\/product_tag?post=4036"}],"curies":[{"name":"wp","href":"https:\/\/api.w.org\/{rel}","templated":true}]}}