{"id":4037,"date":"2024-03-09T19:15:52","date_gmt":"2024-03-09T19:15:52","guid":{"rendered":"https:\/\/aquahealthproducts.com\/?post_type=product&#038;p=4037"},"modified":"2026-04-14T07:43:23","modified_gmt":"2026-04-14T07:43:23","slug":"p-7000","status":"publish","type":"product","link":"https:\/\/aquahealthproducts.com\/fr\/produit\/p-7000\/","title":{"rendered":"P-7000 &#8211; Cartouche pour pr\u00e9-filtre PF-207"},"content":{"rendered":"<p>Cartouche de remplacement pour votre pr\u00e9-filtre PF-207. \u00a0Celle-ci doit \u00eatre remplac\u00e9e annuellement, en m\u00eame temps que le filtre interne de votre ioniseur d&rsquo;eau.<\/p>\n<p>Pour une description d\u00e9taill\u00e9e du filtre,\u00a0<a href=\"https:\/\/aquahealthproducts.com\/produit\/pre-filtre-pour-ioniseurs\/\">cliquez ici<\/a>.<\/p>\n","protected":false},"excerpt":{"rendered":"<p>Cartouche de remplacement P7000 pour votre pr\u00e9-filtre PF-207. \u00a0Celle-ci doit \u00eatre remplac\u00e9e annuellement, en m\u00eame temps que le filtre interne de votre ioniseur d&rsquo;eau.<\/p>\n","protected":false},"featured_media":4044,"template":"","meta":{"_acf_changed":false,"_monsterinsights_skip_tracking":false,"_monsterinsights_sitenote_active":false,"_monsterinsights_sitenote_note":"","_monsterinsights_sitenote_category":0},"product_brand":[],"product_cat":[39],"product_tag":[110],"class_list":{"0":"post-4037","1":"product","2":"type-product","3":"status-publish","4":"has-post-thumbnail","6":"product_cat-filtres-de-rechange","7":"product_tag-chanson","9":"first","10":"onbackorder","11":"taxable","12":"shipping-taxable","13":"purchasable","14":"product-type-simple"},"acf":[],"_links":{"self":[{"href":"https:\/\/aquahealthproducts.com\/fr\/wp-json\/wp\/v2\/product\/4037","targetHints":{"allow":["GET"]}}],"collection":[{"href":"https:\/\/aquahealthproducts.com\/fr\/wp-json\/wp\/v2\/product"}],"about":[{"href":"https:\/\/aquahealthproducts.com\/fr\/wp-json\/wp\/v2\/types\/product"}],"wp:featuredmedia":[{"embeddable":true,"href":"https:\/\/aquahealthproducts.com\/fr\/wp-json\/wp\/v2\/media\/4044"}],"wp:attachment":[{"href":"https:\/\/aquahealthproducts.com\/fr\/wp-json\/wp\/v2\/media?parent=4037"}],"wp:term":[{"taxonomy":"product_brand","embeddable":true,"href":"https:\/\/aquahealthproducts.com\/fr\/wp-json\/wp\/v2\/product_brand?post=4037"},{"taxonomy":"product_cat","embeddable":true,"href":"https:\/\/aquahealthproducts.com\/fr\/wp-json\/wp\/v2\/product_cat?post=4037"},{"taxonomy":"product_tag","embeddable":true,"href":"https:\/\/aquahealthproducts.com\/fr\/wp-json\/wp\/v2\/product_tag?post=4037"}],"curies":[{"name":"wp","href":"https:\/\/api.w.org\/{rel}","templated":true}]}}