{"id":4047,"date":"2024-03-09T20:22:03","date_gmt":"2024-03-09T20:22:03","guid":{"rendered":"https:\/\/aquahealthproducts.com\/?post_type=product&#038;p=4047"},"modified":"2026-03-22T20:04:18","modified_gmt":"2026-03-22T20:04:18","slug":"recharge-douche-spa","status":"publish","type":"product","link":"https:\/\/aquahealthproducts.com\/fr\/produit\/recharge-douche-spa\/","title":{"rendered":"Recharge pour filtre de douche SPA"},"content":{"rendered":"<p>Le filtre de douche SPA a une dur\u00e9e de vie approximative de 15 \u00e0 20 000 litres d&rsquo;eau, selon la quantit\u00e9 de chlore que l&rsquo;on retrouve dans l&rsquo;approvisionnement en eau locale.\u00a0 Il faut calculer environ 5 litres d&rsquo;eau par minute de douche.<\/p>\n<p>Le filtre de douche SPA contient 2 m\u00e9diums filtrants diff\u00e9rents, soit le sulfite de calcium (flocons blancs) et des billes de c\u00e9ramique (voir images). Il est temps de changer le m\u00e9dium filtrant lorsqu&rsquo;il ne reste plus de flocons de sulfite de calcium dans le boitier du filtre.<\/p>\n<p>Pour recharger le filtre, simplement d\u00e9visser le bouchon qui se trouve \u00e0 l&rsquo;arri\u00e8re du boitier, vider le contenu du filtre (il ne devrait rester que les vieilles billes de c\u00e9ramique), verser le contenu du sachet de la Recharge pour filtre de douche SPA (flocons de sulfite de calcium + nouvelles billes de calcium) dans le boitier et refermer en vissant le bouchon.<\/p>\n<p>&nbsp;<\/p>\n<p><strong>Produit discontinu\u00e9<\/strong><\/p>\n<p>Le filtre de douche SPA n&rsquo;est plus disponible \u00e0 l&rsquo;achat mais nous proposons encore la recharge.\u00a0 Si vous souhaitez remplacer votre filtre au complet ou alors ajouter un deuxi\u00e8me filtre de douche pour une autre salle de bain, nous vous recommandons le <a href=\"https:\/\/aquahealthproducts.com\/produit\/filtre-de-douche-aquabliss\/\">filtre de douche min\u00e9ralisant AquaBliss<\/a>.<\/p>\n","protected":false},"excerpt":{"rendered":"<div id=\"product-description-short-168\" class=\"prod-description\">\n<p>Nul besoin de jeter votre filtre de douche SPA lorsque celui-ci a atteint sa fin de vie.\u00a0 Simplement remplacer le medium filtrant qui se trouve \u00e0 l&rsquo;int\u00e9rieur.\u00a0 Un choix nettement plus \u00e9cologique!<\/p>\n<\/div>\n<div class=\"product-actions\">\n<form id=\"add-to-cart-or-refresh\" action=\"https:\/\/aquaberkeyfilters.ca\/qc\/panier\" method=\"post\">\n<div class=\"product-variants\"><\/div>\n<div id=\"multiAccessoriesTab\">\n<div class=\"accessories_table_price\"><\/div>\n<\/div>\n<\/form>\n<\/div>\n","protected":false},"featured_media":3940,"template":"","meta":{"_acf_changed":false,"_monsterinsights_skip_tracking":false,"_monsterinsights_sitenote_active":false,"_monsterinsights_sitenote_note":"","_monsterinsights_sitenote_category":0},"product_brand":[],"product_cat":[39],"product_tag":[110],"class_list":{"0":"post-4047","1":"product","2":"type-product","3":"status-publish","4":"has-post-thumbnail","6":"product_cat-filtres-de-rechange","7":"product_tag-chanson","9":"first","10":"instock","11":"taxable","12":"shipping-taxable","13":"purchasable","14":"product-type-simple"},"acf":[],"_links":{"self":[{"href":"https:\/\/aquahealthproducts.com\/fr\/wp-json\/wp\/v2\/product\/4047","targetHints":{"allow":["GET"]}}],"collection":[{"href":"https:\/\/aquahealthproducts.com\/fr\/wp-json\/wp\/v2\/product"}],"about":[{"href":"https:\/\/aquahealthproducts.com\/fr\/wp-json\/wp\/v2\/types\/product"}],"wp:featuredmedia":[{"embeddable":true,"href":"https:\/\/aquahealthproducts.com\/fr\/wp-json\/wp\/v2\/media\/3940"}],"wp:attachment":[{"href":"https:\/\/aquahealthproducts.com\/fr\/wp-json\/wp\/v2\/media?parent=4047"}],"wp:term":[{"taxonomy":"product_brand","embeddable":true,"href":"https:\/\/aquahealthproducts.com\/fr\/wp-json\/wp\/v2\/product_brand?post=4047"},{"taxonomy":"product_cat","embeddable":true,"href":"https:\/\/aquahealthproducts.com\/fr\/wp-json\/wp\/v2\/product_cat?post=4047"},{"taxonomy":"product_tag","embeddable":true,"href":"https:\/\/aquahealthproducts.com\/fr\/wp-json\/wp\/v2\/product_tag?post=4047"}],"curies":[{"name":"wp","href":"https:\/\/api.w.org\/{rel}","templated":true}]}}