{"id":4094,"date":"2024-03-10T03:18:16","date_gmt":"2024-03-10T03:18:16","guid":{"rendered":"https:\/\/aquahealthproducts.com\/?post_type=product&#038;p=4094"},"modified":"2026-03-06T19:42:34","modified_gmt":"2026-03-06T19:42:34","slug":"bouchons-dobturation","status":"publish","type":"product","link":"https:\/\/aquahealthproducts.com\/fr\/produit\/bouchons-dobturation\/","title":{"rendered":"2 bouchons d&rsquo;obturation"},"content":{"rendered":"<div id=\"product-description-short-59\" class=\"prod-description\">\n<p><span class=\"s1\">Deux (2) bouchons d&rsquo;obturation pour bloquer les trous de filtre inutilis\u00e9s dans la chambre sup\u00e9rieure de tous les syst\u00e8mes Berkey et AQUA Coldstream en acier inoxydable.<\/span><\/p>\n<p><span class=\"s1\">Convient \u00e0 tous les syst\u00e8mes Berkey et AQUA Coldstream en acier inoxydable, y compris les mod\u00e8les:<\/span><strong><span class=\"s1\"><br \/>\n<\/span><\/strong><\/p>\n<ul>\n<li>Big Berkey<\/li>\n<li>Royal Berkey<\/li>\n<li>Imperial Berkey<\/li>\n<li>Crown Berkey<\/li>\n<li>AQUA Coldstream 6L<\/li>\n<li>AQUA Coldstream 9L<\/li>\n<li>AQUA Coldstream 12L<\/li>\n<\/ul>\n<p><span class=\"s1\">Tous les syst\u00e8mes en acier inoxydable sont livr\u00e9s avec la quantit\u00e9 appropri\u00e9e de bouchons d&rsquo;obturation; en cas de perte ou de dommage, les bouchons peuvent \u00eatre achet\u00e9es \u00e0 part<\/span><\/p>\n<p><span class=\"s1\">Ne convient pas au syst\u00e8me en plastique Berkey Light<\/span>.<\/p>\n<\/div>\n<div class=\"product-actions\">\n<form id=\"add-to-cart-or-refresh\" action=\"https:\/\/aquaberkeyfilters.ca\/qc\/panier\" method=\"post\">\n<div><\/div>\n<\/form>\n<\/div>\n<p><strong>Les bouchons d&rsquo;obturation sont vendus en paires.<\/strong><\/p>\n<p>&nbsp;<\/p>\n","protected":false},"excerpt":{"rendered":"<div id=\"product-description-short-44\" class=\"prod-description\">\n<div id=\"product-description-short-59\" class=\"prod-description\">\n<p>Ces bouchons d&rsquo;obturation servent \u00e0 bloquer les trous de filtre inutilis\u00e9s dans le r\u00e9servoir sup\u00e9rieur des syst\u00e8mes Berkey en acier inoxydable.\u00a0 Vendu en paires.<\/p>\n<\/div>\n<div class=\"product-actions\">\n<form id=\"add-to-cart-or-refresh\" action=\"https:\/\/aquaberkeyfilters.ca\/qc\/panier\" method=\"post\">\n<div class=\"product-variants\"><\/div>\n<section class=\"product-discounts\"><\/section>\n<div class=\"product-add-to-cart grid\">\n<div><\/div>\n<\/div>\n<\/form>\n<\/div>\n<\/div>\n<div class=\"product-actions\">\n<form id=\"add-to-cart-or-refresh\" action=\"https:\/\/aquaberkeyfilters.ca\/qc\/panier\" method=\"post\">\n<div class=\"product-variants\"><\/div>\n<section class=\"product-discounts\"><\/section>\n<div class=\"product-add-to-cart grid\">\n<div><\/div>\n<\/div>\n<\/form>\n<\/div>\n","protected":false},"featured_media":4074,"template":"","meta":{"_acf_changed":false,"_monsterinsights_skip_tracking":false,"_monsterinsights_sitenote_active":false,"_monsterinsights_sitenote_note":"","_monsterinsights_sitenote_category":0},"product_brand":[],"product_cat":[113],"product_tag":[112],"class_list":{"0":"post-4094","1":"product","2":"type-product","3":"status-publish","4":"has-post-thumbnail","6":"product_cat-pieces-de-rechange","7":"product_tag-berkey","9":"first","10":"instock","11":"taxable","12":"shipping-taxable","13":"purchasable","14":"product-type-simple"},"acf":[],"_links":{"self":[{"href":"https:\/\/aquahealthproducts.com\/fr\/wp-json\/wp\/v2\/product\/4094","targetHints":{"allow":["GET"]}}],"collection":[{"href":"https:\/\/aquahealthproducts.com\/fr\/wp-json\/wp\/v2\/product"}],"about":[{"href":"https:\/\/aquahealthproducts.com\/fr\/wp-json\/wp\/v2\/types\/product"}],"wp:featuredmedia":[{"embeddable":true,"href":"https:\/\/aquahealthproducts.com\/fr\/wp-json\/wp\/v2\/media\/4074"}],"wp:attachment":[{"href":"https:\/\/aquahealthproducts.com\/fr\/wp-json\/wp\/v2\/media?parent=4094"}],"wp:term":[{"taxonomy":"product_brand","embeddable":true,"href":"https:\/\/aquahealthproducts.com\/fr\/wp-json\/wp\/v2\/product_brand?post=4094"},{"taxonomy":"product_cat","embeddable":true,"href":"https:\/\/aquahealthproducts.com\/fr\/wp-json\/wp\/v2\/product_cat?post=4094"},{"taxonomy":"product_tag","embeddable":true,"href":"https:\/\/aquahealthproducts.com\/fr\/wp-json\/wp\/v2\/product_tag?post=4094"}],"curies":[{"name":"wp","href":"https:\/\/api.w.org\/{rel}","templated":true}]}}