{"id":4188,"date":"2024-03-10T22:33:59","date_gmt":"2024-03-10T22:33:59","guid":{"rendered":"https:\/\/aquahealthproducts.com\/?post_type=product&#038;p=4188"},"modified":"2026-01-01T22:07:40","modified_gmt":"2026-01-01T22:07:40","slug":"gouttes-biofilm","status":"publish","type":"product","link":"https:\/\/aquahealthproducts.com\/fr\/produit\/gouttes-biofilm\/","title":{"rendered":"Gouttes Biofilm"},"content":{"rendered":"<p dir=\"ltr\">Les gouttes de purification d\u2019eau Biofilm emp\u00eachent la prolif\u00e9ration des bact\u00e9ries dans des contenants d&rsquo;eau et augmentent la dur\u00e9e de conservation de l\u2019eau purifi\u00e9e jusqu\u2019\u00e0 cinq ans. Les gouttes Biofilm fonctionnement particuli\u00e8rement bien avec tous les types de filtre \u00e0 eau et les contenants qui recueillent l\u2019eau de pluie.<\/p>\n<p dir=\"ltr\">Elles peuvent traiter jusqu\u2019\u00e0 1250 litres d\u2019eau, soit assez pour les courtes et longues situations d\u2019urgence.<\/p>\n<p dir=\"ltr\">Assurez-vous d\u2019\u00eatre bien pr\u00e9par\u00e9 pour affronter la prochaine catastrophe qui pourrait affecter votre r\u00e9gion en ajoutant les gouttes Biofilm \u00e0 votre trousse d\u2019urgence!<\/p>\n","protected":false},"excerpt":{"rendered":"<div id=\"product-description-short-44\" class=\"prod-description\">\n<div id=\"product-description-short-59\" class=\"prod-description\">\n<p>Les gouttes de purification d&rsquo;eau Biofilm emp\u00eachent la prolif\u00e9ration de bact\u00e9ries dans des contenants d&rsquo;eau et augmentent la dur\u00e9e de conservation de l\u2019eau purifi\u00e9e jusqu\u2019\u00e0 cinq ans.<\/p>\n<\/div>\n<\/div>\n<div class=\"product-actions\">\n<form id=\"add-to-cart-or-refresh\" action=\"https:\/\/aquaberkeyfilters.ca\/qc\/panier\" method=\"post\">\n<div class=\"product-variants\"><\/div>\n<section class=\"product-discounts\"><\/section>\n<div class=\"product-add-to-cart grid\">\n<div><\/div>\n<\/div>\n<\/form>\n<\/div>\n","protected":false},"featured_media":4189,"template":"","meta":{"_acf_changed":false,"_monsterinsights_skip_tracking":false,"_monsterinsights_sitenote_active":false,"_monsterinsights_sitenote_note":"","_monsterinsights_sitenote_category":0},"product_brand":[],"product_cat":[27],"product_tag":[],"class_list":{"0":"post-4188","1":"product","2":"type-product","3":"status-publish","4":"has-post-thumbnail","6":"product_cat-accessoires","8":"first","9":"instock","10":"sale","11":"taxable","12":"shipping-taxable","13":"purchasable","14":"product-type-simple"},"acf":[],"_links":{"self":[{"href":"https:\/\/aquahealthproducts.com\/fr\/wp-json\/wp\/v2\/product\/4188","targetHints":{"allow":["GET"]}}],"collection":[{"href":"https:\/\/aquahealthproducts.com\/fr\/wp-json\/wp\/v2\/product"}],"about":[{"href":"https:\/\/aquahealthproducts.com\/fr\/wp-json\/wp\/v2\/types\/product"}],"wp:featuredmedia":[{"embeddable":true,"href":"https:\/\/aquahealthproducts.com\/fr\/wp-json\/wp\/v2\/media\/4189"}],"wp:attachment":[{"href":"https:\/\/aquahealthproducts.com\/fr\/wp-json\/wp\/v2\/media?parent=4188"}],"wp:term":[{"taxonomy":"product_brand","embeddable":true,"href":"https:\/\/aquahealthproducts.com\/fr\/wp-json\/wp\/v2\/product_brand?post=4188"},{"taxonomy":"product_cat","embeddable":true,"href":"https:\/\/aquahealthproducts.com\/fr\/wp-json\/wp\/v2\/product_cat?post=4188"},{"taxonomy":"product_tag","embeddable":true,"href":"https:\/\/aquahealthproducts.com\/fr\/wp-json\/wp\/v2\/product_tag?post=4188"}],"curies":[{"name":"wp","href":"https:\/\/api.w.org\/{rel}","templated":true}]}}