{"id":4209,"date":"2024-03-11T03:40:52","date_gmt":"2024-03-11T03:40:52","guid":{"rendered":"https:\/\/aquahealthproducts.com\/?post_type=product&#038;p=4209"},"modified":"2026-04-14T17:49:54","modified_gmt":"2026-04-14T17:49:54","slug":"cartouches-alkaflow-double","status":"publish","type":"product","link":"https:\/\/aquahealthproducts.com\/fr\/produit\/cartouches-alkaflow-double\/","title":{"rendered":"Cartouches de rechange pour AlkaFlow Duo"},"content":{"rendered":"<p><strong>1ere cartouche: Bloc de charbon 0,5 microns<\/strong><\/p>\n<ul>\n<li>Retire les contaminants de plus 0,5 microns de diam\u00e8tre<\/li>\n<li>\u00c9limine le chlore et les mauvais go\u00fbts et odeurs<\/li>\n<li>Retire \u00e0 99,9% les microorganismes pathog\u00e8nes tels que le Giardia et le Cryptosporidium<\/li>\n<li>Retire \u00e0 98% le plomb soluble dans l&rsquo;eau<\/li>\n<li>\u00c9limine les pesticides et les COV (compos\u00e9s organiques volatils)<\/li>\n<li>Rencontre les Normes NSF 42 et NSF 53 pour la qualit\u00e9 d&rsquo;eau de consommation<\/li>\n<\/ul>\n<p><strong>2e cartouche: Filtre min\u00e9ralisant<\/strong><\/p>\n<ul>\n<li>Filtre multi-strates qui revitalise l&rsquo;eau pour en am\u00e9liorer l&rsquo;apport nutritif pour le corps<\/li>\n<li>Contient des min\u00e9raux alcalins (magn\u00e9sium, calcium de corail)<\/li>\n<li>Augmente le pH de l&rsquo;eau de 2 \u00e0 3 points<\/li>\n<li>Infuse l&rsquo;eau d&rsquo;ions n\u00e9gatifs pour la rendre antioxydante<\/li>\n<li>Infuse l&rsquo;eau d&rsquo;\u00e9nergie infrarouge qui est b\u00e9n\u00e9fique pour l&rsquo;organisme<\/li>\n<li>Contient de la tourmaline, pierre semi-pr\u00e9cieuse reconnue pour ses bienfaits pour la sant\u00e9<\/li>\n<\/ul>\n<p><strong><br \/>\nDur\u00e9e de vie des filtres :<\/strong>\u00a0environ 6 mois, bas\u00e9e sur une utilisation moyenne de 8 litres par jour.\u00a0 La dur\u00e9e de vie du filtre peut varier selon les conditions d&rsquo;eau locale.<\/p>\n","protected":false},"excerpt":{"rendered":"<p>Cette paire de cartouches de rechange est destin\u00e9e au syst\u00e8me Alkaflow Duo (mod\u00e8le de comptoir ou mod\u00e8le sous-\u00e9vier \u00e0 deux cartouches).<\/p>\n","protected":false},"featured_media":10196,"template":"","meta":{"_acf_changed":false,"_monsterinsights_skip_tracking":false,"_monsterinsights_sitenote_active":false,"_monsterinsights_sitenote_note":"","_monsterinsights_sitenote_category":0},"product_brand":[179],"product_cat":[39],"product_tag":[111,132],"class_list":{"0":"post-4209","1":"product","2":"type-product","3":"status-publish","4":"has-post-thumbnail","6":"product_brand-alkaflow","7":"product_cat-filtres-de-rechange","8":"product_tag-alkaflow","9":"product_tag-eau-alcaline","11":"first","12":"instock","13":"taxable","14":"shipping-taxable","15":"purchasable","16":"product-type-simple"},"acf":[],"_links":{"self":[{"href":"https:\/\/aquahealthproducts.com\/fr\/wp-json\/wp\/v2\/product\/4209","targetHints":{"allow":["GET"]}}],"collection":[{"href":"https:\/\/aquahealthproducts.com\/fr\/wp-json\/wp\/v2\/product"}],"about":[{"href":"https:\/\/aquahealthproducts.com\/fr\/wp-json\/wp\/v2\/types\/product"}],"wp:featuredmedia":[{"embeddable":true,"href":"https:\/\/aquahealthproducts.com\/fr\/wp-json\/wp\/v2\/media\/10196"}],"wp:attachment":[{"href":"https:\/\/aquahealthproducts.com\/fr\/wp-json\/wp\/v2\/media?parent=4209"}],"wp:term":[{"taxonomy":"product_brand","embeddable":true,"href":"https:\/\/aquahealthproducts.com\/fr\/wp-json\/wp\/v2\/product_brand?post=4209"},{"taxonomy":"product_cat","embeddable":true,"href":"https:\/\/aquahealthproducts.com\/fr\/wp-json\/wp\/v2\/product_cat?post=4209"},{"taxonomy":"product_tag","embeddable":true,"href":"https:\/\/aquahealthproducts.com\/fr\/wp-json\/wp\/v2\/product_tag?post=4209"}],"curies":[{"name":"wp","href":"https:\/\/api.w.org\/{rel}","templated":true}]}}