{"id":4213,"date":"2024-03-11T04:02:04","date_gmt":"2024-03-11T04:02:04","guid":{"rendered":"https:\/\/aquahealthproducts.com\/?post_type=product&#038;p=4213"},"modified":"2026-03-31T08:51:38","modified_gmt":"2026-03-31T08:51:38","slug":"mayu-essential-blend","status":"publish","type":"product","link":"https:\/\/aquahealthproducts.com\/fr\/produit\/mayu-essential-blend\/","title":{"rendered":"Mayu Essential Blend"},"content":{"rendered":"<p>MAYU Essential Blend est un suppl\u00e9ment enti\u00e8rement naturel con\u00e7u pour reconstituer votre corps avec les min\u00e9raux essentiels qui auraient d\u00fb \u00eatre pr\u00e9sents dans votre eau. Cette formule insipide, fabriqu\u00e9e aux \u00c9tats-Unis et certifi\u00e9e NSF, est sans sucre, sans acide, sans gluten, v\u00e9g\u00e9talienne et recommand\u00e9e aux adultes ainsi qu&rsquo;aux enfants pour renforcer la sant\u00e9 de votre esprit et de votre corps, dans notre monde en constante \u00e9volution.<\/p>\n<p>MAYU Essential Blends sont des gouttes hautement concentr\u00e9es, 100 % naturelles, sans conservateurs, ar\u00f4mes ou \u00e9dulcorants ajout\u00e9s.\u00a0Elles contiennent 72 oligo-\u00e9l\u00e9ments, dont:<\/p>\n<ul>\n<li>Le calcium qui renforce les os et les muscles<\/li>\n<li>Le magn\u00e9sium qui augmente l&rsquo;\u00e9nergie et favorise la sant\u00e9 cardiovasculaire<\/li>\n<li>Le potassium qui maintient l&rsquo;\u00e9quilibre hydrique et soutient la fonction cardiaque<\/li>\n<li>Le zinc et le fer qui alimentent votre syst\u00e8me immunitaire et le transport de l&rsquo;oxyg\u00e8ne<\/li>\n<li>L&rsquo;iode et le phosphore qui assurent le bon fonctionnement de la thyro\u00efde et la production d&rsquo;\u00e9nergie<\/li>\n<li>Le sodium qui maintient l\u2019\u00e9quilibre des fluides et le bore favorise la sant\u00e9 du cerveau.<\/li>\n<li>La silice qui am\u00e9liore votre peau, vos cheveux et vos ongles.<\/li>\n<\/ul>\n<p>D\u00e9couvrez\u00a0l&rsquo;\u00e9tendue des bienfaits des gouttes MAYU Essential Blend et nourrissez la vitalit\u00e9 de votre corps gr\u00e2ce \u00e0 ces min\u00e9raux essentiels.<\/p>\n<p>\u200b<\/p>\n<p>Tout naturel\u00a0: sans conservateurs, ar\u00f4mes, sucre ou \u00e9dulcorants ajout\u00e9s. Sans OGM. Sans gluten.<\/p>\n<p><strong>Utilisation\u00a0:<\/strong>\u00a0ajouter 8 gouttes (0.4ml) \u00e0 1 litre d&rsquo;eau<\/p>\n<p>Volume\u00a0: 30 ml, assez pour environ 60 litres d&rsquo;eau.<\/p>\n<p>Fabriqu\u00e9 aux \u00c9tats-Unis\u00a0dans une usine de fabrication certifi\u00e9e NSF.<\/p>\n","protected":false},"excerpt":{"rendered":"<p>Notre mode de vie et notre alimentation modernes nous rendent d\u00e9ficients en de nombreux nutriments et oligo-\u00e9l\u00e9ments et fragilisent notre syst\u00e8me immunitaire. MAYU Essential Blend est un m\u00e9lange 100% naturel de gouttes hautement concentr\u00e9es pour enrichir l&rsquo;eau (ou toute autre boisson).<\/p>\n","protected":false},"featured_media":3040,"template":"","meta":{"_acf_changed":false,"_monsterinsights_skip_tracking":false,"_monsterinsights_sitenote_active":false,"_monsterinsights_sitenote_note":"","_monsterinsights_sitenote_category":0},"product_brand":[181],"product_cat":[66],"product_tag":[132,130],"class_list":{"0":"post-4213","1":"product","2":"type-product","3":"status-publish","4":"has-post-thumbnail","6":"product_brand-mayu","7":"product_cat-mineraux","8":"product_tag-eau-alcaline","9":"product_tag-mayu","11":"first","12":"instock","13":"taxable","14":"shipping-taxable","15":"purchasable","16":"product-type-simple"},"acf":[],"_links":{"self":[{"href":"https:\/\/aquahealthproducts.com\/fr\/wp-json\/wp\/v2\/product\/4213","targetHints":{"allow":["GET"]}}],"collection":[{"href":"https:\/\/aquahealthproducts.com\/fr\/wp-json\/wp\/v2\/product"}],"about":[{"href":"https:\/\/aquahealthproducts.com\/fr\/wp-json\/wp\/v2\/types\/product"}],"wp:featuredmedia":[{"embeddable":true,"href":"https:\/\/aquahealthproducts.com\/fr\/wp-json\/wp\/v2\/media\/3040"}],"wp:attachment":[{"href":"https:\/\/aquahealthproducts.com\/fr\/wp-json\/wp\/v2\/media?parent=4213"}],"wp:term":[{"taxonomy":"product_brand","embeddable":true,"href":"https:\/\/aquahealthproducts.com\/fr\/wp-json\/wp\/v2\/product_brand?post=4213"},{"taxonomy":"product_cat","embeddable":true,"href":"https:\/\/aquahealthproducts.com\/fr\/wp-json\/wp\/v2\/product_cat?post=4213"},{"taxonomy":"product_tag","embeddable":true,"href":"https:\/\/aquahealthproducts.com\/fr\/wp-json\/wp\/v2\/product_tag?post=4213"}],"curies":[{"name":"wp","href":"https:\/\/api.w.org\/{rel}","templated":true}]}}