{"id":4216,"date":"2024-03-11T04:20:18","date_gmt":"2024-03-11T04:20:18","guid":{"rendered":"https:\/\/aquahealthproducts.com\/?post_type=product&#038;p=4216"},"modified":"2026-03-13T19:48:25","modified_gmt":"2026-03-13T19:48:25","slug":"cartouche-alkaflow-simple","status":"publish","type":"product","link":"https:\/\/aquahealthproducts.com\/fr\/produit\/cartouche-alkaflow-simple\/","title":{"rendered":"Cartouches de rechange pour AlkaFlow simple"},"content":{"rendered":"<p><strong>Filtre multi-couches pour une eau alcaline soyeuse libre de contaminants<\/strong><\/p>\n<p>Le Alkaflow \u00e0 cartouche simple a recours \u00e0 une combinaison unique de six m\u00e9diums filtrants distincts qui produisent une eau filtr\u00e9e et alcaline soyeuse et agr\u00e9able au go\u00fbt.\u00a0 On peut facilement apercevoir les multiples couches \u00e0 travers la paroi translucide de la cartouche.<\/p>\n<p>La s\u00e9quence des six couches que l&rsquo;on retrouve \u00e0 l&rsquo;int\u00e9rieur du filtre est tr\u00e8s importante pour assurer la performance optimale des m\u00e9diums filtrants :<\/p>\n<ol>\n<li>La premi\u00e8re couche \u00e0 partir du bas est compos\u00e9e de KDF55 qui retire les m\u00e9taux lourds pr\u00e9sents dans l&rsquo;eau, tels que le plomb et le mercure.<\/li>\n<li>La deuxi\u00e8me couche est un charbon Spartan qui retire le chlore, les chloramines, les compos\u00e9s organiques volatils, le toxines chimiques ainsi que les mauvais go\u00fbts et odeurs associ\u00e9s \u00e0 l&rsquo;eau de l&rsquo;aqueduc.<\/li>\n<li>La troisi\u00e8me couche est compos\u00e9e d&rsquo;un m\u00e9lange sp\u00e9cial de calcium qui aide \u00e0 augmenter le pH de l&rsquo;eau.<\/li>\n<li>La quatri\u00e8me couche contient des billes de tourmaline qui augmentent le potentiel hydratant de l&rsquo;eau<\/li>\n<li>La cinqui\u00e8me couche adoucit l&rsquo;eau et r\u00e9duit les effets n\u00e9gatifs d&rsquo;une eau dure sur la dur\u00e9e de vie des min\u00e9raux qui se retrouvent dans la derni\u00e8re couche.<\/li>\n<li>La sixi\u00e8me couche constitue le coeur du potentiel ionisant du filtre.\u00a0 C&rsquo;est cette derni\u00e8re couche qui permet de produire des ions n\u00e9gatifs qui conf\u00e8rent des propri\u00e9t\u00e9s antioxydantes \u00e0 l&rsquo;eau.\u00a0 La qualit\u00e9 du magn\u00e9sium retenu pour cette couche contribue \u00e0 la performance exceptionnelle de ce filtre alcalinisant.<\/li>\n<\/ol>\n<p>Entre les couches, on retrouve des rondelles de tissu filtrant.\u00a0 Ces 8 filtres \u00e0 s\u00e9diments retirent les particules et d\u00e9bris qui pourraient se retrouver dans l&rsquo;eau de l&rsquo;aqueduc et permettent de s\u00e9parer les couches de filtration les unes des autres.<\/p>\n<p>On remarque aussi une membrane noire faite en mat\u00e9riau poreux qui s\u00e9pare la cinqui\u00e8me et la sixi\u00e8me couche.\u00a0 Cette membrane permet de comprimer les cinq premi\u00e8res couches tout en emp\u00eachant la sixi\u00e8me couche importante d&rsquo;\u00eatre trop comprim\u00e9e.<\/p>\n<p><strong>Dur\u00e9e de vie du filtre :<\/strong>\u00a0environ 6 mois, bas\u00e9e sur une utilisation moyenne de 8 litres par jour.\u00a0 La dur\u00e9e de vie du filtre peut varier selon les conditions d&rsquo;eau locale.<\/p>\n","protected":false},"excerpt":{"rendered":"<p>Cette cartouche de rechange est destin\u00e9e au syst\u00e8me Alkaflow simple (mod\u00e8le de comptoir ou mod\u00e8le sous-\u00e9vier \u00e0 deux cartouches).<\/p>\n","protected":false},"featured_media":4017,"template":"","meta":{"_acf_changed":false,"_monsterinsights_skip_tracking":false,"_monsterinsights_sitenote_active":false,"_monsterinsights_sitenote_note":"","_monsterinsights_sitenote_category":0},"product_brand":[179],"product_cat":[39],"product_tag":[111,132],"class_list":{"0":"post-4216","1":"product","2":"type-product","3":"status-publish","4":"has-post-thumbnail","6":"product_brand-alkaflow","7":"product_cat-filtres-de-rechange","8":"product_tag-alkaflow","9":"product_tag-eau-alcaline","11":"first","12":"instock","13":"taxable","14":"shipping-taxable","15":"purchasable","16":"product-type-simple"},"acf":[],"_links":{"self":[{"href":"https:\/\/aquahealthproducts.com\/fr\/wp-json\/wp\/v2\/product\/4216","targetHints":{"allow":["GET"]}}],"collection":[{"href":"https:\/\/aquahealthproducts.com\/fr\/wp-json\/wp\/v2\/product"}],"about":[{"href":"https:\/\/aquahealthproducts.com\/fr\/wp-json\/wp\/v2\/types\/product"}],"wp:featuredmedia":[{"embeddable":true,"href":"https:\/\/aquahealthproducts.com\/fr\/wp-json\/wp\/v2\/media\/4017"}],"wp:attachment":[{"href":"https:\/\/aquahealthproducts.com\/fr\/wp-json\/wp\/v2\/media?parent=4216"}],"wp:term":[{"taxonomy":"product_brand","embeddable":true,"href":"https:\/\/aquahealthproducts.com\/fr\/wp-json\/wp\/v2\/product_brand?post=4216"},{"taxonomy":"product_cat","embeddable":true,"href":"https:\/\/aquahealthproducts.com\/fr\/wp-json\/wp\/v2\/product_cat?post=4216"},{"taxonomy":"product_tag","embeddable":true,"href":"https:\/\/aquahealthproducts.com\/fr\/wp-json\/wp\/v2\/product_tag?post=4216"}],"curies":[{"name":"wp","href":"https:\/\/api.w.org\/{rel}","templated":true}]}}