{"id":4655,"date":"2024-08-13T07:09:39","date_gmt":"2024-08-13T07:09:39","guid":{"rendered":"https:\/\/aquahealthproducts.com\/product\/subscription\/"},"modified":"2026-04-06T23:26:49","modified_gmt":"2026-04-06T23:26:49","slug":"alkaflow-alka-ph","status":"publish","type":"product","link":"https:\/\/aquahealthproducts.com\/fr\/produit\/alkaflow-alka-ph\/","title":{"rendered":"AlkaFlow\u2122 ALKA-PH Filtre de remplacement"},"content":{"rendered":"<p><img fetchpriority=\"high\" decoding=\"async\" class=\"wp-image-5593 alignright\" src=\"https:\/\/aquahealthproducts.com\/wp-content\/uploads\/2024\/11\/ALKA-PH-360L-200x300.png\" alt=\"\" width=\"216\" height=\"324\" srcset=\"https:\/\/aquahealthproducts.com\/wp-content\/uploads\/2024\/11\/ALKA-PH-360L-200x300.png 200w, https:\/\/aquahealthproducts.com\/wp-content\/uploads\/2024\/11\/ALKA-PH-360L-300x451.png 300w, https:\/\/aquahealthproducts.com\/wp-content\/uploads\/2024\/11\/ALKA-PH-360L-682x1024.png 682w, https:\/\/aquahealthproducts.com\/wp-content\/uploads\/2024\/11\/ALKA-PH-360L-768x1154.png 768w, https:\/\/aquahealthproducts.com\/wp-content\/uploads\/2024\/11\/ALKA-PH-360L-1023x1536.png 1023w, https:\/\/aquahealthproducts.com\/wp-content\/uploads\/2024\/11\/ALKA-PH-360L-1363x2048.png 1363w, https:\/\/aquahealthproducts.com\/wp-content\/uploads\/2024\/11\/ALKA-PH-360L.png 1468w\" sizes=\"(max-width: 216px) 100vw, 216px\" \/><\/p>\n<p><strong style=\"font-size: 1.25em; color: #59b2e8;\">NOTRE FORMULE EXCLUSIVE<\/strong><\/p>\n<p>Avec son m\u00e9lange d&rsquo;ingr\u00e9dients minutieusement s\u00e9lectionn\u00e9s, la cartouche de filtration AlkaFlow\u2122 ALKA-PH transforme chaque verre d&rsquo;eau en une source d&rsquo;hydratation exemplaire et de bien-\u00eatre. L&rsquo;eau de votre robinet en devient plus :<\/p>\n<ul style=\"list-style-position: outside; padding-left: 0; margin-left: 0;\">\n<li style=\"list-style-type: none;\">\n<ul style=\"list-style-position: outside; padding-left: 0; margin-left: 0;\">\n<li style=\"list-style-type: none;\">\n<ul style=\"list-style-position: outside; padding-left: 4px; margin-left: 4px;\">\n<li style=\"margin-bottom: 10px;\"><strong>Alcaline :<\/strong> Le filtre booste l&rsquo;alcalinit\u00e9 de l&rsquo;eau, r\u00e9duit l&rsquo;acidit\u00e9 corporelle et aide \u00e0 r\u00e9tablir l&rsquo;\u00e9quilibre interne du pH pour une sant\u00e9 optimale.<\/li>\n<li style=\"margin-bottom: 10px;\"><strong>Riche en min\u00e9raux :<\/strong> ALKA-PH enrichit l&rsquo;eau avec des min\u00e9raux essentiels comme le calcium, le magn\u00e9sium et le fer, tout en y ajoutant du zinc, du s\u00e9l\u00e9nium, de l&rsquo;iode et d&rsquo;autres oligo-\u00e9l\u00e9ments n\u00e9cessaires \u00e0 la sant\u00e9 osseuse, au fonctionnement musculaire et au bien-\u00eatre g\u00e9n\u00e9ral.<\/li>\n<li style=\"margin-bottom: 10px;\"><strong>Purifi\u00e9e :<\/strong> Les contaminants nocifs comme les m\u00e9taux lourds, les pesticides, les herbicides, les solvants, les s\u00e9diments, les trihalom\u00e9thanes et autres polluants sont retenus par le filtre, r\u00e9duisant ainsi l&rsquo;exposition aux substances toxiques qui peuvent endommager les syst\u00e8mes corporels \u00e0 long terme.<\/li>\n<li style=\"margin-bottom: 10px;\"><strong>\u00c9nergis\u00e9e :<\/strong> Le filtre lib\u00e8re des rayons infrarouges lointains (FIR) qui \u00e9nergisent l&rsquo;eau, am\u00e9liorant son absorption et favorisant l&rsquo;hydratation cellulaire, la circulation et la d\u00e9toxification.<\/li>\n<li style=\"margin-bottom: 10px;\"><strong>Antioxydante :<\/strong> ALKA-PH r\u00e9duit le potentiel d&rsquo;oxydor\u00e9duction (ORP) de l&rsquo;eau, augmentant ses propri\u00e9t\u00e9s antioxydantes pour neutraliser les radicaux libres, ralentir les effets du vieillissement et promouvoir la sant\u00e9 et le bien-\u00eatre g\u00e9n\u00e9ral.<\/li>\n<li style=\"margin-bottom: 10px;\"><strong>Rafra\u00eechissante :<\/strong> Le chlore et les chloramines sont \u00e9limin\u00e9s, am\u00e9liorant le go\u00fbt et la texture de l&rsquo;eau du robinet.<\/li>\n<\/ul>\n<\/li>\n<\/ul>\n<\/li>\n<\/ul>\n","protected":false},"excerpt":{"rendered":"<p>Le filtre <strong>AlkaFlow<sup>TM<\/sup> ALKA-PH<\/strong> est\u00a0 un filtre de remplacement pour le <strong>Pichet d&rsquo;eau alcaline AlkaFlow<sup>TM<\/sup><\/strong> ainsi que pour le <strong>Distributeur d&rsquo;eau alcaline AlkaFlow<sup>TM<\/sup><\/strong>.\u00a0 La dur\u00e9e de vie est de 360 litres.<\/p>\n","protected":false},"featured_media":4667,"template":"","meta":{"_acf_changed":false,"_monsterinsights_skip_tracking":false,"_monsterinsights_sitenote_active":false,"_monsterinsights_sitenote_note":"","_monsterinsights_sitenote_category":0},"product_brand":[179],"product_cat":[39],"product_tag":[111],"class_list":{"0":"post-4655","1":"product","2":"type-product","3":"status-publish","4":"has-post-thumbnail","6":"product_brand-alkaflow","7":"product_cat-filtres-de-rechange","8":"product_tag-alkaflow","10":"first","11":"instock","12":"taxable","13":"shipping-taxable","14":"purchasable","15":"product-type-simple"},"acf":[],"_links":{"self":[{"href":"https:\/\/aquahealthproducts.com\/fr\/wp-json\/wp\/v2\/product\/4655","targetHints":{"allow":["GET"]}}],"collection":[{"href":"https:\/\/aquahealthproducts.com\/fr\/wp-json\/wp\/v2\/product"}],"about":[{"href":"https:\/\/aquahealthproducts.com\/fr\/wp-json\/wp\/v2\/types\/product"}],"wp:featuredmedia":[{"embeddable":true,"href":"https:\/\/aquahealthproducts.com\/fr\/wp-json\/wp\/v2\/media\/4667"}],"wp:attachment":[{"href":"https:\/\/aquahealthproducts.com\/fr\/wp-json\/wp\/v2\/media?parent=4655"}],"wp:term":[{"taxonomy":"product_brand","embeddable":true,"href":"https:\/\/aquahealthproducts.com\/fr\/wp-json\/wp\/v2\/product_brand?post=4655"},{"taxonomy":"product_cat","embeddable":true,"href":"https:\/\/aquahealthproducts.com\/fr\/wp-json\/wp\/v2\/product_cat?post=4655"},{"taxonomy":"product_tag","embeddable":true,"href":"https:\/\/aquahealthproducts.com\/fr\/wp-json\/wp\/v2\/product_tag?post=4655"}],"curies":[{"name":"wp","href":"https:\/\/api.w.org\/{rel}","templated":true}]}}