{"id":4681,"date":"2024-08-23T05:15:42","date_gmt":"2024-08-23T05:15:42","guid":{"rendered":"https:\/\/aquahealthproducts.com\/?post_type=product&#038;p=4681"},"modified":"2026-04-05T12:47:35","modified_gmt":"2026-04-05T12:47:35","slug":"alkaflow-alka-uf","status":"publish","type":"product","link":"https:\/\/aquahealthproducts.com\/fr\/produit\/alkaflow-alka-uf\/","title":{"rendered":"AlkaFlow\u2122 ALKA-UF Filtre d&rsquo;ultrafiltration"},"content":{"rendered":"<p><strong style=\"font-size: 1.25em; color: #59b2e8;\">AM\u00c9LIOREZ VOTRE FILTRATION<\/strong><\/p>\n<p><strong>Pour un niveau de filtration encore plus performant, associez la cartouche filtrante ALKA-PH \u00e0 la cartouche optionnelle d&rsquo;ultrafiltration ALKA-UF, qui se fixe au bas de l&rsquo;ALKA-PH.<\/strong><\/p>\n<p>Le syst\u00e8me ALKA-UF utilise la technologie d&rsquo;ultrafiltration pour \u00e9liminer efficacement une large gamme de contaminants nocifs, offrant une eau encore plus propre et plus s\u00fbre tout en conservant les nutriments essentiels.<\/p>\n<p><strong>Ultrafiltration (UF)<\/strong> : ce processus pousse l&rsquo;eau \u00e0 travers une s\u00e9rie de membranes creuses extr\u00eamement fines avec <img fetchpriority=\"high\" decoding=\"async\" class=\"size-medium wp-image-5614 alignright\" src=\"https:\/\/aquahealthproducts.com\/wp-content\/uploads\/2024\/11\/Alka-UF-with-hands-and-cut-out-1-300x208.png\" alt=\"\" width=\"300\" height=\"208\" srcset=\"https:\/\/aquahealthproducts.com\/wp-content\/uploads\/2024\/11\/Alka-UF-with-hands-and-cut-out-1-300x208.png 300w, https:\/\/aquahealthproducts.com\/wp-content\/uploads\/2024\/11\/Alka-UF-with-hands-and-cut-out-1-1024x710.png 1024w, https:\/\/aquahealthproducts.com\/wp-content\/uploads\/2024\/11\/Alka-UF-with-hands-and-cut-out-1-768x533.png 768w, https:\/\/aquahealthproducts.com\/wp-content\/uploads\/2024\/11\/Alka-UF-with-hands-and-cut-out-1-1536x1066.png 1536w, https:\/\/aquahealthproducts.com\/wp-content\/uploads\/2024\/11\/Alka-UF-with-hands-and-cut-out-1.png 1878w\" sizes=\"(max-width: 300px) 100vw, 300px\" \/> des pores minuscules, mesurant g\u00e9n\u00e9ralement environ 0,01 micron. Ces petits pores agissent comme une barri\u00e8re, bloquant physiquement les contaminants de plus grande taille, tels que les microplastiques, les bact\u00e9ries, E. coli, Giardia, protozoaires, collo\u00efdes et solides en suspension. De plus, l&rsquo;UF pr\u00e9serve les min\u00e9raux dissous essentiels et aux oligo-\u00e9l\u00e9ments, maintenant les propri\u00e9t\u00e9s b\u00e9n\u00e9fiques de l&rsquo;eau.<\/p>\n<p><strong>DUR\u00c9E DE VIE DU FILTRE<\/strong><br \/>\nChaque cartouche d&rsquo;ultrafiltration AlkaFlow\u2122\u00a0peut filtrer jusqu&rsquo;\u00e0 1000 litres. Vous n&rsquo;avez donc besoin de changer la cartouche ALKA-UF qu&rsquo;\u00e0 chaque troisi\u00e8me remplacement du filtre ALKA-PH.<\/p>\n","protected":false},"excerpt":{"rendered":"<p>Pour am\u00e9liorer encore plus la qualit\u00e9 de filtration de votre syst\u00e8me AlkaFlow\u2122, procurez-vous la <strong>cartouche d\u2019ultrafiltration ALKA-UF<\/strong> offerte en option. L&rsquo;ultrafiltration permet de retirer les particules aussi fines que 0,01 microns, incluant les microplastiques, le giardia, le E.Coli, les colloides et les particules en suspension.<\/p>\n<p>La cartouche ALKA-UF, qui se fixe sous le filtre ALKA-PH avec un quart de tour, a une dur\u00e9e de vie de 1000 litres. Vous n&rsquo;aurez donc besoin que d&rsquo;une seule cartouche ALKA-UF pour trois cartouches ALKA-PH.<\/p>\n","protected":false},"featured_media":5679,"template":"","meta":{"_acf_changed":false,"_monsterinsights_skip_tracking":false,"_monsterinsights_sitenote_active":false,"_monsterinsights_sitenote_note":"","_monsterinsights_sitenote_category":0},"product_brand":[179],"product_cat":[39],"product_tag":[111],"class_list":{"0":"post-4681","1":"product","2":"type-product","3":"status-publish","4":"has-post-thumbnail","6":"product_brand-alkaflow","7":"product_cat-filtres-de-rechange","8":"product_tag-alkaflow","10":"first","11":"instock","12":"taxable","13":"shipping-taxable","14":"purchasable","15":"product-type-simple"},"acf":[],"_links":{"self":[{"href":"https:\/\/aquahealthproducts.com\/fr\/wp-json\/wp\/v2\/product\/4681","targetHints":{"allow":["GET"]}}],"collection":[{"href":"https:\/\/aquahealthproducts.com\/fr\/wp-json\/wp\/v2\/product"}],"about":[{"href":"https:\/\/aquahealthproducts.com\/fr\/wp-json\/wp\/v2\/types\/product"}],"wp:featuredmedia":[{"embeddable":true,"href":"https:\/\/aquahealthproducts.com\/fr\/wp-json\/wp\/v2\/media\/5679"}],"wp:attachment":[{"href":"https:\/\/aquahealthproducts.com\/fr\/wp-json\/wp\/v2\/media?parent=4681"}],"wp:term":[{"taxonomy":"product_brand","embeddable":true,"href":"https:\/\/aquahealthproducts.com\/fr\/wp-json\/wp\/v2\/product_brand?post=4681"},{"taxonomy":"product_cat","embeddable":true,"href":"https:\/\/aquahealthproducts.com\/fr\/wp-json\/wp\/v2\/product_cat?post=4681"},{"taxonomy":"product_tag","embeddable":true,"href":"https:\/\/aquahealthproducts.com\/fr\/wp-json\/wp\/v2\/product_tag?post=4681"}],"curies":[{"name":"wp","href":"https:\/\/api.w.org\/{rel}","templated":true}]}}