{"id":5052,"date":"2024-09-28T23:46:15","date_gmt":"2024-09-28T23:46:15","guid":{"rendered":"https:\/\/aquahealthproducts.com\/?post_type=product&#038;p=5052"},"modified":"2025-10-15T00:32:35","modified_gmt":"2025-10-15T00:32:35","slug":"vesta-h2","status":"publish","type":"product","link":"https:\/\/aquahealthproducts.com\/fr\/produit\/vesta-h2\/","title":{"rendered":"Vesta H2 &#8211; Ioniseur d&rsquo;eau de comptoir"},"content":{"rendered":"<h5>1 &#8211; <strong>Performance du Filtre :<\/strong><\/h5>\n<p>Les tests ont \u00e9t\u00e9 r\u00e9alis\u00e9s dans des laboratoires ind\u00e9pendants certifi\u00e9s par l&rsquo;EPA et le NELAP pour : 21 m\u00e9taux lourds, 6 produits chimiques permanents, 68 produits pharmaceutiques, 7 hormones, 45 pesticides et herbicides, 87 COV et COS, et 15 autres anions et d\u00e9sinfectants &#8211; un total de 249 substances ! Rien n&rsquo;a \u00e9t\u00e9 cach\u00e9 ou omis.<\/p>\n<p>Tout a \u00e9t\u00e9 signal\u00e9 et r\u00e9duit, m\u00eame les \u00e9l\u00e9ments les plus difficiles comme l&rsquo;arsenic et le chrome VI. AlkaViva a \u00e9galement test\u00e9 au plus proche du niveau maximum de contaminants autoris\u00e9 par l&rsquo;EPA.<\/p>\n<h5>2 &#8211; <strong>Performance de l&rsquo;Hydrog\u00e8ne :<\/strong><\/h5>\n<p>Les <strong>\u00e9lectrodes intelligentes<\/strong> sont fabriqu\u00e9es \u00e0 partir du titane et du platine japonais les plus purs. Ajoutez \u00e0 cela la pr\u00e9cision de l&rsquo;ing\u00e9nierie cor\u00e9enne, et le r\u00e9sultat ? Une performance sup\u00e9rieure \u00e0 une plus grande efficacit\u00e9, qui r\u00e9siste \u00e0 l&rsquo;\u00e9preuve du temps. Les membranes propri\u00e9taires sont soud\u00e9es par ultrasons &#8211; jamais li\u00e9es chimiquement, comme d&rsquo;autres. Combin\u00e9es aux \u00e9lectrodes intelligentes, elles offrent la <strong>technologie d&rsquo;infusion d&rsquo;hydrog\u00e8ne H2<\/strong> et des performances in\u00e9gal\u00e9es.<\/p>\n<h5>3 &#8211; <strong>Performance de l&rsquo;ORP et du pH :<\/strong><\/h5>\n<p>Le <strong>Delphi H2<\/strong> produira, selon la qualit\u00e9 de l&rsquo;eau source, un pH sup\u00e9rieur \u00e0 11,0 et un ORP inf\u00e9rieur \u00e0 -800.<\/p>\n<h5>4 &#8211; <strong>Installation :<\/strong><\/h5>\n<p>Trois m\u00e9thodes simples d&rsquo;installation sont disponibles, avec une installation standard prenant seulement 10 minutes :<\/p>\n<ul>\n<li>M\u00e9thode 1 : \u00c0 votre \u00e9vier, attach\u00e9 \u00e0 votre robinet avec le d\u00e9viateur.<\/li>\n<li>M\u00e9thode 2 : \u00c0 votre \u00e9vier, directement connect\u00e9 \u00e0 votre conduite d&rsquo;eau froide (sans d\u00e9viateur).<\/li>\n<li>M\u00e9thode 3 : Sous \u00e9vier avec le mod\u00e8le <strong>Delphi H2.<\/strong><\/li>\n<\/ul>\n","protected":false},"excerpt":{"rendered":"<p>L&rsquo;ioniseur d&rsquo;eau Vesta H2 produit des concentrations \u00e9lev\u00e9es d&rsquo;hydrog\u00e8ne mol\u00e9culaire (H2), offrant des bienfaits antioxydants puissants pour am\u00e9liorer votre sant\u00e9. Dot\u00e9 de la technologie DARC II, il effectue un auto-nettoyage continu pour garantir des performances et une fiabilit\u00e9 \u00e0 long terme. Cet ioniseur de comptoir fournit une eau alcaline propre et riche en hydrog\u00e8ne tout en maintenant les normes de filtration les plus \u00e9lev\u00e9es.<\/p>\n","protected":false},"featured_media":5062,"template":"","meta":{"_acf_changed":false,"_monsterinsights_skip_tracking":false,"_monsterinsights_sitenote_active":false,"_monsterinsights_sitenote_note":"","_monsterinsights_sitenote_category":0},"product_brand":[197],"product_cat":[33],"product_tag":[203],"class_list":{"0":"post-5052","1":"product","2":"type-product","3":"status-publish","4":"has-post-thumbnail","6":"product_brand-alkaviva","7":"product_cat-eau-hydrogenee","8":"product_tag-alkaviva","10":"first","11":"instock","12":"taxable","13":"shipping-taxable","14":"purchasable","15":"product-type-variable"},"acf":[],"_links":{"self":[{"href":"https:\/\/aquahealthproducts.com\/fr\/wp-json\/wp\/v2\/product\/5052","targetHints":{"allow":["GET"]}}],"collection":[{"href":"https:\/\/aquahealthproducts.com\/fr\/wp-json\/wp\/v2\/product"}],"about":[{"href":"https:\/\/aquahealthproducts.com\/fr\/wp-json\/wp\/v2\/types\/product"}],"wp:featuredmedia":[{"embeddable":true,"href":"https:\/\/aquahealthproducts.com\/fr\/wp-json\/wp\/v2\/media\/5062"}],"wp:attachment":[{"href":"https:\/\/aquahealthproducts.com\/fr\/wp-json\/wp\/v2\/media?parent=5052"}],"wp:term":[{"taxonomy":"product_brand","embeddable":true,"href":"https:\/\/aquahealthproducts.com\/fr\/wp-json\/wp\/v2\/product_brand?post=5052"},{"taxonomy":"product_cat","embeddable":true,"href":"https:\/\/aquahealthproducts.com\/fr\/wp-json\/wp\/v2\/product_cat?post=5052"},{"taxonomy":"product_tag","embeddable":true,"href":"https:\/\/aquahealthproducts.com\/fr\/wp-json\/wp\/v2\/product_tag?post=5052"}],"curies":[{"name":"wp","href":"https:\/\/api.w.org\/{rel}","templated":true}]}}