{"id":5053,"date":"2024-09-29T00:02:28","date_gmt":"2024-09-29T00:02:28","guid":{"rendered":"https:\/\/aquahealthproducts.com\/?post_type=product&#038;p=5053"},"modified":"2026-02-18T01:21:18","modified_gmt":"2026-02-18T01:21:18","slug":"delphi-h2","status":"publish","type":"product","link":"https:\/\/aquahealthproducts.com\/fr\/produit\/delphi-h2\/","title":{"rendered":"Delphi H2 &#8211; Ioniseur d&rsquo;eau sous-\u00e9vier"},"content":{"rendered":"<section class=\"product-description\">\n<h2 data-start=\"260\" data-end=\"341\">Transformez votre eau du robinet en Eau Vivante riche en hydrog\u00e8ne<\/h2>\n<p data-start=\"343\" data-end=\"647\">Con\u00e7u pour les foyers soucieux de leur sant\u00e9 et les praticiens du bien-\u00eatre, le Delphi H2 s\u2019installe discr\u00e8tement sous l\u2019\u00e9vier et transforme instantan\u00e9ment l\u2019eau du robinet en une Eau Vivante \u2014 pure, filtr\u00e9e, enrichie en hydrog\u00e8ne mol\u00e9culaire et optimis\u00e9e pour soutenir les fonctions naturelles du corps.<\/p>\n<p data-start=\"649\" data-end=\"883\">Fabriqu\u00e9 en Cor\u00e9e du Sud selon des normes d\u2019ing\u00e9nierie rigoureuses, il combine filtration avanc\u00e9e, \u00e9lectrolyse haute performance et fonctionnement enti\u00e8rement automatique pour offrir une eau de qualit\u00e9 exceptionnelle, jour apr\u00e8s jour.<\/p>\n<hr data-start=\"885\" data-end=\"888\" \/>\n<h2 data-start=\"890\" data-end=\"937\">Les bienfaits de l\u2019eau enrichie en hydrog\u00e8ne<\/h2>\n<p data-start=\"939\" data-end=\"1167\">L\u2019hydrog\u00e8ne mol\u00e9culaire est reconnu pour ses propri\u00e9t\u00e9s antioxydantes s\u00e9lectives et son r\u00f4le potentiel dans la r\u00e9duction du stress oxydatif, un facteur impliqu\u00e9 dans le vieillissement et de nombreux d\u00e9s\u00e9quilibres physiologiques.<\/p>\n<p data-start=\"1169\" data-end=\"1240\">De nombreux utilisateurs choisissent l\u2019eau enrichie en hydrog\u00e8ne pour :<\/p>\n<p data-start=\"1242\" data-end=\"1565\">\u2022 Favoriser une hydratation plus profonde au niveau cellulaire<br data-start=\"1304\" data-end=\"1307\" \/>\u2022 Aider \u00e0 neutraliser s\u00e9lectivement les radicaux libres les plus dommageables<br data-start=\"1353\" data-end=\"1356\" \/>\u2022 Soutenir les niveaux d\u2019\u00e9nergie et la r\u00e9cup\u00e9ration<br data-start=\"1407\" data-end=\"1410\" \/>\u2022 Am\u00e9liorer le go\u00fbt de l\u2019eau, encourageant une meilleure hydratation<\/p>\n<p data-start=\"1567\" data-end=\"1660\">Le Delphi H2 rend cette eau disponible instantan\u00e9ment, directement \u00e0 partir de votre robinet.<\/p>\n<hr data-start=\"1662\" data-end=\"1665\" \/>\n<h2 data-start=\"1667\" data-end=\"1723\">Une eau structur\u00e9e pour une hydratation plus efficace<\/h2>\n<p data-start=\"1725\" data-end=\"2062\">Au-del\u00e0 de la filtration et de l\u2019enrichissement en hydrog\u00e8ne, le processus d\u2019\u00e9lectrolyse du Delphi H2 modifie l\u2019organisation mol\u00e9culaire de l\u2019eau, la rendant plus structur\u00e9e et plus dynamique. Cette structuration favorise une meilleure interaction avec les cellules, contribuant \u00e0 une hydratation plus efficace au niveau intracellulaire.<\/p>\n<p data-start=\"2064\" data-end=\"2142\">Une hydratation optimale soutient les processus naturels du corps, notamment :<\/p>\n<p data-start=\"2144\" data-end=\"2350\">\u2022 Le transport des nutriments vers les cellules<br data-start=\"2191\" data-end=\"2194\" \/>\u2022 L\u2019\u00e9limination continue des d\u00e9chets m\u00e9taboliques<br data-start=\"2243\" data-end=\"2246\" \/>\u2022 Le bon fonctionnement des r\u00e9actions biochimiques<br data-start=\"2296\" data-end=\"2299\" \/>\u2022 Le maintien de l\u2019\u00e9quilibre physiologique global<\/p>\n<p data-start=\"2352\" data-end=\"2526\">En fournissant une eau propre, structur\u00e9e et riche en hydrog\u00e8ne, le Delphi H2 aide \u00e0 soutenir les fonctions naturelles d\u2019hydratation, de r\u00e9g\u00e9n\u00e9ration et d\u2019\u00e9quilibre du corps.<\/p>\n<hr data-start=\"2528\" data-end=\"2531\" \/>\n<h2 data-start=\"2533\" data-end=\"2593\">Une filtration avanc\u00e9e pour une eau propre et s\u00e9curitaire<\/h2>\n<p data-start=\"2595\" data-end=\"2743\">Avant l\u2019ionisation, l\u2019eau est purifi\u00e9e gr\u00e2ce au syst\u00e8me de filtration UltraWater\u2122, con\u00e7u pour r\u00e9duire un large \u00e9ventail de contaminants, notamment :<\/p>\n<p data-start=\"2745\" data-end=\"2942\">\u2022 Chlore et sous-produits de d\u00e9sinfection<br data-start=\"2786\" data-end=\"2789\" \/>\u2022 M\u00e9taux lourds comme le plomb et le mercure<br data-start=\"2833\" data-end=\"2836\" \/>\u2022 R\u00e9sidus de pesticides et herbicides<br data-start=\"2873\" data-end=\"2876\" \/>\u2022 R\u00e9sidus pharmaceutiques<br data-start=\"2901\" data-end=\"2904\" \/>\u2022 PFAS et autres polluants \u00e9mergents<\/p>\n<p data-start=\"2944\" data-end=\"3055\">Cela garantit une eau non seulement riche en hydrog\u00e8ne, mais \u00e9galement propre, s\u00e9curitaire et agr\u00e9able au go\u00fbt.<\/p>\n<hr data-start=\"3057\" data-end=\"3060\" \/>\n<h2 data-start=\"3062\" data-end=\"3125\">9 plaques en titane et platine pour une performance maximale<\/h2>\n<p data-start=\"3127\" data-end=\"3205\">Le Delphi H2 utilise neuf plaques en titane recouvertes de platine, assurant :<\/p>\n<p data-start=\"3207\" data-end=\"3405\">\u2022 Une production efficace d\u2019hydrog\u00e8ne mol\u00e9culaire<br data-start=\"3256\" data-end=\"3259\" \/>\u2022 Une performance stable \u00e0 long terme<br data-start=\"3296\" data-end=\"3299\" \/>\u2022 Une durabilit\u00e9 exceptionnelle<br data-start=\"3330\" data-end=\"3333\" \/>\u2022 Une \u00e9lectrolyse constante, m\u00eame apr\u00e8s plusieurs ann\u00e9es d\u2019utilisation<\/p>\n<p data-start=\"3407\" data-end=\"3530\">Cette technologie permet de produire une eau alcaline riche en hydrog\u00e8ne, ainsi que d\u2019autres types d\u2019eau selon vos besoins.<\/p>\n<hr data-start=\"3532\" data-end=\"3535\" \/>\n<h2 data-start=\"3537\" data-end=\"3600\">Syst\u00e8me autonettoyant automatique pour une fiabilit\u00e9 durable<\/h2>\n<p data-start=\"3602\" data-end=\"3711\">Le syst\u00e8me de nettoyage automatique DARC II prot\u00e8ge les plaques contre l\u2019accumulation de min\u00e9raux, assurant :<\/p>\n<p data-start=\"3713\" data-end=\"3855\">\u2022 Une performance constante<br data-start=\"3740\" data-end=\"3743\" \/>\u2022 Une dur\u00e9e de vie prolong\u00e9e des composants<br data-start=\"3786\" data-end=\"3789\" \/>\u2022 Un entretien minimal<br data-start=\"3811\" data-end=\"3814\" \/>\u2022 Un fonctionnement fiable \u00e0 long terme<\/p>\n<p data-start=\"3857\" data-end=\"3922\">Tout fonctionne automatiquement, sans intervention de votre part.<\/p>\n<hr data-start=\"3924\" data-end=\"3927\" \/>\n<h2 data-start=\"3929\" data-end=\"3970\">Installation \u00e9l\u00e9gante sous le comptoir<\/h2>\n<p data-start=\"3972\" data-end=\"4112\">Le Delphi H2 s\u2019installe discr\u00e8tement sous le comptoir, pr\u00e9servant l\u2019esth\u00e9tique de votre cuisine et lib\u00e9rant l\u2019espace sur le plan de travail.<\/p>\n<p data-start=\"4114\" data-end=\"4164\">Seul le robinet de contr\u00f4le est visible, offrant :<\/p>\n<p data-start=\"4166\" data-end=\"4324\">\u2022 Un acc\u00e8s instantan\u00e9 aux diff\u00e9rents types d\u2019eau<br data-start=\"4214\" data-end=\"4217\" \/>\u2022 Un design \u00e9l\u00e9gant et moderne<br data-start=\"4247\" data-end=\"4250\" \/>\u2022 Un fonctionnement silencieux<br data-start=\"4280\" data-end=\"4283\" \/>\u2022 Une int\u00e9gration parfaite \u00e0 votre espace<\/p>\n<hr data-start=\"4326\" data-end=\"4329\" \/>\n<h2 data-start=\"4331\" data-end=\"4376\">Un investissement durable dans votre sant\u00e9<\/h2>\n<p data-start=\"4378\" data-end=\"4562\">Con\u00e7u pour offrir une performance fiable pendant de nombreuses ann\u00e9es, le Delphi H2 repr\u00e9sente un investissement durable dans votre hydratation, votre sant\u00e9 et la qualit\u00e9 de votre eau.<\/p>\n<p data-start=\"4564\" data-end=\"4663\">Il fournit chaque jour une Eau Vivante, pure et enrichie en hydrog\u00e8ne, directement \u00e0 votre robinet.<\/p>\n<\/section>\n","protected":false},"excerpt":{"rendered":"<p>L&rsquo;ioniseur d&rsquo;eau <strong>Delphi H2<\/strong> utilise des \u00e9lectrodes intelligents avanc\u00e9es et la<strong> technologie d&rsquo;infusion d&rsquo;hydrog\u00e8ne<\/strong> pour produire de l&rsquo;hydrog\u00e8ne mol\u00e9culaire, offrant de <strong>puissants bienfaits antioxydants<\/strong>. Gr\u00e2ce \u00e0 la technologie DARC II, il assure un nettoyage continu des plaques pour des performances durables. Cet ioniseur \u00e9l\u00e9gant, install\u00e9 sous \u00e9vier, fournit facilement une eau de haute qualit\u00e9 gr\u00e2ce \u00e0 son <strong>syst\u00e8me de filtration de pointe<\/strong>, riche en hydrog\u00e8ne, am\u00e9liorant \u00e0 la fois la sant\u00e9 et l&rsquo;hydratation.<\/p>\n","protected":false},"featured_media":5074,"template":"","meta":{"_acf_changed":false,"_monsterinsights_skip_tracking":false,"_monsterinsights_sitenote_active":false,"_monsterinsights_sitenote_note":"","_monsterinsights_sitenote_category":0},"product_brand":[197],"product_cat":[33],"product_tag":[203],"class_list":{"0":"post-5053","1":"product","2":"type-product","3":"status-publish","4":"has-post-thumbnail","6":"product_brand-alkaviva","7":"product_cat-eau-hydrogenee","8":"product_tag-alkaviva","10":"first","11":"instock","12":"taxable","13":"shipping-taxable","14":"purchasable","15":"product-type-variable"},"acf":[],"_links":{"self":[{"href":"https:\/\/aquahealthproducts.com\/fr\/wp-json\/wp\/v2\/product\/5053","targetHints":{"allow":["GET"]}}],"collection":[{"href":"https:\/\/aquahealthproducts.com\/fr\/wp-json\/wp\/v2\/product"}],"about":[{"href":"https:\/\/aquahealthproducts.com\/fr\/wp-json\/wp\/v2\/types\/product"}],"wp:featuredmedia":[{"embeddable":true,"href":"https:\/\/aquahealthproducts.com\/fr\/wp-json\/wp\/v2\/media\/5074"}],"wp:attachment":[{"href":"https:\/\/aquahealthproducts.com\/fr\/wp-json\/wp\/v2\/media?parent=5053"}],"wp:term":[{"taxonomy":"product_brand","embeddable":true,"href":"https:\/\/aquahealthproducts.com\/fr\/wp-json\/wp\/v2\/product_brand?post=5053"},{"taxonomy":"product_cat","embeddable":true,"href":"https:\/\/aquahealthproducts.com\/fr\/wp-json\/wp\/v2\/product_cat?post=5053"},{"taxonomy":"product_tag","embeddable":true,"href":"https:\/\/aquahealthproducts.com\/fr\/wp-json\/wp\/v2\/product_tag?post=5053"}],"curies":[{"name":"wp","href":"https:\/\/api.w.org\/{rel}","templated":true}]}}