{"id":5496,"date":"2024-11-17T00:31:17","date_gmt":"2024-11-17T00:31:17","guid":{"rendered":"https:\/\/aquahealthproducts.com\/?post_type=product&#038;p=5496"},"modified":"2026-04-09T14:35:16","modified_gmt":"2026-04-09T14:35:16","slug":"coldstream-fto-plus","status":"publish","type":"product","link":"https:\/\/aquahealthproducts.com\/fr\/produit\/coldstream-fto-plus\/","title":{"rendered":"Filtre Coldstream FTO+ pour syst\u00e8mes \u00e0 gravit\u00e9"},"content":{"rendered":"<p><strong>Technologie de filtration :<\/strong><\/p>\n<ul>\n<li><strong>Couche ext\u00e9rieure en c\u00e9ramique :<\/strong> \u00c9limine les bact\u00e9ries et virus, les microplastiques et les particules fines.<\/li>\n<li><strong>Noyau en charbon activ\u00e9 :<\/strong> Filtre le fluor, les m\u00e9taux lourds tels que le plomb, les produits chimiques, les pesticides, les herbicides, les PFAS (ou \u00ab\u00a0polluants \u00e9ternels\u00a0\u00bb) et d&rsquo;autres contaminants nocifs.<\/li>\n<\/ul>\n<p><strong>Avantages :<\/strong><\/p>\n<ul>\n<li><strong>Eau au go\u00fbt exceptionnel :<\/strong> Retient les min\u00e9raux essentiels pour une consommation d&rsquo;eau plus saine.<\/li>\n<li><b><strong>Filtration 2-en-1 \u00e9conomique<\/strong>\u00a0:\u00a0<\/b>Remplace \u00e0 la fois les filtres Black Berkey et les filtres PF2 pour la filtration du fluor<\/li>\n<li><strong>Utilisation polyvalente :<\/strong> Compatible avec Berkey, ProOne, British Berkefeld, Rainfresh, Doulton, Coldstream, et d&rsquo;autres syst\u00e8mes \u00e0 gravit\u00e9.<\/li>\n<li><strong>Pr\u00eat pour les situations d&rsquo;urgence:<\/strong> Pas besoin d&rsquo;\u00e9lectricit\u00e9 ni de raccord \u00e9lectrique,\u00a0 id\u00e9al pour les urgences ou alors pour les installations hors-r\u00e9seau (puits, chalet, camping, etc)<\/li>\n<li><strong>Dur\u00e9e de vie fiable :<\/strong> Chaque filtre offre jusqu&rsquo;\u00e0 1500 litres ou 6 mois de filtration avec une performance constante.<\/li>\n<li><strong>Applications multiples :<\/strong> Parfait pour les maisons, bureaux, gyms, spas, ou tout endroit o\u00f9 on sert de l&rsquo;eau.\u00a0 Utilis\u00e9 dans des r\u00e9gions isol\u00e9es par des organismes humanitaires \u00e0 travers le monde.<\/li>\n<\/ul>\n","protected":false},"excerpt":{"rendered":"<p>Profitez d&rsquo;une <strong>eau pure et saine<\/strong> avec les filtres<strong> Coldstream FTO Plus<\/strong>, con\u00e7us pour les syst\u00e8mes \u00e0 gravit\u00e9 en acier inoxydable et <strong>compatibles avec les syst\u00e8mes Berkey.<\/strong><\/p>\n<p>La couche ext\u00e9rieure en c\u00e9ramique du filtre et son noyau interne en charbon activ\u00e9 \u00e9liminent le <strong>chlore, le fluor, les m\u00e9taux lourds, les produits chimiques, les PFAS<\/strong> (ou \u00ab\u00a0polluants \u00e9ternels\u00a0\u00bb), <strong>les microplastiques et bien plus encore<\/strong>. Les filtres Coldstream FTO Plus \u00e9liminent \u00e9galement <strong>les<\/strong> <strong>virus et les bact\u00e9ries<\/strong>, transformant les sources d&rsquo;eau non trait\u00e9es en une eau potable purifi\u00e9e et d\u00e9licieuse.<\/p>\n<p><strong>Vendus \u00e0 l&rsquo;unit\u00e9.<\/strong><\/p>\n","protected":false},"featured_media":5395,"template":"","meta":{"_acf_changed":false,"_monsterinsights_skip_tracking":false,"_monsterinsights_sitenote_active":false,"_monsterinsights_sitenote_note":"","_monsterinsights_sitenote_category":0},"product_brand":[172],"product_cat":[32,39],"product_tag":[175],"class_list":{"0":"post-5496","1":"product","2":"type-product","3":"status-publish","4":"has-post-thumbnail","6":"product_brand-coldstream","7":"product_cat-pure","8":"product_cat-filtres-de-rechange","9":"product_tag-coldstream","11":"first","12":"instock","13":"taxable","14":"shipping-taxable","15":"purchasable","16":"product-type-simple"},"acf":[],"_links":{"self":[{"href":"https:\/\/aquahealthproducts.com\/fr\/wp-json\/wp\/v2\/product\/5496","targetHints":{"allow":["GET"]}}],"collection":[{"href":"https:\/\/aquahealthproducts.com\/fr\/wp-json\/wp\/v2\/product"}],"about":[{"href":"https:\/\/aquahealthproducts.com\/fr\/wp-json\/wp\/v2\/types\/product"}],"wp:featuredmedia":[{"embeddable":true,"href":"https:\/\/aquahealthproducts.com\/fr\/wp-json\/wp\/v2\/media\/5395"}],"wp:attachment":[{"href":"https:\/\/aquahealthproducts.com\/fr\/wp-json\/wp\/v2\/media?parent=5496"}],"wp:term":[{"taxonomy":"product_brand","embeddable":true,"href":"https:\/\/aquahealthproducts.com\/fr\/wp-json\/wp\/v2\/product_brand?post=5496"},{"taxonomy":"product_cat","embeddable":true,"href":"https:\/\/aquahealthproducts.com\/fr\/wp-json\/wp\/v2\/product_cat?post=5496"},{"taxonomy":"product_tag","embeddable":true,"href":"https:\/\/aquahealthproducts.com\/fr\/wp-json\/wp\/v2\/product_tag?post=5496"}],"curies":[{"name":"wp","href":"https:\/\/api.w.org\/{rel}","templated":true}]}}