{"id":556,"date":"2024-01-22T07:40:36","date_gmt":"2024-01-22T07:40:36","guid":{"rendered":"https:\/\/aquahealthproducts.com\/?post_type=product&#038;p=556"},"modified":"2026-02-13T21:27:37","modified_gmt":"2026-02-13T21:27:37","slug":"crown-berkey","status":"publish","type":"product","link":"https:\/\/aquahealthproducts.com\/fr\/produit\/crown-berkey\/","title":{"rendered":"Crown Berkey 22,7L"},"content":{"rendered":"<p>Le Crown Berkey, plus gros format dans la famille des purificateurs d\u2019eau Berkey, est id\u00e9al pour les groupes et pour toute situation qui requiert une grande quantit\u00e9 d\u2019eau pure\u00a0: grands bureaux, restaurants, centres de yoga et d\u2019entrainement, cliniques, centres communautaires et beaucoup plus encore.<span class=\"Apple-converted-space\">\u00a0\u00a0<\/span>En choisissant le plus gros mod\u00e8le, on r\u00e9duit aussi la fr\u00e9quence des remplissages du Berkey. Un Berkey est une solution de rechange beaucoup plus \u00e9conomique et \u00e9cologique aux distributeurs de bouteilles d\u2019eau de 18 litres.<strong><span class=\"s1\"><br \/>\n<\/span><\/strong><\/p>\n<p><span class=\"s1\">Le Crown Berkey peut aussi subvenir aux besoins en eau d\u2019un tr\u00e8s grand groupe de personnes lors de catastrophes naturelles ou alors dans des r\u00e9gions o\u00f9 l\u2019eau potable n\u2019est pas disponible.<span class=\"Apple-converted-space\">\u00a0\u00a0<\/span>Ce syst\u00e8me peut produire jusqu\u2019\u00e0 98,4 litres d\u2019eau par heure lorsque configur\u00e9 avec 8 \u00e9l\u00e9ments Black Berkey.<\/span><\/p>\n<p><span class=\"s1\">Fabriqu\u00e9 \u00e0 partir d\u2019acier inoxydable AISI 304, le Crown Berkey a une capacit\u00e9 de 22,7 litres et mesure 76,2 cm (30\u201d) de haut et 28 cm (11\u201d) de diam\u00e8tre lorsque en utilisation. Le r\u00e9servoir du haut s\u2019imbrique dans le r\u00e9servoir du bas pour le transport et ne mesure que 50,8 cm (20\u201d) de hauteur.<\/span><\/p>\n<p><span class=\"s2\">NOTE<\/span><span class=\"s1\">\u00a0: Les syst\u00e8mes en acier inoxydable doivent \u00eatre plac\u00e9s sur le bord du comptoir ou sur un tabouret afin de pouvoir ins\u00e9rer un verre ou autre r\u00e9cipient sous le robinet.<span class=\"Apple-converted-space\">\u00a0\u00a0<\/span>Vous pouvez aussi vous procurer le socle optionnel en acier inoxydable qui permet de sur\u00e9lever votre Berkey de 15,2 cm (6\u201d).<\/span><\/p>\n<p>&nbsp;<\/p>\n<p><strong>Accessoires optionnels pour ce syst\u00e8me :<br \/>\n<\/strong><\/p>\n<ul class=\"ul1\">\n<li class=\"li2\"><span class=\"s1\">\u00a0 \u00a0 \u00a0 \u00a0\u00a0Robinet en acier inoxydable<\/span><\/li>\n<li class=\"li2\"><span class=\"s1\">\u00a0 \u00a0 \u00a0 \u00a0 Robinet avec indicateur de niveau 13\u201d\u00a0<\/span><\/li>\n<li>\u00a0 \u00a0 \u00a0 \u00a0 <span class=\"s1\">Robinet en acier inoxydable avec indicateur de niveau 13\u201d\u00a0<\/span><\/li>\n<li class=\"li2\"><span class=\"s1\">\u00a0 \u00a0 \u00a0 \u00a0\u00a0Socle extra-large<\/span><\/li>\n<li class=\"li2\"><span class=\"s1\">\u00a0 \u00a0 \u00a0 \u00a0 Pompe d&rsquo;amor\u00e7age Black Berkey<\/span><\/li>\n<\/ul>\n","protected":false},"excerpt":{"rendered":"<p class=\"p1\"><span class=\"s1\">Convient \u00e0:\u00a0\u00a0<strong>6-12<\/strong><\/span><strong>\u00a0personnes<\/strong><\/p>\n<p class=\"p1\">Capacit\u00e9:\u00a0 \u00a0<strong>22.7\u00a0Litres (6 gallons)<\/strong><\/p>\n<p class=\"p1\"><span class=\"s1\">Hauteur:\u00a0\u00a0<strong>76.2<\/strong><\/span><strong>\u00a0cm (30&Prime;)<\/strong><\/p>\n<p class=\"p1\"><span class=\"s1\">Diam\u00e8tre:\u00a0\u00a0<strong>28<\/strong><\/span><strong>\u00a0cm (11&Prime;)<\/strong><\/p>\n<p class=\"p1\"><span class=\"s1\">Poids:<strong>\u00a05.45 kgs (12<\/strong><\/span><strong>\u00a0lbs)<\/strong><span class=\"s1\"><b><br \/>\n<\/b><\/span><\/p>\n","protected":false},"featured_media":2321,"template":"","meta":{"_acf_changed":false,"_monsterinsights_skip_tracking":false,"_monsterinsights_sitenote_active":false,"_monsterinsights_sitenote_note":"","_monsterinsights_sitenote_category":0},"product_brand":[],"product_cat":[32],"product_tag":[77,112,131,116],"class_list":{"0":"post-556","1":"product","2":"type-product","3":"status-publish","4":"has-post-thumbnail","6":"product_cat-pure","7":"product_tag-axs","8":"product_tag-berkey","9":"product_tag-purifiee","10":"product_tag-gravite","12":"first","13":"instock","14":"taxable","15":"shipping-taxable","16":"purchasable","17":"product-type-simple"},"acf":[],"_links":{"self":[{"href":"https:\/\/aquahealthproducts.com\/fr\/wp-json\/wp\/v2\/product\/556","targetHints":{"allow":["GET"]}}],"collection":[{"href":"https:\/\/aquahealthproducts.com\/fr\/wp-json\/wp\/v2\/product"}],"about":[{"href":"https:\/\/aquahealthproducts.com\/fr\/wp-json\/wp\/v2\/types\/product"}],"wp:featuredmedia":[{"embeddable":true,"href":"https:\/\/aquahealthproducts.com\/fr\/wp-json\/wp\/v2\/media\/2321"}],"wp:attachment":[{"href":"https:\/\/aquahealthproducts.com\/fr\/wp-json\/wp\/v2\/media?parent=556"}],"wp:term":[{"taxonomy":"product_brand","embeddable":true,"href":"https:\/\/aquahealthproducts.com\/fr\/wp-json\/wp\/v2\/product_brand?post=556"},{"taxonomy":"product_cat","embeddable":true,"href":"https:\/\/aquahealthproducts.com\/fr\/wp-json\/wp\/v2\/product_cat?post=556"},{"taxonomy":"product_tag","embeddable":true,"href":"https:\/\/aquahealthproducts.com\/fr\/wp-json\/wp\/v2\/product_tag?post=556"}],"curies":[{"name":"wp","href":"https:\/\/api.w.org\/{rel}","templated":true}]}}