{"id":579,"date":"2024-01-22T08:47:53","date_gmt":"2024-01-22T08:47:53","guid":{"rendered":"https:\/\/aquahealthproducts.com\/?post_type=product&#038;p=579"},"modified":"2026-04-10T22:23:08","modified_gmt":"2026-04-10T22:23:08","slug":"royal-berkey","status":"publish","type":"product","link":"https:\/\/aquahealthproducts.com\/fr\/produit\/royal-berkey\/","title":{"rendered":"Royal Berkey 12,3L"},"content":{"rendered":"<p>Le Royal Berkey est un syst\u00e8me polyvalent qui convient \u00e0 de petites et moyennes familles (2-6 personnes) et qui peut servir \u00e0 la maison, au chalet, en camping, lors de voyages ou d\u2019activit\u00e9s de plein air ou alors dans des situations d\u2019urgence.\u00a0\u00a0Il peut aussi servir au bureau, dans un petit caf\u00e9 ou restaurant, dans de petites cliniques ou alors dans une salle d\u2019attente.<\/p>\n<p class=\"p2\"><span class=\"s1\">Fabriqu\u00e9 \u00e0 partir d\u2019acier inoxydable AISI 304, le Royal Berkey a une capacit\u00e9 de 12,3 litres et mesure 58,4 cm (23\u201d) de haut et 24,1 cm (9,5\u201d) de diam\u00e8tre lorsque en utilisation. Le r\u00e9servoir du haut s\u2019imbrique dans le r\u00e9servoir du bas pour le transport et ne mesure que 38,7 cm (15,25\u201d) de hauteur.<\/span><\/p>\n<p class=\"p2\"><span class=\"s1\">NOTE : Les syst\u00e8mes en acier inoxydable doivent \u00eatre plac\u00e9s sur le bord du comptoir ou sur un tabouret afin de pouvoir ins\u00e9rer un verre ou autre r\u00e9cipient sous le robinet.\u00a0\u00a0Vous pouvez aussi vous procurer le socle optionnel en acier inoxydable qui permet de sur\u00e9lever votre Berkey de 15,2 cm (6\u201d).<br \/>\n<\/span><\/p>\n<p><strong>Accessoires optionnels pour ce syst\u00e8me :<br \/>\n<\/strong><\/p>\n<ul class=\"ul1\">\n<li class=\"li2\"><span class=\"s1\">\u00a0 \u00a0 \u00a0 \u00a0\u00a0Robinet en acier inoxydable<\/span><\/li>\n<li class=\"li2\"><span class=\"s1\">\u00a0 \u00a0 \u00a0 \u00a0 Robinet avec indicateur de niveau 10\u201d\u00a0<\/span><\/li>\n<li>\u00a0 \u00a0 \u00a0 \u00a0 <span class=\"s1\">Robinet en acier inoxydable avec indicateur de niveau 10\u201d\u00a0<\/span><\/li>\n<li class=\"li2\"><span class=\"s1\">\u00a0 \u00a0 \u00a0 \u00a0\u00a0Socle large<\/span><\/li>\n<li class=\"li2\"><span class=\"s1\">\u00a0 \u00a0 \u00a0 \u00a0 Pompe d&rsquo;amor\u00e7age Black Berkey<\/span><\/li>\n<\/ul>\n","protected":false},"excerpt":{"rendered":"<p class=\"p1\"><span class=\"s1\">Convient \u00e0:\u00a0\u00a0<b>2-6<\/b><\/span><b>\u00a0personnes<\/b><\/p>\n<p class=\"p1\">Capacit\u00e9:\u00a0 \u00a0<strong>12,3\u00a0Litres (3,25 Gallons)<\/strong><\/p>\n<p class=\"p1\"><span class=\"s1\">Hauteur:\u00a0\u00a0<strong>58,4<\/strong><\/span><strong>\u00a0cm (23&Prime;)<\/strong><\/p>\n<p class=\"p1\"><span class=\"s1\">Diam\u00e8tre:\u00a0\u00a0<strong>24,1<\/strong><\/span><strong>\u00a0cm (9.5&Prime;)<\/strong><\/p>\n<p class=\"p1\"><span class=\"s1\">Poids:<strong>\u00a03.6 kgs (8<\/strong><\/span><strong>\u00a0lbs)<\/strong><b><\/b><\/p>\n","protected":false},"featured_media":2347,"template":"","meta":{"_acf_changed":false,"_monsterinsights_skip_tracking":false,"_monsterinsights_sitenote_active":false,"_monsterinsights_sitenote_note":"","_monsterinsights_sitenote_category":0},"product_brand":[],"product_cat":[32],"product_tag":[77,112,131,116],"class_list":{"0":"post-579","1":"product","2":"type-product","3":"status-publish","4":"has-post-thumbnail","6":"product_cat-pure","7":"product_tag-axs","8":"product_tag-berkey","9":"product_tag-purifiee","10":"product_tag-gravite","12":"first","13":"instock","14":"taxable","15":"shipping-taxable","16":"purchasable","17":"product-type-simple"},"acf":[],"_links":{"self":[{"href":"https:\/\/aquahealthproducts.com\/fr\/wp-json\/wp\/v2\/product\/579","targetHints":{"allow":["GET"]}}],"collection":[{"href":"https:\/\/aquahealthproducts.com\/fr\/wp-json\/wp\/v2\/product"}],"about":[{"href":"https:\/\/aquahealthproducts.com\/fr\/wp-json\/wp\/v2\/types\/product"}],"wp:featuredmedia":[{"embeddable":true,"href":"https:\/\/aquahealthproducts.com\/fr\/wp-json\/wp\/v2\/media\/2347"}],"wp:attachment":[{"href":"https:\/\/aquahealthproducts.com\/fr\/wp-json\/wp\/v2\/media?parent=579"}],"wp:term":[{"taxonomy":"product_brand","embeddable":true,"href":"https:\/\/aquahealthproducts.com\/fr\/wp-json\/wp\/v2\/product_brand?post=579"},{"taxonomy":"product_cat","embeddable":true,"href":"https:\/\/aquahealthproducts.com\/fr\/wp-json\/wp\/v2\/product_cat?post=579"},{"taxonomy":"product_tag","embeddable":true,"href":"https:\/\/aquahealthproducts.com\/fr\/wp-json\/wp\/v2\/product_tag?post=579"}],"curies":[{"name":"wp","href":"https:\/\/api.w.org\/{rel}","templated":true}]}}