{"id":580,"date":"2024-01-22T08:52:11","date_gmt":"2024-01-22T08:52:11","guid":{"rendered":"https:\/\/aquahealthproducts.com\/?post_type=product&#038;p=580"},"modified":"2026-01-26T15:48:00","modified_gmt":"2026-01-26T15:48:00","slug":"imperial-berkey","status":"publish","type":"product","link":"https:\/\/aquahealthproducts.com\/fr\/produit\/imperial-berkey\/","title":{"rendered":"Imperial Berkey 17L"},"content":{"rendered":"<p class=\"p1\"><span class=\"s1\">L\u2019Imp\u00e9rial Berkey, mod\u00e8le plus volumineux, est id\u00e9al pour de plus grandes familles (4-8 personnes) qui utilisent beaucoup d\u2019eau.\u00a0\u00a0Il convient aussi pour des groupes, des restaurants et caf\u00e9s, des bureaux de taille moyenne, des centres de yoga ou d\u2019entrainement, des cliniques ou alors dans des situations d\u2019urgence.\u00a0\u00a0L\u2019Imp\u00e9rial Berkey est aussi un excellent choix pour le chalet si de l\u2019eau potable n\u2019est pas disponible, car il peut fournir de l\u2019eau pour la boisson et la cuisson, pour laver les fruits et l\u00e9gumes et pour les besoins d\u2019hygi\u00e8ne personnelle.<\/span><\/p>\n<p class=\"p1\"><span class=\"s1\">Fabriqu\u00e9 \u00e0 partir d\u2019acier inoxydable AISI 304, l\u2019Imp\u00e9rial Berkey a une capacit\u00e9 de 17 litres et mesure 66 cm (26\u201d) de haut et 25,4 cm (10\u201d) de diam\u00e8tre lorsque en utilisation. Le r\u00e9servoir du haut s\u2019imbrique dans le r\u00e9servoir du bas pour le transport et ne mesure que 43,2 cm (17\u201d) de hauteur.<\/span><\/p>\n<p class=\"p1\"><span class=\"s1\">NOTE : Les syst\u00e8mes en acier inoxydable doivent \u00eatre plac\u00e9s sur le bord du comptoir ou sur un tabouret afin de pouvoir ins\u00e9rer un verre ou autre r\u00e9cipient sous le robinet.\u00a0\u00a0Vous pouvez aussi vous procurer le socle optionnel en acier inoxydable qui permet de sur\u00e9lever votre Berkey de 15,2 cm (6\u201d).<br \/>\n<\/span><\/p>\n<p>\n<strong>Accessoires optionnels pour ce syst\u00e8me :<br \/>\n<\/strong><\/p>\n<ul class=\"ul1\">\n<li class=\"li2\"><span class=\"s1\">\u00a0 \u00a0 \u00a0 \u00a0\u00a0Robinet en acier inoxydable<\/span><\/li>\n<li class=\"li2\"><span class=\"s1\">\u00a0 \u00a0 \u00a0 \u00a0 Robinet avec indicateur de niveau 13\u201d\u00a0<\/span><\/li>\n<li>\u00a0 \u00a0 \u00a0 \u00a0 <span class=\"s1\">Robinet en acier inoxydable avec indicateur de niveau 13\u201d\u00a0<\/span><\/li>\n<li class=\"li2\"><span class=\"s1\">\u00a0 \u00a0 \u00a0 \u00a0\u00a0Socle extra-large<\/span><\/li>\n<li class=\"li2\"><span class=\"s1\">\u00a0 \u00a0 \u00a0 \u00a0 Pompe d&rsquo;amor\u00e7age Black Berkey<\/span><\/li>\n<\/ul>\n<p class=\"p1\">\n","protected":false},"excerpt":{"rendered":"<p class=\"p1\"><span class=\"s1\">Convient \u00e0:\u00a0\u00a0<strong>4-8<\/strong><\/span><strong>\u00a0personnes<\/strong><\/p>\n<p class=\"p1\">Capacit\u00e9:\u00a0 \u00a0<strong>17\u00a0Litres (4.5 Gallons)<\/strong><\/p>\n<p class=\"p1\"><span class=\"s1\">Hauteur:\u00a0\u00a0<strong>66<\/strong><\/span><strong>\u00a0cm (26&Prime;)<\/strong><\/p>\n<p class=\"p1\"><span class=\"s1\">Diam\u00e8tre:\u00a0\u00a0<strong>25.4<\/strong><\/span><strong>\u00a0cm (10&Prime;)<\/strong><\/p>\n<p class=\"p1\"><span class=\"s1\">Poids:<strong>\u00a04.5 kgs (10<\/strong><\/span><strong>\u00a0lbs)<\/strong><\/p>\n","protected":false},"featured_media":2337,"template":"","meta":{"_acf_changed":false,"_monsterinsights_skip_tracking":false,"_monsterinsights_sitenote_active":false,"_monsterinsights_sitenote_note":"","_monsterinsights_sitenote_category":0},"product_brand":[],"product_cat":[32],"product_tag":[77,112,131,116],"class_list":{"0":"post-580","1":"product","2":"type-product","3":"status-publish","4":"has-post-thumbnail","6":"product_cat-pure","7":"product_tag-axs","8":"product_tag-berkey","9":"product_tag-purifiee","10":"product_tag-gravite","12":"first","13":"instock","14":"taxable","15":"shipping-taxable","16":"purchasable","17":"product-type-simple"},"acf":[],"_links":{"self":[{"href":"https:\/\/aquahealthproducts.com\/fr\/wp-json\/wp\/v2\/product\/580","targetHints":{"allow":["GET"]}}],"collection":[{"href":"https:\/\/aquahealthproducts.com\/fr\/wp-json\/wp\/v2\/product"}],"about":[{"href":"https:\/\/aquahealthproducts.com\/fr\/wp-json\/wp\/v2\/types\/product"}],"wp:featuredmedia":[{"embeddable":true,"href":"https:\/\/aquahealthproducts.com\/fr\/wp-json\/wp\/v2\/media\/2337"}],"wp:attachment":[{"href":"https:\/\/aquahealthproducts.com\/fr\/wp-json\/wp\/v2\/media?parent=580"}],"wp:term":[{"taxonomy":"product_brand","embeddable":true,"href":"https:\/\/aquahealthproducts.com\/fr\/wp-json\/wp\/v2\/product_brand?post=580"},{"taxonomy":"product_cat","embeddable":true,"href":"https:\/\/aquahealthproducts.com\/fr\/wp-json\/wp\/v2\/product_cat?post=580"},{"taxonomy":"product_tag","embeddable":true,"href":"https:\/\/aquahealthproducts.com\/fr\/wp-json\/wp\/v2\/product_tag?post=580"}],"curies":[{"name":"wp","href":"https:\/\/api.w.org\/{rel}","templated":true}]}}