{"id":625,"date":"2024-01-25T04:56:20","date_gmt":"2024-01-25T04:56:20","guid":{"rendered":"https:\/\/aquahealthproducts.com\/?post_type=product&#038;p=625"},"modified":"2026-03-30T13:03:13","modified_gmt":"2026-03-30T13:03:13","slug":"vitalizer-plus","status":"publish","type":"product","link":"https:\/\/aquahealthproducts.com\/fr\/produit\/vitalizer-plus\/","title":{"rendered":"Vitalizer Plus"},"content":{"rendered":"<h2><strong>Le Vitalizer Plus transforme l&rsquo;eau potable en une eau structur\u00e9e, oxyg\u00e9n\u00e9e et min\u00e9ralis\u00e9e<\/strong><\/h2>\n<p>Le Vitalizer Plus s&rsquo;inspire des principes que l&rsquo;on retrouve dans la nature pour revitaliser l&rsquo;eau potable et la rendre plus b\u00e9n\u00e9fique et assimilable par notre corps et par nos cellules.<\/p>\n<p>L&rsquo;eau dans son \u00e9tat naturel est en mouvement (vortex, tourbillons), elle est riche en oxyg\u00e8ne dissous (chutes, \u00e9claboussures), elle est \u00e9nergis\u00e9e gr\u00e2ce au soleil et \u00e0 l&rsquo;\u00e9nergie magn\u00e9tique de la terre et elle est min\u00e9ralis\u00e9e par le fait m\u00eame de dissoudre les roches et autres min\u00e9raux qui se retrouvent sur son passage.<\/p>\n<p>Le Vitalizer Plus utilise ces m\u00eames principes naturels afin de vous permettre de cr\u00e9er de l\u2019eau revitalis\u00e9e dans votre propre maison!\u00a0\u00a0<u>Le Vitalizer Plus permet de restaurer les propri\u00e9t\u00e9s naturelles d&rsquo;une eau vivante et structur\u00e9e pour qu&rsquo;elle soit plus b\u00e9n\u00e9fique pour l&rsquo;\u00e9quilibre interne du corps.<\/u><\/p>\n<p>&nbsp;<\/p>\n<p><strong>Comment fonctionne le Vitalizer Plus?<\/strong><\/p>\n<p>Il s&rsquo;agit d&rsquo;un appareil similaire \u00e0 un m\u00e9langeur, et environ de la m\u00eame taille. Branchez tout simplement le Vitalizer Plus dans une prise de courant, puis choisissez l\u2019une des trois options (9, 18 ou 27 minutes) vous permettant de revitaliser votre eau selon vos pr\u00e9f\u00e9rences .<\/p>\n<p>Le cube min\u00e9ral dans le fond, quant \u00e0 lui, permet de remin\u00e9raliser l&rsquo;eau pour en augmenter le pH d&rsquo;environ 1 \u00e0 1,5 points par rapport au point de d\u00e9part.\u00a0 Par exemple, une eau trait\u00e9e par osmose invers\u00e9e avec un pH de 5 ou 5,5 augmentera \u00e0 un pH neutre de 7, alors que l&rsquo;eau du robinet ou une eau de source avec un pH neutre au d\u00e9part deviendra plus alcaline \u00e0 8 ou 8,5.<\/p>\n<p><u>Attention<\/u>\u00a0\u2013 Le Vitalizer Plus n\u2019est pas un purificateur d\u2019eau et n&rsquo;a aucune capacit\u00e9 de filtration. Il est pr\u00e9f\u00e9rable de filtrer l&rsquo;eau du robinet ou alors de la laisser reposer pendant quelques heures avant de l&rsquo;introduire dans l&rsquo;appareil.<\/p>\n<p><strong>Nous recommandons fortement d&rsquo;utiliser le Vitalizer Plus avec un\u00a0<a href=\"https:\/\/aquahealthproducts.com\/product-category\/purified-water\/\">Purificateur d&rsquo;eau AQUA Coldstream<\/a>, pour une combinaison de produits gagnante.<\/strong><\/p>\n<p>&nbsp;<\/p>\n<p><strong>Caract\u00e9ristiques du Vitalizer Plus<\/strong><\/p>\n<ul>\n<li>Restructure l\u2019eau en micro-grappes, plus facilement assimilables par l\u2019organisme<\/li>\n<li>Am\u00e9liore le pouvoir hydratant et d\u00e9toxifiant de l&rsquo;eau<\/li>\n<li>Augmente l\u2019apport en oxyg\u00e8ne dissous<\/li>\n<li>\u00c9nergise l&rsquo;eau et produit des biophotons<\/li>\n<li>Min\u00e9ralise l\u2019eau<\/li>\n<li>Aide \u00e0 combattre l\u2019acidit\u00e9<\/li>\n<li>Revitalise l&rsquo;organisme et renforce le syst\u00e8me immunitaire<\/li>\n<li>R\u00e9tablit l&rsquo;\u00e9quilibre interne du corps<\/li>\n<li>3 cycles possibles : 9, 18, 27 minutes<\/li>\n<\/ul>\n<p><strong>Utilisations de l&rsquo;eau revitalis\u00e9e<\/strong><\/p>\n<ul>\n<li>Pour boire de l\u2019eau au quotidien<\/li>\n<li>Pour la cuisson<\/li>\n<li>Pour arroser les plantes<\/li>\n<li>Pour abreuver les animaux domestiques<\/li>\n<\/ul>\n","protected":false},"excerpt":{"rendered":"<div class=\"field field-short\">\n<div class=\"field-items\">\n<div class=\"field-item odd\">\n<p>Le Vitalizer Plus permet de transformer l&rsquo;eau filtr\u00e9e ou embouteill\u00e9e en une eau vivante, structur\u00e9e, \u00e9nergis\u00e9e, oxyg\u00e9n\u00e9e et min\u00e9ralis\u00e9e.\u00a0 Le mouvement de vortex produit par l&rsquo;appareil augmente la vitalit\u00e9 de l&rsquo;eau de consommation tout en am\u00e9liorant ses propri\u00e9t\u00e9s hydratantes et d\u00e9toxifiantes au niveau cellulaire.<\/p>\n<\/div>\n<\/div>\n<\/div>\n","protected":false},"featured_media":631,"template":"","meta":{"_acf_changed":false,"_monsterinsights_skip_tracking":false,"_monsterinsights_sitenote_active":false,"_monsterinsights_sitenote_note":"","_monsterinsights_sitenote_category":0},"product_brand":[201],"product_cat":[37],"product_tag":[77,132,133,114],"class_list":{"0":"post-625","1":"product","2":"type-product","3":"status-publish","4":"has-post-thumbnail","6":"product_brand-vitalizer-plus","7":"product_cat-vortex","8":"product_tag-axs","9":"product_tag-eau-alcaline","10":"product_tag-eau-structuree","11":"product_tag-vitalizer-plus","13":"first","14":"instock","15":"taxable","16":"shipping-taxable","17":"purchasable","18":"product-type-simple"},"acf":[],"_links":{"self":[{"href":"https:\/\/aquahealthproducts.com\/fr\/wp-json\/wp\/v2\/product\/625","targetHints":{"allow":["GET"]}}],"collection":[{"href":"https:\/\/aquahealthproducts.com\/fr\/wp-json\/wp\/v2\/product"}],"about":[{"href":"https:\/\/aquahealthproducts.com\/fr\/wp-json\/wp\/v2\/types\/product"}],"wp:featuredmedia":[{"embeddable":true,"href":"https:\/\/aquahealthproducts.com\/fr\/wp-json\/wp\/v2\/media\/631"}],"wp:attachment":[{"href":"https:\/\/aquahealthproducts.com\/fr\/wp-json\/wp\/v2\/media?parent=625"}],"wp:term":[{"taxonomy":"product_brand","embeddable":true,"href":"https:\/\/aquahealthproducts.com\/fr\/wp-json\/wp\/v2\/product_brand?post=625"},{"taxonomy":"product_cat","embeddable":true,"href":"https:\/\/aquahealthproducts.com\/fr\/wp-json\/wp\/v2\/product_cat?post=625"},{"taxonomy":"product_tag","embeddable":true,"href":"https:\/\/aquahealthproducts.com\/fr\/wp-json\/wp\/v2\/product_tag?post=625"}],"curies":[{"name":"wp","href":"https:\/\/api.w.org\/{rel}","templated":true}]}}