{"id":626,"date":"2024-01-25T05:03:08","date_gmt":"2024-01-25T05:03:08","guid":{"rendered":"https:\/\/aquahealthproducts.com\/?post_type=product&#038;p=626"},"modified":"2026-04-13T23:15:27","modified_gmt":"2026-04-13T23:15:27","slug":"aquabliss","status":"publish","type":"product","link":"https:\/\/aquahealthproducts.com\/fr\/produit\/aquabliss\/","title":{"rendered":"Filtre de douche AquaBliss"},"content":{"rendered":"<p class=\"p1\">Le filtre de douche AquaBliss\u00a0 est un dispositif innovant qui permet de filtrer l&rsquo;eau de votre douche. Il utilise un filtre puissant qui \u00e9limine les impuret\u00e9s, les contaminants et les odeurs de l&rsquo;eau du robinet, offrant ainsi une eau plus propre et revitalis\u00e9e pour votre douche quotidienne, gr\u00e2ce \u00e0 des min\u00e9raux et la double vitamine C.<\/p>\n<p class=\"p1\">Facile \u00e0 installer, le filtre de douche AquaBliss\u00a0 peut \u00eatre reli\u00e9 \u00e0 la plupart des douches standard et peut \u00eatre utilis\u00e9 \u00e0 la maison ou en voyage. Il est efficace pour r\u00e9duire les niveaux de chlore, de bact\u00e9ries, de m\u00e9taux lourds, de pesticides et autres contaminants de l&rsquo;eau, ce qui peut aider \u00e0 am\u00e9liorer la sant\u00e9 et la qualit\u00e9 de vie.<\/p>\n<p class=\"p1\">Le filtre AquaBliss est con\u00e7u pour durer et il est facile \u00e0 entretenir. Il peut \u00eatre nettoy\u00e9 et sa cartouche rempla\u00e7able a une dur\u00e9e de vie de 1 an. En outre, c&rsquo;est une option \u00e9cologique et \u00e9conomique pour avoir une eau plus saine et plus propre pour votre douche quotidienne.<\/p>\n<p class=\"p1\">En r\u00e9sum\u00e9, le filtre de douche AquaBliss est un excellent produit pour ceux qui cherchent \u00e0 am\u00e9liorer la qualit\u00e9 de leur eau de douche. Avec son installation facile, son efficacit\u00e9 de filtration et sa durabilit\u00e9, c&rsquo;est un investissement judicieux pour votre sant\u00e9 et votre bien-\u00eatre.<\/p>\n<p>&nbsp;<\/p>\n<p><strong>\u00c9LIMINATION DES S\u00c9DIMENTS<\/strong><\/p>\n<ul>\n<li>Capture les gros s\u00e9diments tels que tartre de sable et de calcaire<\/li>\n<li>Emp\u00eache les s\u00e9diments de taille moyenne de entrer dans le filtre de la douche<\/li>\n<li>\u00c9limine les petits s\u00e9diments, la poussi\u00e8re et les turpitudes de l&rsquo;eau<\/li>\n<\/ul>\n<p>&nbsp;<\/p>\n<p><strong>\u00c9LIMINATION DES IMPURET\u00c9S<\/strong><\/p>\n<ul>\n<li>Extr\u00eamement efficace pour r\u00e9duire le chlore dans l&rsquo;eau chaude et froide<\/li>\n<li>R\u00e9duit le chlore et aide \u00e0 contr\u00f4ler le tartre m\u00eame dans l&rsquo;eau chaude<\/li>\n<li>Aide \u00e0 \u00e9liminer le chlore, les trihalom\u00e9thanes (THM) et autres impuret\u00e9s<\/li>\n<\/ul>\n<p>&nbsp;<\/p>\n<p><strong>MIN\u00c9RAUX RAVITALISANT TRANSFORMANT\u00a0 VOS CHEVEUX PEAU &amp; ONGLES<\/strong><\/p>\n<ul>\n<li>Infuse des min\u00e9raux b\u00e9n\u00e9fiques et aide \u00e0 augmenter les niveaux d&rsquo;oxyg\u00e8ne dans l&rsquo;eau<\/li>\n<li>Lib\u00e8re des min\u00e9raux revitalisants<\/li>\n<li>Infuse l&rsquo;eau avec de la vitamine C et d&rsquo;autres \u00e9l\u00e9ments b\u00e9n\u00e9fiques<\/li>\n<li>Booste la filtration et lib\u00e8re des revitalisants des min\u00e9raux qui transforment vos cheveux<\/li>\n<\/ul>\n<p>&nbsp;<\/p>\n<p><strong>PROTECTION<\/strong><\/p>\n<ul>\n<li>Emp\u00eache tout m\u00e9dia filtrant ou s\u00e9diment captur\u00e9 de quitter le filtre de la douche<\/li>\n<li>Maintient le filtre microporeux en place et emp\u00eache les s\u00e9diments de taille moyenne de p\u00e9n\u00e9trer dans le filtre de la douche lorsque la cartouche est invers\u00e9e<\/li>\n<\/ul>\n","protected":false},"excerpt":{"rendered":"<div id=\"product-description-short-168\" class=\"prod-description\">\n<p>Le filtre de douche AquaBliss vous garantit une douche de qualit\u00e9 et une eau pure! Votre peau, vos cheveux, vos ongles et votre sant\u00e9 vous en remercieront : adieu le chlore, les impuret\u00e9s, les algues et autres contaminants.<\/p>\n<\/div>\n<div class=\"product-actions\">\n<form id=\"add-to-cart-or-refresh\" action=\"https:\/\/aquaberkeyfilters.ca\/qc\/panier\" method=\"post\">\n<div class=\"product-variants\"><\/div>\n<div id=\"multiAccessoriesTab\">\n<div class=\"accessories_table_price\"><\/div>\n<\/div>\n<\/form>\n<\/div>\n","protected":false},"featured_media":627,"template":"","meta":{"_acf_changed":false,"_monsterinsights_skip_tracking":false,"_monsterinsights_sitenote_active":false,"_monsterinsights_sitenote_note":"","_monsterinsights_sitenote_category":0},"product_brand":[199],"product_cat":[27],"product_tag":[115,77],"class_list":{"0":"post-626","1":"product","2":"type-product","3":"status-publish","4":"has-post-thumbnail","6":"product_brand-aquabliss","7":"product_cat-accessoires","8":"product_tag-aquabliss","9":"product_tag-axs","11":"first","12":"instock","13":"taxable","14":"shipping-taxable","15":"purchasable","16":"product-type-simple"},"acf":[],"_links":{"self":[{"href":"https:\/\/aquahealthproducts.com\/fr\/wp-json\/wp\/v2\/product\/626","targetHints":{"allow":["GET"]}}],"collection":[{"href":"https:\/\/aquahealthproducts.com\/fr\/wp-json\/wp\/v2\/product"}],"about":[{"href":"https:\/\/aquahealthproducts.com\/fr\/wp-json\/wp\/v2\/types\/product"}],"wp:featuredmedia":[{"embeddable":true,"href":"https:\/\/aquahealthproducts.com\/fr\/wp-json\/wp\/v2\/media\/627"}],"wp:attachment":[{"href":"https:\/\/aquahealthproducts.com\/fr\/wp-json\/wp\/v2\/media?parent=626"}],"wp:term":[{"taxonomy":"product_brand","embeddable":true,"href":"https:\/\/aquahealthproducts.com\/fr\/wp-json\/wp\/v2\/product_brand?post=626"},{"taxonomy":"product_cat","embeddable":true,"href":"https:\/\/aquahealthproducts.com\/fr\/wp-json\/wp\/v2\/product_cat?post=626"},{"taxonomy":"product_tag","embeddable":true,"href":"https:\/\/aquahealthproducts.com\/fr\/wp-json\/wp\/v2\/product_tag?post=626"}],"curies":[{"name":"wp","href":"https:\/\/api.w.org\/{rel}","templated":true}]}}