{"id":6309,"date":"2025-02-14T01:52:10","date_gmt":"2025-02-14T01:52:10","guid":{"rendered":"https:\/\/aquahealthproducts.com\/?post_type=product&#038;p=6309"},"modified":"2026-04-04T14:30:50","modified_gmt":"2026-04-04T14:30:50","slug":"aqua-coldstream-9l","status":"publish","type":"product","link":"https:\/\/aquahealthproducts.com\/fr\/produit\/aqua-coldstream-9l\/","title":{"rendered":"AQUA Coldstream 9L"},"content":{"rendered":"<p>Le <strong>syst\u00e8me AQUA Coldstream<\/strong> est un purificateur d&rsquo;eau par gravit\u00e9 en acier inoxydable haut de gamme, \u00e9quip\u00e9 de filtres <strong>Coldstream FTO+ certifi\u00e9s NSF<\/strong>, fabriqu\u00e9s au Royaume-Uni, qui \u00e9liminent un large \u00e9ventail de contaminants toxiques et microbiologiques. Le syst\u00e8me est con\u00e7u pour fournir une <strong>eau potable s\u00fbre, pure et au go\u00fbt agr\u00e9able<\/strong>, sans \u00e9lectricit\u00e9 ni raccordement complexe \u00e0 la plomberie. Il peut \u00eatre utilis\u00e9 \u00e0 la maison, au travail, en autonomie, en cas d&rsquo;urgence ou partout o\u00f9 l&rsquo;eau potable n&rsquo;est pas facilement disponible.<\/p>\n<p><span data-start=\"2\" data-end=\"24\">L&rsquo;<strong>AQUA<\/strong><\/span><strong data-start=\"2\" data-end=\"24\"> Coldstream 9L<\/strong> est un format populaire, id\u00e9al pour <strong data-start=\"61\" data-end=\"80\">1 \u00e0 3 personnes<\/strong>. L&rsquo;eau purifi\u00e9e peut \u00eatre utilis\u00e9e pour boire, cuisiner, laver les l\u00e9gumes, pr\u00e9parer des boissons, arroser vos plantes et hydrater vos animaux de compagnie. Il convient \u00e9galement pour le <strong data-start=\"276\" data-end=\"357\">camping, les voyages, les activit\u00e9s en plein air ou une utilisation au chalet<\/strong>. Le format <strong data-start=\"369\" data-end=\"375\">9L<\/strong> est aussi parfaitement adapt\u00e9 aux <strong data-start=\"410\" data-end=\"452\">petits bureaux ou aux salles d&rsquo;attente<\/strong>.<\/p>\n<h3>Pourquoi choisir AQUA Coldstream ?<\/h3>\n<p>Le syst\u00e8me AQUA Coldstream offre bien plus qu\u2019une simple filtration d\u2019eau. Il transforme votre quotidien en garantissant une eau pure, s\u00fbre et agr\u00e9able \u00e0 boire, o\u00f9 que vous soyez. D\u00e9couvrez ses atouts incontournables :<\/p>\n<ul>\n<li><strong>Une filtration ultra-performante<\/strong><br \/>\nDites adieu au chlore, fluor, m\u00e9taux lourds, pesticides, microplastiques et autres contaminants ind\u00e9sirables.<\/li>\n<li><strong>De l\u2019eau potable, m\u00eame en conditions extr\u00eames<\/strong><br \/>\nLes filtres Coldstream FTO+ \u00e9liminent 99,9 % des bact\u00e9ries, virus et autres agents microbiologiques. Id\u00e9al pour les situations d\u2019urgence ou l&rsquo;autonomie hors r\u00e9seau.<\/li>\n<li><strong>Une performance certifi\u00e9e<\/strong><br \/>\nTest\u00e9s selon les standards internationaux NSF 42, NSF 53 et NSF P231, ces filtres garantissent une eau purifi\u00e9e conforme aux exigences de qualit\u00e9 les plus strictes.<\/li>\n<li><strong>Installation simplissime<\/strong><br \/>\nAucun outil, aucune plomberie requise ! Son fonctionnement par gravit\u00e9 permet un assemblage rapide en quelques minutes.<\/li>\n<li><strong>Pr\u00e9serve les min\u00e9raux essentiels<\/strong><br \/>\nContrairement \u00e0 l\u2019osmose inverse ou la distillation, le syst\u00e8me AQUA Coldstream conserve les min\u00e9raux b\u00e9n\u00e9fiques pour votre sant\u00e9.<\/li>\n<li><strong>Un choix \u00e9cologique et \u00e9conomique<\/strong><br \/>\nR\u00e9duisez votre empreinte plastique et \u00e9conomisez sur l\u2019achat d\u2019eau embouteill\u00e9e tout en profitant d\u2019une solution durable et responsable.<\/li>\n<li><strong>Qualit\u00e9 et durabilit\u00e9 en acier inoxydable<\/strong><br \/>\nFabriqu\u00e9 en acier inoxydable alimentaire AISI 304, avec un robinet tout inox, il garantit une eau pure sans contact avec du plastique.<\/li>\n<li><strong>Une solution pr\u00eate pour toutes les situations<\/strong><br \/>\nQue ce soit pour un usage domestique, en voyage, en camping ou en cas d\u2019urgence, il filtre l\u2019eau de rivi\u00e8res, lacs, puits et autres sources naturelles.<\/li>\n<\/ul>\n<p style=\"margin-top: 20px;\">Avec <strong>AQUA Coldstream<\/strong>, hydratez-vous en toute confiance, sans compromis sur la qualit\u00e9 ! \ud83d\udca7<\/p>\n","protected":false},"excerpt":{"rendered":"<p data-pm-slice=\"1 1 []\">Convient pour : <strong>1-3 personnes<\/strong><\/p>\n<p data-pm-slice=\"1 1 []\">Capacit\u00e9 : <strong>9 litres<\/strong><\/p>\n<p data-pm-slice=\"1 1 []\">Hauteur : <strong><b>51.5<\/b> cm (<b>20.25<\/b>\u201d) <\/strong><\/p>\n<p data-pm-slice=\"1 1 []\">Diam\u00e8tre : <strong><b>21.5<\/b> cm (<b>8.5<\/b>\u201d) <\/strong><\/p>\n<p data-pm-slice=\"1 1 []\">Poids : <b>4.1<\/b><strong> kg (<b>9<\/b> lbs)<\/strong><\/p>\n","protected":false},"featured_media":6752,"template":"","meta":{"_acf_changed":false,"_monsterinsights_skip_tracking":false,"_monsterinsights_sitenote_active":false,"_monsterinsights_sitenote_note":"","_monsterinsights_sitenote_category":0},"product_brand":[172],"product_cat":[32],"product_tag":[175,116],"class_list":{"0":"post-6309","1":"product","2":"type-product","3":"status-publish","4":"has-post-thumbnail","6":"product_brand-coldstream","7":"product_cat-pure","8":"product_tag-coldstream","9":"product_tag-gravite","11":"first","12":"instock","13":"taxable","14":"shipping-taxable","15":"purchasable","16":"product-type-woosb"},"acf":[],"_links":{"self":[{"href":"https:\/\/aquahealthproducts.com\/fr\/wp-json\/wp\/v2\/product\/6309","targetHints":{"allow":["GET"]}}],"collection":[{"href":"https:\/\/aquahealthproducts.com\/fr\/wp-json\/wp\/v2\/product"}],"about":[{"href":"https:\/\/aquahealthproducts.com\/fr\/wp-json\/wp\/v2\/types\/product"}],"wp:featuredmedia":[{"embeddable":true,"href":"https:\/\/aquahealthproducts.com\/fr\/wp-json\/wp\/v2\/media\/6752"}],"wp:attachment":[{"href":"https:\/\/aquahealthproducts.com\/fr\/wp-json\/wp\/v2\/media?parent=6309"}],"wp:term":[{"taxonomy":"product_brand","embeddable":true,"href":"https:\/\/aquahealthproducts.com\/fr\/wp-json\/wp\/v2\/product_brand?post=6309"},{"taxonomy":"product_cat","embeddable":true,"href":"https:\/\/aquahealthproducts.com\/fr\/wp-json\/wp\/v2\/product_cat?post=6309"},{"taxonomy":"product_tag","embeddable":true,"href":"https:\/\/aquahealthproducts.com\/fr\/wp-json\/wp\/v2\/product_tag?post=6309"}],"curies":[{"name":"wp","href":"https:\/\/api.w.org\/{rel}","templated":true}]}}