{"id":634,"date":"2024-01-25T05:31:28","date_gmt":"2024-01-25T05:31:28","guid":{"rendered":"https:\/\/aquahealthproducts.com\/?post_type=product&#038;p=634"},"modified":"2026-02-23T15:59:54","modified_gmt":"2026-02-23T15:59:54","slug":"mayu-swirl","status":"publish","type":"product","link":"https:\/\/aquahealthproducts.com\/fr\/produit\/mayu-swirl\/","title":{"rendered":"MAYU Swirl"},"content":{"rendered":"<p data-pm-slice=\"1 1 []\">Le <strong>MAYU Swirl<\/strong> est bien plus qu&rsquo;une carafe : c&rsquo;est un instrument de bien-\u00eatre. Ce syst\u00e8me de <strong>structuration de l&rsquo;eau<\/strong> utilise un mouvement tourbillonnant qui recr\u00e9e le flux naturel de l&rsquo;eau dans la nature, favorisant <strong>une meilleure oxyg\u00e9nation<\/strong> et une <strong>structure mol\u00e9culaire plus coh\u00e9rente<\/strong>. Le r\u00e9sultat est une eau douce, soyeuse, \u00e9nergisante et<strong> plus facilement absorb\u00e9e par les cellules de l&rsquo;organisme<\/strong>.<\/p>\n<p data-pm-slice=\"1 1 []\">Chaque gorg\u00e9e est rafra\u00eechissante et satisfaisante, vous incitant \u00e0 boire davantage d&rsquo;eau.<\/p>\n<p>Avec sa carafe d&rsquo;1,5 litre en <strong>verre borosilicat\u00e9<\/strong> souffl\u00e9 \u00e0 la main et <strong>sa base en porcelaine artisanale<\/strong>, chaque unit\u00e9 est unique et esth\u00e9tiquement remarquable. Le design est inspir\u00e9 des galets de rivi\u00e8re, apportant une touche naturelle et apaisante \u00e0 votre espace de vie. Le Swirl fonctionne de mani\u00e8re autonome, il vous suffit de remplir la carafe d&rsquo;eau, d&rsquo;appuyer sur le bouton pour l&rsquo;allumer et de laisser le mouvement de tourbillonnement faire son effet. Elle peut \u00eatre utilis\u00e9e sans son\u00a0fil pendant jusqu&rsquo;\u00e0 <strong>7 heures<\/strong>, et peut \u00eatre utilis\u00e9 aussi bien avec de l&rsquo;eau filtr\u00e9e que des breuvages comme le vin.<\/p>\n<h3 class=\"\" data-start=\"958\" data-end=\"991\">Les bienfaits du MAYU Swirl<\/h3>\n<p><img fetchpriority=\"high\" decoding=\"async\" class=\"wp-image-7538 alignright\" src=\"https:\/\/aquahealthproducts.com\/wp-content\/uploads\/2024\/01\/mayu-swirl-performance-5.jpg\" alt=\"mayu swirl performance \" width=\"300\" height=\"300\" srcset=\"https:\/\/aquahealthproducts.com\/wp-content\/uploads\/2024\/01\/mayu-swirl-performance-5.jpg 1450w, https:\/\/aquahealthproducts.com\/wp-content\/uploads\/2024\/01\/mayu-swirl-performance-5-300x299.jpg 300w, https:\/\/aquahealthproducts.com\/wp-content\/uploads\/2024\/01\/mayu-swirl-performance-5-1024x1022.jpg 1024w, https:\/\/aquahealthproducts.com\/wp-content\/uploads\/2024\/01\/mayu-swirl-performance-5-150x150.jpg 150w, https:\/\/aquahealthproducts.com\/wp-content\/uploads\/2024\/01\/mayu-swirl-performance-5-768x766.jpg 768w, https:\/\/aquahealthproducts.com\/wp-content\/uploads\/2024\/01\/mayu-swirl-performance-5-100x100.jpg 100w, https:\/\/aquahealthproducts.com\/wp-content\/uploads\/2024\/01\/mayu-swirl-performance-5-460x460.jpg 460w\" sizes=\"(max-width: 300px) 100vw, 300px\" \/><\/p>\n<p>\u2714 Am\u00e9liore<strong> la texture et le go\u00fbt<\/strong> de l\u2019eau en l\u2019a\u00e9rant naturellement, id\u00e9al pour augmenter sa consommation quotidienne<br \/>\n\u2714 Favorise une <strong data-start=\"1078\" data-end=\"1113\">meilleure absorption cellulaire<\/strong> de l\u2019eau<br \/>\n\u2714 R\u00e9\u00e9quilibre le <strong data-start=\"1203\" data-end=\"1209\">pH<\/strong> de l\u2019eau gr\u00e2ce \u00e0 l\u2019\u00e9limination du CO\u2082<br \/>\n\u2714 Stimule <strong>l\u2019oxyg\u00e9nation de l\u2019eau<\/strong>, b\u00e9n\u00e9fique pour la vitalit\u00e9<br \/>\n\u2714 Encourage la <strong>r\u00e9duction des bouteilles en plastique<\/strong> en rendant l\u2019eau maison plus d\u00e9sirable<\/p>\n<h3 class=\"\" data-start=\"81\" data-end=\"118\">Qui peut utiliser le MAYU Swirl ?<\/h3>\n<p class=\"\" data-start=\"120\" data-end=\"291\">Le MAYU Swirl est con\u00e7u pour toutes les personnes soucieuses de leur sant\u00e9, de la qualit\u00e9 de leur hydratation et de leur environnement. Il s\u2019adresse particuli\u00e8rement \u00e0 :<\/p>\n<ul>\n<li data-start=\"295\" data-end=\"414\">Celles et ceux qui cherchent \u00e0 am\u00e9liorer leur bien-\u00eatre g\u00e9n\u00e9ral sans recourir \u00e0 des solutions chimiques ou invasives.<\/li>\n<li>Les personnes sceptiques vis-\u00e0-vis de l\u2019eau en bouteille ou lass\u00e9es du go\u00fbt de l\u2019eau du robinet.<\/li>\n<li>Les utilisateurs de syst\u00e8mes de filtration qui souhaitent aller plus loin en restructurant leur eau.<\/li>\n<li>Les familles qui souhaitent faire d\u00e9couvrir \u00e0 leurs enfants une eau plus douce, sans arri\u00e8re-go\u00fbt.<\/li>\n<li>Les professionnels du bien-\u00eatre, de la nutrition et de la sant\u00e9 naturelle qui valorisent une hydratation optimale.<\/li>\n<li data-start=\"295\" data-end=\"414\">Les amateurs de design haut de gamme souhaitant allier esth\u00e9tique et fonctionnalit\u00e9 dans leur quotidien.<\/li>\n<\/ul>\n<p>&nbsp;<\/p>\n","protected":false},"excerpt":{"rendered":"<div id=\"product-description-short-171\" class=\"prod-description\">\n<p>Le mouvement tourbillonnant du MAYU Swirl restructure les mol\u00e9cules d&rsquo;eau \u00e0 leur forme naturelle, permettant une absorption cellulaire plus rapide et plus efficace.<span style=\"font-family: -apple-system, BlinkMacSystemFont, 'Segoe UI', Roboto, 'Helvetica Neue', Arial, 'Noto Sans', sans-serif, 'Apple Color Emoji', 'Segoe UI Emoji', 'Segoe UI Symbol', 'Noto Color Emoji';\">\u00a0Gr\u00e2ce \u00e0 son design unique en verre souffl\u00e9 et sa technologie de vortex silencieux, cette carafe haut de gamme transforme votre eau en une exp\u00e9rience sensorielle raffin\u00e9e et bienfaisante. Con\u00e7ue pour ceux qui cherchent \u00e0 \u00e9lever la qualit\u00e9 de leur consommation d&rsquo;eau au quotidien.<\/span><\/p>\n<section class=\"product-discounts\"><\/section>\n<div class=\"product-add-to-cart grid\">\n<div><\/div>\n<\/div>\n<\/div>\n","protected":false},"featured_media":635,"template":"","meta":{"_acf_changed":false,"_monsterinsights_skip_tracking":false,"_monsterinsights_sitenote_active":false,"_monsterinsights_sitenote_note":"","_monsterinsights_sitenote_category":0},"product_brand":[181],"product_cat":[37],"product_tag":[77,133,130,76],"class_list":{"0":"post-634","1":"product","2":"type-product","3":"status-publish","4":"has-post-thumbnail","6":"product_brand-mayu","7":"product_cat-vortex","8":"product_tag-axs","9":"product_tag-eau-structuree","10":"product_tag-mayu","11":"product_tag-vedette","13":"first","14":"instock","15":"taxable","16":"shipping-taxable","17":"purchasable","18":"product-type-variable"},"acf":[],"_links":{"self":[{"href":"https:\/\/aquahealthproducts.com\/fr\/wp-json\/wp\/v2\/product\/634","targetHints":{"allow":["GET"]}}],"collection":[{"href":"https:\/\/aquahealthproducts.com\/fr\/wp-json\/wp\/v2\/product"}],"about":[{"href":"https:\/\/aquahealthproducts.com\/fr\/wp-json\/wp\/v2\/types\/product"}],"wp:featuredmedia":[{"embeddable":true,"href":"https:\/\/aquahealthproducts.com\/fr\/wp-json\/wp\/v2\/media\/635"}],"wp:attachment":[{"href":"https:\/\/aquahealthproducts.com\/fr\/wp-json\/wp\/v2\/media?parent=634"}],"wp:term":[{"taxonomy":"product_brand","embeddable":true,"href":"https:\/\/aquahealthproducts.com\/fr\/wp-json\/wp\/v2\/product_brand?post=634"},{"taxonomy":"product_cat","embeddable":true,"href":"https:\/\/aquahealthproducts.com\/fr\/wp-json\/wp\/v2\/product_cat?post=634"},{"taxonomy":"product_tag","embeddable":true,"href":"https:\/\/aquahealthproducts.com\/fr\/wp-json\/wp\/v2\/product_tag?post=634"}],"curies":[{"name":"wp","href":"https:\/\/api.w.org\/{rel}","templated":true}]}}