{"id":6428,"date":"2025-03-03T23:08:03","date_gmt":"2025-03-03T23:08:03","guid":{"rendered":"https:\/\/aquahealthproducts.com\/?post_type=product&#038;p=6428"},"modified":"2026-04-14T17:48:49","modified_gmt":"2026-04-14T17:48:49","slug":"oko-level3","status":"publish","type":"product","link":"https:\/\/aquahealthproducts.com\/fr\/produit\/oko-level3\/","title":{"rendered":"Filtre \u00d6KO Level-3"},"content":{"rendered":"<p data-start=\"136\" data-end=\"550\">Le <strong data-start=\"139\" data-end=\"185\">Kit de Filtration \u00d6KO Level-3<\/strong>\u00a0est une solution ultra-performante con\u00e7ue pour purifier l\u2019eau des sources naturelles <strong data-start=\"275\" data-end=\"301\">en conditions extr\u00eames<\/strong>. Gr\u00e2ce \u00e0 son <strong data-start=\"315\" data-end=\"356\">filtre \u00e0 fibres creuses de 0,1 micron<\/strong>, il \u00e9limine jusqu\u2019\u00e0 <strong data-start=\"377\" data-end=\"494\">99,999 % des bact\u00e9ries <\/strong>(E. coli, etc.) et <strong data-start=\"377\" data-end=\"494\">99,9 % des parasites et protozoaires<\/strong> (Giardia lamblia, Cryptosporidium), ainsi que certains <strong data-start=\"515\" data-end=\"547\">virus <\/strong>de taille \u00e9gales ou sup\u00e9rieures \u00e0 0,1 micron.<\/p>\n<p data-start=\"552\" data-end=\"928\">Con\u00e7u pour s\u2019adapter aux gourdes \u00d6KO (vendues s\u00e9par\u00e9ment), le <strong data-start=\"934\" data-end=\"966\">syst\u00e8me de filtration avanc\u00e9<\/strong> de ce filtre permet de purifier jusqu\u2019\u00e0 <strong data-start=\"994\" data-end=\"1016\">1 000 litres d\u2019eau<\/strong>, voire <strong data-start=\"1024\" data-end=\"1067\">3 000 litres avec un entretien r\u00e9gulier<\/strong>. Ce kit comprend \u00e9galement un <strong data-start=\"1098\" data-end=\"1145\">adaptateur compatible avec les bouchons \u00d6KO<\/strong> et <strong data-start=\"1149\" data-end=\"1185\">deux pailles de 100 mm et 120 mm<\/strong>, adapt\u00e9es \u00e0 diff\u00e9rentes tailles de bouteilles.<\/p>\n<h4 data-start=\"4064\" data-end=\"4118\"><strong data-start=\"4068\" data-end=\"4116\">Qui peut utiliser le Filtre \u00d6KO Level-3 ?<\/strong><\/h4>\n<p data-start=\"4119\" data-end=\"4203\">Gr\u00e2ce \u00e0 sa technologie avanc\u00e9e et son adaptabilit\u00e9, ce kit compact et l\u00e9ger est id\u00e9al pour :<\/p>\n<p data-start=\"4205\" data-end=\"4706\">\u2714 <strong data-start=\"4207\" data-end=\"4240\">Les randonneurs et aventuriers<\/strong> : buvez directement l\u2019eau de rivi\u00e8res et lacs.<br data-start=\"4287\" data-end=\"4290\" \/>\u2714 <strong data-start=\"4292\" data-end=\"4324\">Les voyageurs et explorateurs<\/strong> : transformez l\u2019eau du robinet en eau potable.<br data-start=\"4396\" data-end=\"4399\" \/>\u2714 <strong data-start=\"4401\" data-end=\"4429\">Les situations d\u2019urgence<\/strong> : en cas de catastrophe naturelle, ce kit assure une source d\u2019eau fiable.<br data-start=\"4503\" data-end=\"4506\" \/>\u2714 <strong data-start=\"4508\" data-end=\"4540\">Les survivalistes et preppers<\/strong> : indispensable pour la pr\u00e9paration aux crises et aux p\u00e9nuries d\u2019eau.<br data-start=\"4610\" data-end=\"4613\" \/>\u2714 <strong data-start=\"4615\" data-end=\"4648\">Les professionnels du terrain<\/strong> : humanitaires et scientifiques en mission.<\/p>\n","protected":false},"excerpt":{"rendered":"<p data-start=\"1267\" data-end=\"1644\">Le <strong data-start=\"139\" data-end=\"185\">Kit de Filtration \u00d6KO Level-3<\/strong>\u00a0offre une filtration avanc\u00e9e gr\u00e2ce \u00e0 sa <strong data-start=\"1350\" data-end=\"1393\">membrane \u00e0 fibres creuses de 0,1 micron<\/strong>, capable d\u2019\u00e9liminer bact\u00e9ries, parasites et virus. Compatible avec les gourdes <strong data-start=\"1473\" data-end=\"1500\">\u00d6KO Original<\/strong>, ce kit compact inclut un <strong data-start=\"1527\" data-end=\"1551\">adaptateur universel<\/strong> et <strong data-start=\"1555\" data-end=\"1582\">deux pailles filtrantes<\/strong> de longueurs diff\u00e9rentes pour s\u2019adapter \u00e0 tous vos besoins.<\/p>\n<p data-start=\"1646\" data-end=\"2145\">\u2714 <strong data-start=\"1648\" data-end=\"1680\">Filtration haute performance<\/strong> : \u00e9limine jusqu\u2019\u00e0 99,999 % des bact\u00e9ries et 99,9 % des parasites.<br data-start=\"1749\" data-end=\"1752\" \/>\u2714 <strong data-start=\"1754\" data-end=\"1777\">Technologie avanc\u00e9e<\/strong> : membrane \u00e0 fibres creuses de 0,1 micron.<br data-start=\"1823\" data-end=\"1826\" \/>\u2714 <strong data-start=\"1828\" data-end=\"1847\">Grande capacit\u00e9<\/strong> : jusqu\u2019\u00e0 1 000 L d\u2019eau purifi\u00e9e (ou <em data-start=\"1886\" data-end=\"1928\">jusqu\u2019\u00e0 3 000 L avec rin\u00e7age apr\u00e8s usage<\/em>).<br data-start=\"1929\" data-end=\"1932\" \/>\u2714 <strong data-start=\"1988\" data-end=\"2015\">Utilisation polyvalente<\/strong><strong data-start=\"1934\" data-end=\"1983\">\u00a0: <\/strong>peut \u00eatre utilis\u00e9 avec les gourdes \u00d6KO Original 650 mL et 1000 mL pour un usage pratique ou seul en aspiration directe.<br data-start=\"2060\" data-end=\"2063\" \/>\u2714 <strong data-start=\"2065\" data-end=\"2088\">Kit compact &amp; l\u00e9ger<\/strong> : id\u00e9al pour les voyageurs et situations d\u2019urgence.<\/p>\n","protected":false},"featured_media":7040,"template":"","meta":{"_acf_changed":false,"_monsterinsights_skip_tracking":false,"_monsterinsights_sitenote_active":false,"_monsterinsights_sitenote_note":"","_monsterinsights_sitenote_category":0},"product_brand":[177],"product_cat":[39],"product_tag":[178],"class_list":{"0":"post-6428","1":"product","2":"type-product","3":"status-publish","4":"has-post-thumbnail","6":"product_brand-oko","7":"product_cat-filtres-de-rechange","8":"product_tag-oko","10":"first","11":"instock","12":"taxable","13":"shipping-taxable","14":"purchasable","15":"product-type-simple"},"acf":[],"_links":{"self":[{"href":"https:\/\/aquahealthproducts.com\/fr\/wp-json\/wp\/v2\/product\/6428","targetHints":{"allow":["GET"]}}],"collection":[{"href":"https:\/\/aquahealthproducts.com\/fr\/wp-json\/wp\/v2\/product"}],"about":[{"href":"https:\/\/aquahealthproducts.com\/fr\/wp-json\/wp\/v2\/types\/product"}],"wp:featuredmedia":[{"embeddable":true,"href":"https:\/\/aquahealthproducts.com\/fr\/wp-json\/wp\/v2\/media\/7040"}],"wp:attachment":[{"href":"https:\/\/aquahealthproducts.com\/fr\/wp-json\/wp\/v2\/media?parent=6428"}],"wp:term":[{"taxonomy":"product_brand","embeddable":true,"href":"https:\/\/aquahealthproducts.com\/fr\/wp-json\/wp\/v2\/product_brand?post=6428"},{"taxonomy":"product_cat","embeddable":true,"href":"https:\/\/aquahealthproducts.com\/fr\/wp-json\/wp\/v2\/product_cat?post=6428"},{"taxonomy":"product_tag","embeddable":true,"href":"https:\/\/aquahealthproducts.com\/fr\/wp-json\/wp\/v2\/product_tag?post=6428"}],"curies":[{"name":"wp","href":"https:\/\/api.w.org\/{rel}","templated":true}]}}