{"id":6548,"date":"2025-03-09T02:42:43","date_gmt":"2025-03-09T02:42:43","guid":{"rendered":"https:\/\/aquahealthproducts.com\/?post_type=product&#038;p=6548"},"modified":"2026-03-25T10:09:07","modified_gmt":"2026-03-25T10:09:07","slug":"mayu-electrolytes","status":"publish","type":"product","link":"https:\/\/aquahealthproducts.com\/fr\/produit\/mayu-electrolytes\/","title":{"rendered":"Mayu Electrolytes"},"content":{"rendered":"<h5><strong>Min\u00e9raux \u00c9lectrolytes pour les Modes de Vie Actifs<\/strong><\/h5>\n<p>Pour ceux qui m\u00e8nent un mode de vie actif ou pratiquent des activit\u00e9s physiques intenses, nos min\u00e9raux \u00e9lectrolytes sont l\u00e0 pour te permettre de rester au meilleur de ta forme. Formul\u00e9s pour reconstituer les min\u00e9raux perdus par la transpiration, ces \u00e9lectrolytes jouent un r\u00f4le essentiel dans le maintien de l\u2019hydratation, le soutien de la fonction musculaire et la pr\u00e9vention de la fatigue.<\/p>\n<p>La plupart des \u00e9lectrolytes du march\u00e9 ont un go\u00fbt amer, c\u2019est pourquoi les boissons aux \u00e9lectrolytes sont g\u00e9n\u00e9ralement sucr\u00e9es pour masquer le go\u00fbt amer. <strong>Les Min\u00e9raux Electrolytes de MAYU sont compl\u00e8tement insipides !<\/strong><\/p>\n<h5><strong>Principaux Avantages<\/strong><\/h5>\n<p>\u2705 Min\u00e9raux 100% naturels<br \/>\n\u2705 Sans sucre, sans acide, sans additifs<br \/>\n\u2705 Hydratation et performance optimales<br \/>\n\u2705 Liquide pour une absorption rapide<br \/>\n\u2705 Sans gluten<br \/>\n\u2705 Adapt\u00e9 aux v\u00e9g\u00e9taliens<\/p>\n<h5><strong>Formule 100% Naturelle<\/strong><\/h5>\n<p>Sans conservateurs, ar\u00f4mes, sucre ou \u00e9dulcorants ajout\u00e9s. Sans OGM. Sans gluten.<\/p>\n<h5><strong>Utilisation<\/strong><\/h5>\n<p>Ajouter 8 gouttes (0,4 ml) \u00e0 1 litre d\u2019eau.<\/p>\n<h5><strong>D\u00e9tails du Produit<\/strong><\/h5>\n<p>\ud83d\udd39 Volume : 30 ml (suffisant pour environ 60 litres d\u2019eau)<br \/>\n\ud83d\udd39 Fabriqu\u00e9 dans une usine de fabrication certifi\u00e9e NSF.<\/p>\n","protected":false},"excerpt":{"rendered":"<p>Les m\u00e9langes d&rsquo;\u00e9lectrolytes de MAYU sont des solutions organiques 100% saines et naturelles, con\u00e7ues pour ceux et celles qui m\u00e8nent un mode de vie actif ou qui pratiquent des activit\u00e9s physiques intenses.<\/p>\n","protected":false},"featured_media":3978,"template":"","meta":{"_acf_changed":false,"_monsterinsights_skip_tracking":false,"_monsterinsights_sitenote_active":false,"_monsterinsights_sitenote_note":"","_monsterinsights_sitenote_category":0},"product_brand":[181],"product_cat":[66],"product_tag":[132,130],"class_list":{"0":"post-6548","1":"product","2":"type-product","3":"status-publish","4":"has-post-thumbnail","6":"product_brand-mayu","7":"product_cat-mineraux","8":"product_tag-eau-alcaline","9":"product_tag-mayu","11":"first","12":"instock","13":"taxable","14":"shipping-taxable","15":"purchasable","16":"product-type-simple"},"acf":[],"_links":{"self":[{"href":"https:\/\/aquahealthproducts.com\/fr\/wp-json\/wp\/v2\/product\/6548","targetHints":{"allow":["GET"]}}],"collection":[{"href":"https:\/\/aquahealthproducts.com\/fr\/wp-json\/wp\/v2\/product"}],"about":[{"href":"https:\/\/aquahealthproducts.com\/fr\/wp-json\/wp\/v2\/types\/product"}],"wp:featuredmedia":[{"embeddable":true,"href":"https:\/\/aquahealthproducts.com\/fr\/wp-json\/wp\/v2\/media\/3978"}],"wp:attachment":[{"href":"https:\/\/aquahealthproducts.com\/fr\/wp-json\/wp\/v2\/media?parent=6548"}],"wp:term":[{"taxonomy":"product_brand","embeddable":true,"href":"https:\/\/aquahealthproducts.com\/fr\/wp-json\/wp\/v2\/product_brand?post=6548"},{"taxonomy":"product_cat","embeddable":true,"href":"https:\/\/aquahealthproducts.com\/fr\/wp-json\/wp\/v2\/product_cat?post=6548"},{"taxonomy":"product_tag","embeddable":true,"href":"https:\/\/aquahealthproducts.com\/fr\/wp-json\/wp\/v2\/product_tag?post=6548"}],"curies":[{"name":"wp","href":"https:\/\/api.w.org\/{rel}","templated":true}]}}