{"id":659,"date":"2024-03-02T14:35:35","date_gmt":"2024-03-02T14:35:35","guid":{"rendered":"https:\/\/aquahealthproducts.com\/?post_type=product&#038;p=659"},"modified":"2026-03-28T01:45:02","modified_gmt":"2026-03-28T01:45:02","slug":"robinet-indicateur-13","status":"publish","type":"product","link":"https:\/\/aquahealthproducts.com\/fr\/produit\/robinet-indicateur-13\/","title":{"rendered":"Robinet avec indicateur de niveau 13&Prime;"},"content":{"rendered":"<p class=\"p1\"><span class=\"s1\">Le Robinet \u00e0 niveau en verre vous permet d&rsquo;avoir une lecture instantan\u00e9e de la quantit\u00e9 d&rsquo;eau qui reste dans la chambre inf\u00e9rieure de votre syst\u00e8me Berkey\u00ae en acier inoxydable sans avoir besoin de soulever la chambre sup\u00e9rieure. Cela signifie que vous ne manquerez jamais d&rsquo;eau potable purifi\u00e9e.<br \/>\n<\/span><\/p>\n<p class=\"p1\"><span class=\"s1\">Le\u00a0Robinet \u00e0 niveau en verre emp\u00eache \u00e9galement les utilisateurs de trop remplir la chambre sup\u00e9rieure et de provoquer un d\u00e9bordement d&rsquo;eau. Si la chambre inf\u00e9rieure de votre Berkey est d\u00e9j\u00e0 \u00e0 moiti\u00e9 pleine et que vous remplissez la chambre sup\u00e9rieure jusqu&rsquo;en haut, l&rsquo;eau continuera \u00e0 filtrer \u00e0 travers les \u00e9l\u00e9ments Black Berkey m\u00eame apr\u00e8s que la chambre inf\u00e9rieure soit pleine, et l&rsquo;eau sera expuls\u00e9e du syst\u00e8me. les chambres inf\u00e9rieures se rencontrent.<\/span><\/p>\n<p>&nbsp;<\/p>\n<p class=\"p1\"><span class=\"s1\"><b>REMARQUE<\/b>: Ne remplissez jamais la chambre sup\u00e9rieure avec plus d&rsquo;eau que l&rsquo;espace disponible dans la chambre inf\u00e9rieure<\/span><\/p>\n<p class=\"p1\"><span class=\"s1\">Toutes les parties de la tige en verre qui touchent l&rsquo;eau Berkey sont faites de verre et de polypropyl\u00e8ne de qualit\u00e9 alimentaire.<\/span><\/p>\n","protected":false},"excerpt":{"rendered":"<p>Le Robinet avec indicateur de niveau vous permet de voir la quantit\u00e9 d&rsquo;eau purifi\u00e9e disponible dans votre syst\u00e8me Berkey sans avoir \u00e0 soulever le r\u00e9servoir sup\u00e9rieur.\u00a0 Le format 13&Prime; convient aux mod\u00e8les Imp\u00e9rial Berkey et Crown Berkey.<\/p>\n","protected":false},"featured_media":582,"template":"","meta":{"_acf_changed":false,"_monsterinsights_skip_tracking":false,"_monsterinsights_sitenote_active":false,"_monsterinsights_sitenote_note":"","_monsterinsights_sitenote_category":0},"product_brand":[],"product_cat":[27],"product_tag":[112],"class_list":{"0":"post-659","1":"product","2":"type-product","3":"status-publish","4":"has-post-thumbnail","6":"product_cat-accessoires","7":"product_tag-berkey","9":"first","10":"instock","11":"taxable","12":"shipping-taxable","13":"purchasable","14":"product-type-simple"},"acf":[],"_links":{"self":[{"href":"https:\/\/aquahealthproducts.com\/fr\/wp-json\/wp\/v2\/product\/659","targetHints":{"allow":["GET"]}}],"collection":[{"href":"https:\/\/aquahealthproducts.com\/fr\/wp-json\/wp\/v2\/product"}],"about":[{"href":"https:\/\/aquahealthproducts.com\/fr\/wp-json\/wp\/v2\/types\/product"}],"wp:featuredmedia":[{"embeddable":true,"href":"https:\/\/aquahealthproducts.com\/fr\/wp-json\/wp\/v2\/media\/582"}],"wp:attachment":[{"href":"https:\/\/aquahealthproducts.com\/fr\/wp-json\/wp\/v2\/media?parent=659"}],"wp:term":[{"taxonomy":"product_brand","embeddable":true,"href":"https:\/\/aquahealthproducts.com\/fr\/wp-json\/wp\/v2\/product_brand?post=659"},{"taxonomy":"product_cat","embeddable":true,"href":"https:\/\/aquahealthproducts.com\/fr\/wp-json\/wp\/v2\/product_cat?post=659"},{"taxonomy":"product_tag","embeddable":true,"href":"https:\/\/aquahealthproducts.com\/fr\/wp-json\/wp\/v2\/product_tag?post=659"}],"curies":[{"name":"wp","href":"https:\/\/api.w.org\/{rel}","templated":true}]}}