{"id":665,"date":"2024-03-02T14:35:34","date_gmt":"2024-03-02T14:35:34","guid":{"rendered":"https:\/\/aquahealthproducts.com\/?post_type=product&#038;p=665"},"modified":"2026-03-26T20:18:35","modified_gmt":"2026-03-26T20:18:35","slug":"socle-large","status":"publish","type":"product","link":"https:\/\/aquahealthproducts.com\/fr\/produit\/socle-large\/","title":{"rendered":"Socle en acier inoxydable (large)"},"content":{"rendered":"<p><span class=\"s1\">Le socle en acier inoxydable de 6 \u00ab\u00a0de haut \u00e9l\u00e8ve votre purificateur d&rsquo;eau, ce qui vous permet d&rsquo;installer facilement une tasse ou un r\u00e9cipient sous le robinet Le socle en acier inoxydable poli a 4 pieds robustes en caoutchouc non marquant et non \u00e9raflant.\u00a0\u00a0<\/span><\/p>\n<p>&nbsp;<\/p>\n<p><strong><span class=\"s1\">De quelle taille ai-je besoin?<\/span><\/strong><\/p>\n<ul style=\"font-weight: 400;\">\n<li>\u00a0 \u00a0 \u00a0 Aqua Coldstream 6L \/ Travel Berkey:\u00a0\u00a0 petit\u2013 8\u201d de diam\u00e8tre<\/li>\n<li>\u00a0 \u00a0 \u00a0 Aqua Coldstream 9L \/ Big Berkey: \u00a0 \u00a0 \u00a0 \u00a0moyen \u2013 9\u201d de diam\u00e8tre<\/li>\n<li>\u00a0 \u00a0 \u00a0 Aqua Coldstream 12L \/ Royal Berkey:\u00a0\u00a0\u00a0\u00a0 grand \u2013 10\u201d de diam\u00e8tre<\/li>\n<li>\u00a0 \u00a0 \u00a0 Imperial Berkey &amp; Crown Berkey:\u00a0\u00a0 Xlarge \u2013 12\u201d de diam\u00e8tre<\/li>\n<\/ul>\n","protected":false},"excerpt":{"rendered":"<p>Le socle en acier inoxydable permet de sur\u00e9lever le syst\u00e8me <strong>Aqua Coldstream 12L<\/strong> ou <strong>Royal Berkey<\/strong> de 6&Prime; afin de placer un verre ou tout autre contenant sous le robinet. Le format Large convient pour le mod\u00e8le Royal Berkey.<\/p>\n","protected":false},"featured_media":662,"template":"","meta":{"_acf_changed":false,"_monsterinsights_skip_tracking":false,"_monsterinsights_sitenote_active":false,"_monsterinsights_sitenote_note":"","_monsterinsights_sitenote_category":0},"product_brand":[],"product_cat":[27],"product_tag":[112],"class_list":{"0":"post-665","1":"product","2":"type-product","3":"status-publish","4":"has-post-thumbnail","6":"product_cat-accessoires","7":"product_tag-berkey","9":"first","10":"instock","11":"taxable","12":"shipping-taxable","13":"purchasable","14":"product-type-simple"},"acf":[],"_links":{"self":[{"href":"https:\/\/aquahealthproducts.com\/fr\/wp-json\/wp\/v2\/product\/665","targetHints":{"allow":["GET"]}}],"collection":[{"href":"https:\/\/aquahealthproducts.com\/fr\/wp-json\/wp\/v2\/product"}],"about":[{"href":"https:\/\/aquahealthproducts.com\/fr\/wp-json\/wp\/v2\/types\/product"}],"wp:featuredmedia":[{"embeddable":true,"href":"https:\/\/aquahealthproducts.com\/fr\/wp-json\/wp\/v2\/media\/662"}],"wp:attachment":[{"href":"https:\/\/aquahealthproducts.com\/fr\/wp-json\/wp\/v2\/media?parent=665"}],"wp:term":[{"taxonomy":"product_brand","embeddable":true,"href":"https:\/\/aquahealthproducts.com\/fr\/wp-json\/wp\/v2\/product_brand?post=665"},{"taxonomy":"product_cat","embeddable":true,"href":"https:\/\/aquahealthproducts.com\/fr\/wp-json\/wp\/v2\/product_cat?post=665"},{"taxonomy":"product_tag","embeddable":true,"href":"https:\/\/aquahealthproducts.com\/fr\/wp-json\/wp\/v2\/product_tag?post=665"}],"curies":[{"name":"wp","href":"https:\/\/api.w.org\/{rel}","templated":true}]}}