{"id":666,"date":"2024-03-02T14:35:33","date_gmt":"2024-03-02T14:35:33","guid":{"rendered":"https:\/\/aquahealthproducts.com\/?post_type=product&#038;p=666"},"modified":"2026-03-30T13:03:43","modified_gmt":"2026-03-30T13:03:43","slug":"socle-extra-large","status":"publish","type":"product","link":"https:\/\/aquahealthproducts.com\/fr\/produit\/socle-extra-large\/","title":{"rendered":"Socle en acier inoxydable (extra-large)"},"content":{"rendered":"<p><span class=\"s1\">Le socle en acier inoxydable de 6 \u00ab\u00a0de haut \u00e9l\u00e8ve votre Berkey au comptoir, ce qui vous permet d&rsquo;installer facilement une tasse ou un r\u00e9cipient sous le robinet Le socle en acier inoxydable poli a 4 pieds robustes en caoutchouc non marquant et non \u00e9raflant Coll\u00e9 sur le support pour plus de durabilit\u00e9 et de stabilit\u00e9, disponible pour toutes les unit\u00e9s Berkey en acier inoxydable.<\/span><\/p>\n<p>&nbsp;<\/p>\n<p><strong><span class=\"s1\">De quelle taille ai-je besoin?<\/span><\/strong><\/p>\n<p>&nbsp;<\/p>\n<ul>\n<li>\u00a0Travel Berkey: Petit &#8211; 8&Prime; de diam\u00e8tre<\/li>\n<li>\u00a0Big Berkey:\u00a0 \u00a0 \u00a0Moyen &#8211; 9&Prime; de diam\u00e8tre<\/li>\n<li>\u00a0Royal Berkey:\u00a0 Grand\u00a0&#8211; 10&Prime; de diam\u00e8tre<\/li>\n<li>\u00a0Imperial Berkey &amp; Crown Berkey:\u00a0Extra-grand &#8211; 12&Prime; de diam\u00e8tre<\/li>\n<\/ul>\n","protected":false},"excerpt":{"rendered":"<p>Le socle en acier inoxydable permet de sur\u00e9lever le syst\u00e8me Berkey de 6&Prime; afin de placer un verre ou tout autre contenant sous le robinet. Le format Extra-Large convient pour les mod\u00e8les Imp\u00e9rial Berkey et Crown Berkey.<\/p>\n","protected":false},"featured_media":662,"template":"","meta":{"_acf_changed":false,"_monsterinsights_skip_tracking":false,"_monsterinsights_sitenote_active":false,"_monsterinsights_sitenote_note":"","_monsterinsights_sitenote_category":0},"product_brand":[],"product_cat":[27],"product_tag":[112],"class_list":{"0":"post-666","1":"product","2":"type-product","3":"status-publish","4":"has-post-thumbnail","6":"product_cat-accessoires","7":"product_tag-berkey","9":"first","10":"instock","11":"taxable","12":"shipping-taxable","13":"purchasable","14":"product-type-simple"},"acf":[],"_links":{"self":[{"href":"https:\/\/aquahealthproducts.com\/fr\/wp-json\/wp\/v2\/product\/666","targetHints":{"allow":["GET"]}}],"collection":[{"href":"https:\/\/aquahealthproducts.com\/fr\/wp-json\/wp\/v2\/product"}],"about":[{"href":"https:\/\/aquahealthproducts.com\/fr\/wp-json\/wp\/v2\/types\/product"}],"wp:featuredmedia":[{"embeddable":true,"href":"https:\/\/aquahealthproducts.com\/fr\/wp-json\/wp\/v2\/media\/662"}],"wp:attachment":[{"href":"https:\/\/aquahealthproducts.com\/fr\/wp-json\/wp\/v2\/media?parent=666"}],"wp:term":[{"taxonomy":"product_brand","embeddable":true,"href":"https:\/\/aquahealthproducts.com\/fr\/wp-json\/wp\/v2\/product_brand?post=666"},{"taxonomy":"product_cat","embeddable":true,"href":"https:\/\/aquahealthproducts.com\/fr\/wp-json\/wp\/v2\/product_cat?post=666"},{"taxonomy":"product_tag","embeddable":true,"href":"https:\/\/aquahealthproducts.com\/fr\/wp-json\/wp\/v2\/product_tag?post=666"}],"curies":[{"name":"wp","href":"https:\/\/api.w.org\/{rel}","templated":true}]}}