{"id":6927,"date":"2025-03-14T17:16:55","date_gmt":"2025-03-14T17:16:55","guid":{"rendered":"https:\/\/aquahealthproducts.com\/?post_type=product&#038;p=6927"},"modified":"2026-04-15T19:46:34","modified_gmt":"2026-04-15T19:46:34","slug":"filtre-oko-level-2","status":"publish","type":"product","link":"https:\/\/aquahealthproducts.com\/fr\/produit\/filtre-oko-level-2\/","title":{"rendered":"Filtre de Rechange \u00d6KO Level-2"},"content":{"rendered":"<p data-start=\"1123\" data-end=\"1644\">Le <strong>Filtre de Rechange \u00d6KO<\/strong> <strong>Level-2<\/strong> est con\u00e7u pour assurer une filtration optimale et une eau potable o\u00f9 que vous soyez.<\/p>\n<p data-start=\"1123\" data-end=\"1644\">Con\u00e7u avec une technologie de nano-filtration d\u00e9velopp\u00e9e par la NASA, le filtre \u00e9lectro-adsorbant capture les particules submicroniques gr\u00e2ce \u00e0 un champ \u00e9lectromagn\u00e9tique, garantissant une filtration ultra-performante.<\/p>\n<p data-start=\"1123\" data-end=\"1644\">Ce filtre \u00e9limine efficacement <strong data-start=\"314\" data-end=\"387\">virus, bact\u00e9ries, m\u00e9taux lourds et r\u00e9sidus chimiques<\/strong> pour rendre l\u2019eau potable en toutes circonstances. Vous pourrez ainsi boire de l\u2019eau filtr\u00e9e instantan\u00e9ment, sans effort.<\/p>\n<p data-start=\"1646\" data-end=\"2113\">Gr\u00e2ce \u00e0 sa compatibilit\u00e9 avec les <strong>Gourdes Filtrantes \u00d6KO Original<\/strong>, ce filtre s\u2019installe en quelques secondes pour vous offrir une <strong data-start=\"1771\" data-end=\"1798\">eau pure instantan\u00e9ment<\/strong>. Il fonctionne par simple pression sur la gourde, garantissant un <strong data-start=\"1865\" data-end=\"1886\">\u00e9coulement rapide<\/strong> et une filtration performante, sans effort. Id\u00e9al pour <strong data-start=\"1942\" data-end=\"1995\">la randonn\u00e9e, le sport, le voyage ou les urgences<\/strong>, il vous permet de transformer n\u2019importe quelle eau du robinet, de source ou de rivi\u00e8re en une eau potable et s\u00fbre.<\/p>\n<p data-start=\"2115\" data-end=\"2332\" data-is-last-node=\"\" data-is-only-node=\"\">Avec une capacit\u00e9 de <strong data-start=\"2136\" data-end=\"2164\">380 litres (100 gallons)<\/strong>, ce filtre vous accompagne dans <strong data-start=\"2197\" data-end=\"2221\">toutes vos aventures<\/strong>, vous offrant une solution <strong data-start=\"2249\" data-end=\"2285\">\u00e9cologique, \u00e9conomique et fiable<\/strong> pour une <strong data-start=\"2295\" data-end=\"2331\">hydratation saine et sans risque<\/strong>.<\/p>\n","protected":false},"excerpt":{"rendered":"<p data-start=\"32\" data-end=\"372\">Le<strong> Filtre de Rechange \u00d6KO Level-2 <\/strong>utilise une technologie de <strong data-start=\"97\" data-end=\"152\">nano-filtration \u00e9lectro-adsorbante issue de la NASA<\/strong> pour offrir une eau <strong data-start=\"173\" data-end=\"190\">pure et saine<\/strong> partout. Avec une capacit\u00e9 de filtration de <strong data-start=\"221\" data-end=\"235\">380 litres<\/strong>, il \u00e9limine les contaminants les plus courants gr\u00e2ce \u00e0 un <strong data-start=\"294\" data-end=\"326\">syst\u00e8me de filtration avanc\u00e9<\/strong> et un <strong data-start=\"333\" data-end=\"361\">traitement antibact\u00e9rien<\/strong> int\u00e9gr\u00e9.<\/p>\n<p data-start=\"374\" data-end=\"719\">Con\u00e7u sp\u00e9cialement pour les <strong data-start=\"402\" data-end=\"428\">Gourdes Filtrantes \u00d6KO Original<\/strong>, ce filtre se visse facilement sur tous les mod\u00e8les compatibles, vous permettant ainsi de profiter d&rsquo;une <strong data-start=\"534\" data-end=\"580\">hydratation sans risque en toute situation<\/strong>. Que vous soyez en pleine nature, en voyage ou simplement au quotidien, il garantit une <strong data-start=\"669\" data-end=\"703\">eau propre et agr\u00e9able \u00e0 boire<\/strong>, sans effort.<\/p>\n<p data-start=\"721\" data-end=\"1082\">\u2714 <strong data-start=\"723\" data-end=\"745\">Filtration avanc\u00e9e<\/strong> : capture virus, bact\u00e9ries et m\u00e9taux lourds.<br data-start=\"806\" data-end=\"809\" \/>\u2714 <strong data-start=\"811\" data-end=\"831\">Technologie NASA<\/strong> : filtration \u00e9lectro-adsorbante.<br data-start=\"879\" data-end=\"882\" \/>\u2714 <strong data-start=\"884\" data-end=\"909\">Capacit\u00e9 longue dur\u00e9e<\/strong> : jusqu\u2019\u00e0 380 litres d\u2019eau filtr\u00e9e.<br data-start=\"948\" data-end=\"951\" \/>\u2714 <strong data-start=\"1016\" data-end=\"1051\">Compatible avec les Gourdes \u00d6KO Original<\/strong> : syst\u00e8me pratique et rapide.<br \/>\n<strong style=\"font-family: -apple-system, BlinkMacSystemFont, 'Segoe UI', Roboto, 'Helvetica Neue', Arial, 'Noto Sans', sans-serif, 'Apple Color Emoji', 'Segoe UI Emoji', 'Segoe UI Symbol', 'Noto Color Emoji';\" data-start=\"2\" data-end=\"50\">\u2714 Compatible avec les vitamines et suppl\u00e9ments<\/strong><span style=\"font-family: -apple-system, BlinkMacSystemFont, 'Segoe UI', Roboto, 'Helvetica Neue', Arial, 'Noto Sans', sans-serif, 'Apple Color Emoji', 'Segoe UI Emoji', 'Segoe UI Symbol', 'Noto Color Emoji';\"> : possibilit\u00e9 d\u2019ajouter des nutriments directement dans la cartouche.<br \/>\n<\/span><\/p>\n","protected":false},"featured_media":7014,"template":"","meta":{"_acf_changed":false,"_monsterinsights_skip_tracking":false,"_monsterinsights_sitenote_active":false,"_monsterinsights_sitenote_note":"","_monsterinsights_sitenote_category":0},"product_brand":[177],"product_cat":[39],"product_tag":[178],"class_list":{"0":"post-6927","1":"product","2":"type-product","3":"status-publish","4":"has-post-thumbnail","6":"product_brand-oko","7":"product_cat-filtres-de-rechange","8":"product_tag-oko","10":"first","11":"instock","12":"taxable","13":"shipping-taxable","14":"purchasable","15":"product-type-variable"},"acf":[],"_links":{"self":[{"href":"https:\/\/aquahealthproducts.com\/fr\/wp-json\/wp\/v2\/product\/6927","targetHints":{"allow":["GET"]}}],"collection":[{"href":"https:\/\/aquahealthproducts.com\/fr\/wp-json\/wp\/v2\/product"}],"about":[{"href":"https:\/\/aquahealthproducts.com\/fr\/wp-json\/wp\/v2\/types\/product"}],"wp:featuredmedia":[{"embeddable":true,"href":"https:\/\/aquahealthproducts.com\/fr\/wp-json\/wp\/v2\/media\/7014"}],"wp:attachment":[{"href":"https:\/\/aquahealthproducts.com\/fr\/wp-json\/wp\/v2\/media?parent=6927"}],"wp:term":[{"taxonomy":"product_brand","embeddable":true,"href":"https:\/\/aquahealthproducts.com\/fr\/wp-json\/wp\/v2\/product_brand?post=6927"},{"taxonomy":"product_cat","embeddable":true,"href":"https:\/\/aquahealthproducts.com\/fr\/wp-json\/wp\/v2\/product_cat?post=6927"},{"taxonomy":"product_tag","embeddable":true,"href":"https:\/\/aquahealthproducts.com\/fr\/wp-json\/wp\/v2\/product_tag?post=6927"}],"curies":[{"name":"wp","href":"https:\/\/api.w.org\/{rel}","templated":true}]}}