{"id":6941,"date":"2025-03-14T17:39:18","date_gmt":"2025-03-14T17:39:18","guid":{"rendered":"https:\/\/aquahealthproducts.com\/?post_type=product&#038;p=6941"},"modified":"2026-04-06T00:42:03","modified_gmt":"2026-04-06T00:42:03","slug":"gourde-oko-1000ml","status":"publish","type":"product","link":"https:\/\/aquahealthproducts.com\/fr\/produit\/gourde-oko-1000ml\/","title":{"rendered":"Gourde Filtrante \u00d6KO 1000mL"},"content":{"rendered":"<p><img fetchpriority=\"high\" decoding=\"async\" class=\"wp-image-7004 aligncenter\" src=\"https:\/\/aquahealthproducts.com\/wp-content\/uploads\/2025\/03\/oko-water-bottle-filtration-infusion-oko-gourde-filtrante-water-filter-bottle-oko-usage.png\" alt=\"\" width=\"500\" height=\"330\" \/><\/p>\n<p>Profitez d\u2019une eau pure et saine partout o\u00f9 vous allez avec la <strong>Gourde Filtrante \u00d6KO 1000mL<\/strong>. Con\u00e7ue avec une technologie de nano-filtration d\u00e9velopp\u00e9e par l&rsquo;agence spatiale NASA, elle \u00e9limine efficacement <strong data-start=\"314\" data-end=\"387\">virus, bact\u00e9ries, m\u00e9taux lourds et r\u00e9sidus chimiques<\/strong> pour rendre l\u2019eau potable en toutes circonstances. Id\u00e9ale pour le <strong data-start=\"454\" data-end=\"519\">voyage, la randonn\u00e9e, le sport ou une utilisation quotidienne<\/strong>, cette gourde vous permet de boire de l\u2019eau filtr\u00e9e instantan\u00e9ment, sans effort. Son filtre \u00e9lectro-adsorbant capture les particules submicroniques gr\u00e2ce \u00e0 un champ \u00e9lectromagn\u00e9tique, garantissant une filtration ultra-performante. <strong data-start=\"751\" data-end=\"773\">L\u00e9g\u00e8re et pratique<\/strong>, elle est fabriqu\u00e9e en polypropyl\u00e8ne sans BPA ni phtalates, assurant une utilisation saine et \u00e9cologique. Son filtre a une <strong data-start=\"897\" data-end=\"937\">capacit\u00e9 de filtration de 380 litres<\/strong>, ce qui en fait une alternative \u00e9conomique aux bouteilles en plastique. De plus, son bouchon antifuite et son mousqueton int\u00e9gr\u00e9 offrent un transport en toute s\u00e9curit\u00e9. Avec la <strong data-start=\"1134\" data-end=\"1148\">Gourde \u00d6KO<\/strong>, transformez l\u2019eau du robinet, des rivi\u00e8res ou des puits en eau propre et agr\u00e9able \u00e0 boire, en un simple geste !<\/p>\n<h4 data-start=\"3099\" data-end=\"3146\"><strong data-start=\"3103\" data-end=\"3146\">Pourquoi choisir la Gourde Filtrante \u00d6KO 1000mL ?<\/strong><\/h4>\n<ul data-start=\"3147\" data-end=\"3479\">\n<li data-start=\"3147\" data-end=\"3237\"><strong data-start=\"3149\" data-end=\"3170\">Sant\u00e9 et s\u00e9curit\u00e9<\/strong> : \u00c9limine bact\u00e9ries, virus et m\u00e9taux lourds<\/li>\n<li data-start=\"3147\" data-end=\"3237\"><strong>Id\u00e9al pour toute la famille<\/strong> : Y compris les enfants et les adultes<\/li>\n<li data-start=\"3238\" data-end=\"3312\"><strong data-start=\"3240\" data-end=\"3254\">\u00c9cologique<\/strong> : R\u00e9duction des d\u00e9chets plastiques, filtre de longue dur\u00e9e<\/li>\n<li data-start=\"3313\" data-end=\"3385\"><strong data-start=\"3315\" data-end=\"3330\">Polyvalente<\/strong> : Adapt\u00e9e aux voyages, randonn\u00e9es, bureaux et sports, en mode filtration ou infusion<\/li>\n<li data-start=\"3386\" data-end=\"3479\"><strong data-start=\"3388\" data-end=\"3412\">Facile d\u2019utilisation<\/strong> : Remplissez, pressez, buvez ! Pas besoin de pompe ou de succion<\/li>\n<\/ul>\n","protected":false},"excerpt":{"rendered":"<p data-start=\"1295\" data-end=\"1605\">La <strong>Gourde Filtrante \u00d6KO 1000mL<\/strong> vous permet de boire de l\u2019eau pure et saine o\u00f9 que vous soyez gr\u00e2ce \u00e0 son syst\u00e8me de <strong data-start=\"1415\" data-end=\"1442\">nano-filtration brevet\u00e9<\/strong> d\u00e9velopp\u00e9 par la NASA. <strong data-start=\"1463\" data-end=\"1496\">L\u00e9g\u00e8re, durable et \u00e9cologique<\/strong>, elle filtre jusqu\u2019\u00e0 <strong data-start=\"1518\" data-end=\"1538\">380 litres d\u2019eau<\/strong> et \u00e9limine bact\u00e9ries, virus, m\u00e9taux lourds et autres contaminants.<\/p>\n<p data-start=\"1607\" data-end=\"1992\">\u2714 <strong data-start=\"1609\" data-end=\"1629\">Ultra-filtration<\/strong> : \u00e9limine virus, bact\u00e9ries et r\u00e9sidus chimiques.<br data-start=\"1689\" data-end=\"1692\" \/>\u2714 <strong data-start=\"1694\" data-end=\"1713\">Grande capacit\u00e9<\/strong> : 1L, id\u00e9ale pour les aventuriers et sportifs.<br data-start=\"1759\" data-end=\"1762\" \/>\u2714 <strong data-start=\"1764\" data-end=\"1792\">\u00c9cologique et \u00e9conomique<\/strong> : filtre rempla\u00e7able, sans BPA ni phtalates.<br data-start=\"1836\" data-end=\"1839\" \/>\u2714 <strong data-start=\"1841\" data-end=\"1862\">L\u00e9g\u00e8re et robuste<\/strong> : seulement 147 g, avec mousqueton et bouchon antifuite.<br data-start=\"1918\" data-end=\"1921\" \/>\u2714 <strong data-start=\"1923\" data-end=\"1945\">Utilisation facile<\/strong> : syst\u00e8me par pression, pas besoin d\u2019aspirer.<br \/>\n\u2714 <strong>Utilisation polyvalente<\/strong> : l<span style=\"font-family: -apple-system, BlinkMacSystemFont, 'Segoe UI', Roboto, 'Helvetica Neue', Arial, 'Noto Sans', sans-serif, 'Apple Color Emoji', 'Segoe UI Emoji', 'Segoe UI Symbol', 'Noto Color Emoji';\">es gourdes peuvent \u00e9galement \u00eatre utilis\u00e9es comme <\/span>infuseurs.<\/p>\n<div class=\"mb-2 flex gap-3 -ml-2\" tabindex=\"0\">\n<div class=\"flex items-center justify-start rounded-xl p-1\">\n<div class=\"flex items-center transition-opacity group-hover\/turn:opacity-100 opacity-100\">\n<div class=\"flex items-center pb-0\"><\/div>\n<\/div>\n<\/div>\n<\/div>\n","protected":false},"featured_media":5184,"template":"","meta":{"_acf_changed":false,"_monsterinsights_skip_tracking":false,"_monsterinsights_sitenote_active":false,"_monsterinsights_sitenote_note":"","_monsterinsights_sitenote_category":0},"product_brand":[177],"product_cat":[32,182],"product_tag":[178],"class_list":{"0":"post-6941","1":"product","2":"type-product","3":"status-publish","4":"has-post-thumbnail","6":"product_brand-oko","7":"product_cat-pure","8":"product_cat-produits-portables","9":"product_tag-oko","11":"first","12":"instock","13":"taxable","14":"shipping-taxable","15":"purchasable","16":"product-type-variable"},"acf":[],"_links":{"self":[{"href":"https:\/\/aquahealthproducts.com\/fr\/wp-json\/wp\/v2\/product\/6941","targetHints":{"allow":["GET"]}}],"collection":[{"href":"https:\/\/aquahealthproducts.com\/fr\/wp-json\/wp\/v2\/product"}],"about":[{"href":"https:\/\/aquahealthproducts.com\/fr\/wp-json\/wp\/v2\/types\/product"}],"wp:featuredmedia":[{"embeddable":true,"href":"https:\/\/aquahealthproducts.com\/fr\/wp-json\/wp\/v2\/media\/5184"}],"wp:attachment":[{"href":"https:\/\/aquahealthproducts.com\/fr\/wp-json\/wp\/v2\/media?parent=6941"}],"wp:term":[{"taxonomy":"product_brand","embeddable":true,"href":"https:\/\/aquahealthproducts.com\/fr\/wp-json\/wp\/v2\/product_brand?post=6941"},{"taxonomy":"product_cat","embeddable":true,"href":"https:\/\/aquahealthproducts.com\/fr\/wp-json\/wp\/v2\/product_cat?post=6941"},{"taxonomy":"product_tag","embeddable":true,"href":"https:\/\/aquahealthproducts.com\/fr\/wp-json\/wp\/v2\/product_tag?post=6941"}],"curies":[{"name":"wp","href":"https:\/\/api.w.org\/{rel}","templated":true}]}}