{"id":7075,"date":"2025-03-21T04:14:27","date_gmt":"2025-03-21T04:14:27","guid":{"rendered":"https:\/\/aquahealthproducts.com\/?post_type=product&#038;p=7075"},"modified":"2026-03-18T17:52:41","modified_gmt":"2026-03-18T17:52:41","slug":"aqua-coldstream-max-sous-evier","status":"publish","type":"product","link":"https:\/\/aquahealthproducts.com\/fr\/produit\/aqua-coldstream-max-sous-evier\/","title":{"rendered":"AQUA Coldstream MAX Sous-\u00c9vier"},"content":{"rendered":"<p data-start=\"1044\" data-end=\"1421\">Le <strong>AQUA Coldstream MAX Sous-\u00c9vier<\/strong> est un <strong data-start=\"1084\" data-end=\"1127\">syst\u00e8me de filtration haute performance<\/strong> con\u00e7u pour s\u2019int\u00e9grer discr\u00e8tement sous votre \u00e9vier et fournir une <strong data-start=\"1195\" data-end=\"1234\">eau potable plus saine et plus pure<\/strong> directement depuis votre robinet. Son filtre en c\u00e9ramique innovant <strong data-start=\"1302\" data-end=\"1345\">\u00e9limine une large gamme de contaminants<\/strong> tout en conservant les min\u00e9raux essentiels pour une hydratation optimale.<\/p>\n<h4 data-start=\"1423\" data-end=\"1829\"><strong data-start=\"1426\" data-end=\"1477\">Une filtration avanc\u00e9e pour une eau cristalline<\/strong><\/h4>\n<p data-start=\"1423\" data-end=\"1829\">Ce syst\u00e8me de purification utilise une <strong data-start=\"1463\" data-end=\"1510\">cartouche en c\u00e9ramique de haute performance<\/strong>, capable de traiter <strong data-start=\"1531\" data-end=\"1562\">jusqu&rsquo;\u00e0 5000 litres d&rsquo;eau<\/strong> tout en \u00e9liminant les <strong data-start=\"1585\" data-end=\"1671\">virus, bact\u00e9ries, m\u00e9taux lourds, produits chimiques, pesticides et microplastiques<\/strong>. Gr\u00e2ce \u00e0 sa <strong data-start=\"1627\" data-end=\"1652\">structure multicouche<\/strong>, il garantit une <strong data-start=\"1689\" data-end=\"1721\">eau filtr\u00e9e au go\u00fbt agr\u00e9able<\/strong>, parfaite pour la consommation quotidienne, la cuisson ou le lavage des aliments.<\/p>\n<h4 data-start=\"1423\" data-end=\"1829\"><strong data-start=\"2\" data-end=\"41\">Une installation facile et sans per\u00e7age<\/strong><\/h4>\n<p data-start=\"1423\" data-end=\"1829\">Le AQUA Coldstream MAX Sous-\u00c9vier s\u2019int\u00e8gre directement \u00e0 votre plomberie <strong data-start=\"117\" data-end=\"172\">sans besoin de per\u00e7age ni de modifications majeures<\/strong>, con\u00e7u pour \u00eatre <strong data-start=\"1910\" data-end=\"1948\">simple \u00e0 installer et \u00e0 entretenir<\/strong>, avec une <strong data-start=\"1959\" data-end=\"1995\">cartouche facilement rempla\u00e7able<\/strong> qui assure une filtration durable et efficace. Ce syst\u00e8me s\u2019adapte parfaitement aux cuisines domestiques, aux espaces de travail ou aux environnements commerciaux n\u00e9cessitant une eau de haute qualit\u00e9. Il offre une solution simple et rapide pour une eau pure directement issue au robinet.<\/p>\n<h4 data-start=\"1423\" data-end=\"1829\"><strong data-start=\"2073\" data-end=\"2128\">Cartouche c\u00e9ramique avec indicateur de remplacement<\/strong><\/h4>\n<p data-start=\"1423\" data-end=\"1829\">Contrairement aux filtres classiques, la <strong data-start=\"2172\" data-end=\"2200\">cartouche Coldstream MAX<\/strong> est <strong data-start=\"2205\" data-end=\"2235\">nettoyable et r\u00e9utilisable<\/strong>. Son rev\u00eatement ext\u00e9rieur bleu contient des propri\u00e9t\u00e9s antimicrobiennes et agit comme un indicateur d\u2019usure : <strong data-start=\"2346\" data-end=\"2434\">lorsque la c\u00e9ramique blanche devient visible, il est temps de remplacer la cartouche<\/strong>.<\/p>\n<h4 data-start=\"2192\" data-end=\"2430\"><strong data-start=\"2195\" data-end=\"2232\">Un choix \u00e9cologique et \u00e9conomique<\/strong><\/h4>\n<p>En optant pour le AQUA Coldstream MAX, vous faites le choix d\u2019une solution \u00e0 la fois <strong data-start=\"140\" data-end=\"186\">durable et respectueuse de l\u2019environnement<\/strong>. Ce syst\u00e8me de filtration permet de <strong data-start=\"223\" data-end=\"307\">r\u00e9duire consid\u00e9rablement l\u2019utilisation de bouteilles en plastique \u00e0 usage unique<\/strong>, contribuant ainsi \u00e0 la diminution des d\u00e9chets plastiques. De plus, il fonctionne <strong data-start=\"390\" data-end=\"410\">sans \u00e9lectricit\u00e9<\/strong>, offrant une alternative \u00e9conomique et \u00e9co-responsable tout en r\u00e9duisant votre consommation d\u2019\u00e9nergie. Gr\u00e2ce \u00e0 sa conception robuste et \u00e0 l\u2019utilisation de mat\u00e9riaux de haute qualit\u00e9 tel que<strong data-start=\"566\" data-end=\"596\"> le plastique PET recyclable<\/strong>, ce filtre garantit une <strong data-start=\"621\" data-end=\"641\">long\u00e9vit\u00e9 accrue<\/strong>, \u00e9vitant ainsi des remplacements fr\u00e9quents et assurant une eau pure \u00e0 moindre co\u00fbt sur le long terme.<\/p>\n","protected":false},"excerpt":{"rendered":"<p data-start=\"129\" data-end=\"701\">Le <strong>AQUA Coldstream MAX Sous-\u00c9vier<\/strong> est un <strong data-start=\"169\" data-end=\"211\">syst\u00e8me de filtration d\u2019eau performant<\/strong> qui se connecte directement \u00e0 votre plomberie pour vous offrir une eau <strong data-start=\"283\" data-end=\"310\">pure, sans contaminants<\/strong> et au go\u00fbt am\u00e9lior\u00e9. Gr\u00e2ce \u00e0 son <strong data-start=\"344\" data-end=\"379\">filtre en c\u00e9ramique multicouche<\/strong>, il \u00e9limine efficacement les <strong data-start=\"409\" data-end=\"501\">bact\u00e9ries, virus, m\u00e9taux lourds, pesticides, r\u00e9sidus pharmaceutiques et particules fines<\/strong> tout en pr\u00e9servant les sels min\u00e9raux essentiels. Facile \u00e0 installer et \u00e0 entretenir, il constitue une <strong data-start=\"604\" data-end=\"641\">solution \u00e9cologique et \u00e9conomique<\/strong> pour une eau de qualit\u00e9 directement depuis votre robinet.<\/p>\n<p data-start=\"703\" data-end=\"1003\">\u2714 \u00c9limine bact\u00e9ries, virus, m\u00e9taux lourds et produits chimiques<br data-start=\"770\" data-end=\"773\" \/>\u2714 Technologie de filtration c\u00e9ramique avanc\u00e9e<br data-start=\"822\" data-end=\"825\" \/>\u2714 Installation simple sous \u00e9vier, sans \u00e9lectricit\u00e9<br data-start=\"879\" data-end=\"882\" \/>\u2714 Am\u00e9liore le go\u00fbt de l\u2019eau et r\u00e9duit le chlore<br data-start=\"933\" data-end=\"936\" \/>\u2714 Id\u00e9al pour la maison, le bureau, ou les espaces commerciaux<\/p>\n","protected":false},"featured_media":16278,"template":"","meta":{"_acf_changed":false,"_monsterinsights_skip_tracking":false,"_monsterinsights_sitenote_active":false,"_monsterinsights_sitenote_note":"","_monsterinsights_sitenote_category":0},"product_brand":[172],"product_cat":[32],"product_tag":[175],"class_list":{"0":"post-7075","1":"product","2":"type-product","3":"status-publish","4":"has-post-thumbnail","6":"product_brand-coldstream","7":"product_cat-pure","8":"product_tag-coldstream","10":"first","11":"onbackorder","12":"taxable","13":"shipping-taxable","14":"purchasable","15":"product-type-simple"},"acf":[],"_links":{"self":[{"href":"https:\/\/aquahealthproducts.com\/fr\/wp-json\/wp\/v2\/product\/7075","targetHints":{"allow":["GET"]}}],"collection":[{"href":"https:\/\/aquahealthproducts.com\/fr\/wp-json\/wp\/v2\/product"}],"about":[{"href":"https:\/\/aquahealthproducts.com\/fr\/wp-json\/wp\/v2\/types\/product"}],"wp:featuredmedia":[{"embeddable":true,"href":"https:\/\/aquahealthproducts.com\/fr\/wp-json\/wp\/v2\/media\/16278"}],"wp:attachment":[{"href":"https:\/\/aquahealthproducts.com\/fr\/wp-json\/wp\/v2\/media?parent=7075"}],"wp:term":[{"taxonomy":"product_brand","embeddable":true,"href":"https:\/\/aquahealthproducts.com\/fr\/wp-json\/wp\/v2\/product_brand?post=7075"},{"taxonomy":"product_cat","embeddable":true,"href":"https:\/\/aquahealthproducts.com\/fr\/wp-json\/wp\/v2\/product_cat?post=7075"},{"taxonomy":"product_tag","embeddable":true,"href":"https:\/\/aquahealthproducts.com\/fr\/wp-json\/wp\/v2\/product_tag?post=7075"}],"curies":[{"name":"wp","href":"https:\/\/api.w.org\/{rel}","templated":true}]}}