{"id":716,"date":"2024-02-13T10:26:07","date_gmt":"2024-02-13T10:26:07","guid":{"rendered":"https:\/\/aquahealthproducts.com\/?post_type=product&#038;p=716"},"modified":"2026-04-14T17:57:43","modified_gmt":"2026-04-14T17:57:43","slug":"vitalizer-panier","status":"publish","type":"product","link":"https:\/\/aquahealthproducts.com\/fr\/produit\/vitalizer-panier\/","title":{"rendered":"Vitalizer Plus &#8211; Panier de min\u00e9raux"},"content":{"rendered":"<p><span class=\"s1\">Le panier de min\u00e9raux est l&rsquo;un des secrets du syst\u00e8me d&rsquo;eau Vitalizer Plus. Il <\/span><span class=\"s1\">r\u00e9introduit dans l&rsquo;eau les \u00e9l\u00e9ments nutritifs dont notre corps a besoin: <\/span><\/p>\n<ul>\n<li><span class=\"s1\"><span class=\"x_434608553font\"><span class=\"x_434608553size\">Le calcium augmente l&rsquo;alcalinit\u00e9 de l&rsquo;eau pour contribuer \u00e0 l&rsquo;\u00e9quilibre pH du corps. <\/span><\/span><\/span><\/li>\n<li><span class=\"s1\"><span class=\"x_434608553font\"><span class=\"x_434608553size\">La tourmaline ajoute des ions n\u00e9gatifs, \u00e9quilibre le potentiel d&rsquo;oxydor\u00e9duction et ajoute des infrarouges lointains (FIR). <\/span><\/span><\/span><\/li>\n<li><span class=\"s1\"><span class=\"x_434608553font\"><span class=\"x_434608553size\">Le magn\u00e9sium contribue \u00e0 r\u00e9guler la fonction nerveuse et la pression art\u00e9rielle<\/span><\/span><\/span><\/li>\n<li><span class=\"s1\"><span class=\"x_434608553font\"><span class=\"x_434608553size\">Le phosphore adoucit l&rsquo;eau<\/span><\/span><\/span><\/li>\n<li><span class=\"s1\"><span class=\"x_434608553font\"><span class=\"x_434608553size\">Le sodium ajoute des \u00e9lectrolytes dont notre corps a besoin<\/span><\/span><\/span><\/li>\n<li><span class=\"s1\"><span class=\"x_434608553font\"><span class=\"x_434608553size\">Le potassium contribue \u00e0 \u00e9quilibrer la pression art\u00e9rielle<\/span><\/span><\/span><\/li>\n<\/ul>\n<p>&nbsp;<\/p>\n<p><span class=\"s1\"><strong>Instructions pour le remplacement du cube de min\u00e9raux<\/strong><\/span><\/p>\n<ul>\n<li>Remplacez le panier de min\u00e9raux lorsque \u00ab\u00a0CC\u00a0\u00bb (changement de cartouche) appara\u00eet sur l&rsquo;affichage.<\/li>\n<li>Placez le nouveau panier dans le fond du pichet, puis tournez le dans le sens des aiguilles d&rsquo;une montre pour le fixer correctement \u00e0 l&rsquo;int\u00e9rieur du pichet.<\/li>\n<li>Remplissez le pichet avec de l&rsquo;eau.<\/li>\n<li>Allumer la machine pendant 9 minutes pour rincer le panier.<\/li>\n<li>Jetez la premi\u00e8re eau (arrosez vos plantes avec!)<\/li>\n<li>Vous \u00eates pr\u00eat \u00e0 utiliser votre syst\u00e8me d&rsquo;eau Vitalizer Plus.<\/li>\n<\/ul>\n<p class=\"p1\"><span class=\"s1\">\u00a0<\/span><\/p>\n<p><span class=\"s1\">Remarque: Pour retirer le panier du pichet, tournez le dans le sens contraire des aiguilles d&rsquo;une montre.<\/span><\/p>\n","protected":false},"excerpt":{"rendered":"<p>Le panier de min\u00e9raux Vitalizer Plus introduit du calcium, de la tourmaline et des traces de magn\u00e9sium, de phosphore, de sodium et de potassium dans votre eau vortex\u00e9e\u00a0 Ces min\u00e9raux bioassimilables augmentent l&rsquo;alcalinit\u00e9 de l&rsquo;eau et infusent l&rsquo;eau d&rsquo;ions n\u00e9gatifs qui ont un effet antioxydant sur l&rsquo;organisme.<\/p>\n","protected":false},"featured_media":3897,"template":"","meta":{"_acf_changed":false,"_monsterinsights_skip_tracking":false,"_monsterinsights_sitenote_active":false,"_monsterinsights_sitenote_note":"","_monsterinsights_sitenote_category":0},"product_brand":[201],"product_cat":[39,66],"product_tag":[114],"class_list":{"0":"post-716","1":"product","2":"type-product","3":"status-publish","4":"has-post-thumbnail","6":"product_brand-vitalizer-plus","7":"product_cat-filtres-de-rechange","8":"product_cat-mineraux","9":"product_tag-vitalizer-plus","11":"first","12":"instock","13":"taxable","14":"shipping-taxable","15":"purchasable","16":"product-type-simple"},"acf":[],"_links":{"self":[{"href":"https:\/\/aquahealthproducts.com\/fr\/wp-json\/wp\/v2\/product\/716","targetHints":{"allow":["GET"]}}],"collection":[{"href":"https:\/\/aquahealthproducts.com\/fr\/wp-json\/wp\/v2\/product"}],"about":[{"href":"https:\/\/aquahealthproducts.com\/fr\/wp-json\/wp\/v2\/types\/product"}],"wp:featuredmedia":[{"embeddable":true,"href":"https:\/\/aquahealthproducts.com\/fr\/wp-json\/wp\/v2\/media\/3897"}],"wp:attachment":[{"href":"https:\/\/aquahealthproducts.com\/fr\/wp-json\/wp\/v2\/media?parent=716"}],"wp:term":[{"taxonomy":"product_brand","embeddable":true,"href":"https:\/\/aquahealthproducts.com\/fr\/wp-json\/wp\/v2\/product_brand?post=716"},{"taxonomy":"product_cat","embeddable":true,"href":"https:\/\/aquahealthproducts.com\/fr\/wp-json\/wp\/v2\/product_cat?post=716"},{"taxonomy":"product_tag","embeddable":true,"href":"https:\/\/aquahealthproducts.com\/fr\/wp-json\/wp\/v2\/product_tag?post=716"}],"curies":[{"name":"wp","href":"https:\/\/api.w.org\/{rel}","templated":true}]}}