{"id":7247,"date":"2025-03-21T04:13:35","date_gmt":"2025-03-21T04:13:35","guid":{"rendered":"https:\/\/aquahealthproducts.com\/?post_type=product&#038;p=7247"},"modified":"2026-04-05T18:27:51","modified_gmt":"2026-04-05T18:27:51","slug":"baton-alkaflow","status":"publish","type":"product","link":"https:\/\/aquahealthproducts.com\/fr\/produit\/baton-alkaflow\/","title":{"rendered":"B\u00e2ton min\u00e9ralisant AlkaFlow\u2122"},"content":{"rendered":"<p data-start=\"676\" data-end=\"993\">Le <strong data-start=\"679\" data-end=\"721\">B\u00e2ton min\u00e9ralisant AlkaFlow<sup>TM<\/sup> <\/strong>est une solution simple, \u00e9conomique et durable pour am\u00e9liorer la qualit\u00e9 de votre eau au quotidien. Enrichi de min\u00e9raux naturels, ce b\u00e2ton diffuse doucement du <strong data-start=\"882\" data-end=\"923\">magn\u00e9sium, du calcium et du potassium<\/strong>, contribuant \u00e0 <strong data-start=\"939\" data-end=\"958\">augmenter le pH<\/strong> de l\u2019eau et \u00e0 \u00e9quilibrer le pH de votre organisme.<\/p>\n<p data-start=\"995\" data-end=\"1440\">Il suffit de le placer dans une bouteille ou un verre d\u2019eau \u2014 id\u00e9alement d\u00e9j\u00e0 filtr\u00e9e \u2014 pendant quelques minutes pour obtenir une eau plus douce, plus agr\u00e9able au go\u00fbt et mieux assimil\u00e9e par l\u2019organisme. Cette eau l\u00e9g\u00e8rement alcaline peut aider \u00e0 r\u00e9duire l\u2019acidit\u00e9 corporelle, soutenir l\u2019\u00e9nergie cellulaire et favoriser une hydratation plus confortable, notamment pour les personnes sensibles \u00e0 l\u2019acidit\u00e9 de l\u2019eau du robinet ou de l\u2019eau osmos\u00e9e.<\/p>\n<p data-start=\"1442\" data-end=\"1712\">Fabriqu\u00e9 en <strong data-start=\"1454\" data-end=\"1482\">acier inoxydable durable<\/strong>, le B\u00e2ton min\u00e9ralisant AlkaFlow<sup>TM <\/sup>est <strong>r\u00e9utilisable pour une p\u00e9riode pouvant aller jusqu\u00e0 3 mois (150 litres)<\/strong>. Son format compact permet de l\u2019apporter partout : au travail, au gym, en voyage ou dans votre bouteille d&rsquo;eau au quotidien.<\/p>\n<h3 data-start=\"1714\" data-end=\"1742\"><strong data-start=\"1718\" data-end=\"1742\">Avantages principaux<\/strong><\/h3>\n<ul data-start=\"1743\" data-end=\"2093\">\n<li data-start=\"1743\" data-end=\"1784\">\n<p data-start=\"1745\" data-end=\"1784\">Augmente naturellement le pH de l\u2019eau<\/p>\n<\/li>\n<li data-start=\"1785\" data-end=\"1831\">\n<p data-start=\"1787\" data-end=\"1831\">Ajoute des min\u00e9raux essentiels (Mg, Ca, K)<\/p>\n<\/li>\n<li data-start=\"1832\" data-end=\"1875\">\n<p data-start=\"1834\" data-end=\"1875\">Am\u00e9liore le go\u00fbt et la douceur de l\u2019eau<\/p>\n<\/li>\n<li data-start=\"1876\" data-end=\"1935\">\n<p data-start=\"1878\" data-end=\"1935\">Alternative simple et \u00e9conomique aux syst\u00e8mes complexes<\/p>\n<\/li>\n<li data-start=\"1936\" data-end=\"1998\">\n<p data-start=\"1938\" data-end=\"1998\">En acier inoxydable : s\u00e9curitaire, durable et r\u00e9utilisable<\/p>\n<\/li>\n<li data-start=\"1999\" data-end=\"2093\">\n<p data-start=\"2001\" data-end=\"2093\">Id\u00e9al pour l\u2019eau d\u00e9j\u00e0 filtr\u00e9e<\/p>\n<\/li>\n<\/ul>\n<p data-start=\"2095\" data-end=\"2200\" data-is-last-node=\"\" data-is-only-node=\"\">Une petite action, un grand impact : transformez facilement votre eau en eau alcaline et min\u00e9ralis\u00e9, o\u00f9 que vous soyez.<\/p>\n","protected":false},"excerpt":{"rendered":"<p>Le <strong data-start=\"283\" data-end=\"305\">b\u00e2ton min\u00e9ralisant AlkaFlow<sup>TM<\/sup><\/strong> enrichit l\u2019eau en min\u00e9raux alcalins (magn\u00e9sium, calcium, potassium) et augmente naturellement son pH pour une hydratation plus douce et moins acide.\u00a0 Con\u00e7u en <strong data-start=\"464\" data-end=\"484\">acier inoxydable<\/strong>, il s\u2019utilise simplement dans une gourde ou un verre d\u2019eau (id\u00e9alement filtr\u00e9e) pour une eau plus douce et \u00e9quilibr\u00e9e.<\/p>\n","protected":false},"featured_media":7249,"template":"","meta":{"_acf_changed":false,"_monsterinsights_skip_tracking":false,"_monsterinsights_sitenote_active":false,"_monsterinsights_sitenote_note":"","_monsterinsights_sitenote_category":0},"product_brand":[179],"product_cat":[80,182,27,66],"product_tag":[111,184],"class_list":{"0":"post-7247","1":"product","2":"type-product","3":"status-publish","4":"has-post-thumbnail","6":"product_brand-alkaflow","7":"product_cat-alkafiltre","8":"product_cat-produits-portables","9":"product_cat-accessoires","10":"product_cat-mineraux","11":"product_tag-alkaflow","12":"product_tag-produits-portables","14":"first","15":"instock","16":"taxable","17":"shipping-taxable","18":"purchasable","19":"product-type-simple"},"acf":[],"_links":{"self":[{"href":"https:\/\/aquahealthproducts.com\/fr\/wp-json\/wp\/v2\/product\/7247","targetHints":{"allow":["GET"]}}],"collection":[{"href":"https:\/\/aquahealthproducts.com\/fr\/wp-json\/wp\/v2\/product"}],"about":[{"href":"https:\/\/aquahealthproducts.com\/fr\/wp-json\/wp\/v2\/types\/product"}],"wp:featuredmedia":[{"embeddable":true,"href":"https:\/\/aquahealthproducts.com\/fr\/wp-json\/wp\/v2\/media\/7249"}],"wp:attachment":[{"href":"https:\/\/aquahealthproducts.com\/fr\/wp-json\/wp\/v2\/media?parent=7247"}],"wp:term":[{"taxonomy":"product_brand","embeddable":true,"href":"https:\/\/aquahealthproducts.com\/fr\/wp-json\/wp\/v2\/product_brand?post=7247"},{"taxonomy":"product_cat","embeddable":true,"href":"https:\/\/aquahealthproducts.com\/fr\/wp-json\/wp\/v2\/product_cat?post=7247"},{"taxonomy":"product_tag","embeddable":true,"href":"https:\/\/aquahealthproducts.com\/fr\/wp-json\/wp\/v2\/product_tag?post=7247"}],"curies":[{"name":"wp","href":"https:\/\/api.w.org\/{rel}","templated":true}]}}