{"id":7255,"date":"2025-03-21T05:03:07","date_gmt":"2025-03-21T05:03:07","guid":{"rendered":"https:\/\/aquahealthproducts.com\/?post_type=product&#038;p=7255"},"modified":"2026-03-30T13:03:43","modified_gmt":"2026-03-30T13:03:43","slug":"mayu-tourbillon","status":"publish","type":"product","link":"https:\/\/aquahealthproducts.com\/fr\/produit\/mayu-tourbillon\/","title":{"rendered":"Tourbillon MAYU"},"content":{"rendered":"<p class=\"\" data-start=\"224\" data-end=\"641\">Le <strong data-start=\"227\" data-end=\"246\">Tourbillon MAYU<\/strong> est l\u2019\u00e9l\u00e9ment central du syst\u00e8me MAYU Swirl : c\u2019est lui qui donne vie au mouvement en spirale embl\u00e9matique du MAYU, recr\u00e9ant le flux naturel de l\u2019eau tel qu\u2019on le retrouve dans les rivi\u00e8res et les sources vivantes. Ce petit dispositif magn\u00e9tique se place au fond de la carafe et, une fois activ\u00e9 par la base motoris\u00e9e, g\u00e9n\u00e8re un vortex \u00e9l\u00e9gant et fluide qui structure, oxyg\u00e8ne et dynamise votre eau.<\/p>\n<p class=\"\" data-start=\"643\" data-end=\"995\">Fabriqu\u00e9 \u00e0 partir de mat\u00e9riaux r\u00e9sistants et non toxiques, le tourbillon est con\u00e7u pour tourner de mani\u00e8re fluide et silencieuse, sans friction excessive, tout en assurant une performance optimale au quotidien.<\/p>\n<p class=\"\" data-start=\"643\" data-end=\"995\">Compact, l\u00e9ger et durable, il est facilement rempla\u00e7able et constitue une pi\u00e8ce essentielle pour garantir l\u2019efficacit\u00e9 du syst\u00e8me MAYU Swirl.<\/p>\n","protected":false},"excerpt":{"rendered":"<p class=\"\" data-start=\"1033\" data-end=\"1196\">Pi\u00e8ce magn\u00e9tique essentielle du syst\u00e8me MAYU Swirl, le <strong>Tourbillon MAYU<\/strong> g\u00e9n\u00e8re le mouvement en vortex qui restructure et oxyg\u00e8ne l\u2019eau. Discret, durable et efficace.<\/p>\n","protected":false},"featured_media":7258,"template":"","meta":{"_acf_changed":false,"_monsterinsights_skip_tracking":false,"_monsterinsights_sitenote_active":false,"_monsterinsights_sitenote_note":"","_monsterinsights_sitenote_category":0},"product_brand":[181],"product_cat":[113],"product_tag":[130],"class_list":{"0":"post-7255","1":"product","2":"type-product","3":"status-publish","4":"has-post-thumbnail","6":"product_brand-mayu","7":"product_cat-pieces-de-rechange","8":"product_tag-mayu","10":"first","11":"instock","12":"taxable","13":"shipping-taxable","14":"purchasable","15":"product-type-simple"},"acf":[],"_links":{"self":[{"href":"https:\/\/aquahealthproducts.com\/fr\/wp-json\/wp\/v2\/product\/7255","targetHints":{"allow":["GET"]}}],"collection":[{"href":"https:\/\/aquahealthproducts.com\/fr\/wp-json\/wp\/v2\/product"}],"about":[{"href":"https:\/\/aquahealthproducts.com\/fr\/wp-json\/wp\/v2\/types\/product"}],"wp:featuredmedia":[{"embeddable":true,"href":"https:\/\/aquahealthproducts.com\/fr\/wp-json\/wp\/v2\/media\/7258"}],"wp:attachment":[{"href":"https:\/\/aquahealthproducts.com\/fr\/wp-json\/wp\/v2\/media?parent=7255"}],"wp:term":[{"taxonomy":"product_brand","embeddable":true,"href":"https:\/\/aquahealthproducts.com\/fr\/wp-json\/wp\/v2\/product_brand?post=7255"},{"taxonomy":"product_cat","embeddable":true,"href":"https:\/\/aquahealthproducts.com\/fr\/wp-json\/wp\/v2\/product_cat?post=7255"},{"taxonomy":"product_tag","embeddable":true,"href":"https:\/\/aquahealthproducts.com\/fr\/wp-json\/wp\/v2\/product_tag?post=7255"}],"curies":[{"name":"wp","href":"https:\/\/api.w.org\/{rel}","templated":true}]}}